{"id":117,"date":"2025-12-22T00:02:30","date_gmt":"2025-12-22T00:02:30","guid":{"rendered":"https:\/\/mehmetsalihboga.com\/?page_id=117"},"modified":"2025-12-28T20:39:52","modified_gmt":"2025-12-28T20:39:52","slug":"erektil-disfonksiyon-sertlesme-sorunu","status":"publish","type":"page","link":"https:\/\/mehmetsalihboga.com\/index.php\/erektil-disfonksiyon-sertlesme-sorunu\/","title":{"rendered":"Erektil Disfonksiyon (Sertles\u0327me Sorunu)"},"content":{"rendered":"\n<div class=\"wp-block-group alignfull has-accent-background-color has-background has-global-padding is-layout-constrained wp-container-core-group-is-layout-669513ed wp-block-group-is-layout-constrained\" style=\"margin-top:0;margin-bottom:0;padding-top:var(--wp--preset--spacing--50);padding-right:var(--wp--preset--spacing--50);padding-bottom:var(--wp--preset--spacing--50);padding-left:var(--wp--preset--spacing--50)\">\n<div class=\"wp-block-columns alignwide is-layout-flex wp-container-core-columns-is-layout-1da03c2a wp-block-columns-is-layout-flex\">\n<div class=\"wp-block-column is-vertically-aligned-stretch is-layout-flow wp-block-column-is-layout-flow\" style=\"flex-basis:50%\">\n<div class=\"wp-block-group is-vertical is-content-justification-stretch is-layout-flex wp-container-core-group-is-layout-444d5ee8 wp-block-group-is-layout-flex\" style=\"min-height:100%\">\n<p class=\"has-text-align-left has-heading-font-family has-x-large-font-size\" style=\"line-height:1.2\"><strong><strong>Sertle\u015fme Bozuklu\u011fu (Erektil Disfonksiyon) \u0130\u00e7in G\u00fcncel Tedavi Yakla\u015f\u0131mlar\u0131<\/strong><\/strong><\/p>\n\n\n\n<div class=\"wp-block-group has-global-padding is-content-justification-left is-layout-constrained wp-container-core-group-is-layout-9fe8ed88 wp-block-group-is-layout-constrained\">\n<p class=\"has-text-align-center\"><br>Son zamanlarda sertle\u015fme sorunu veya erektil disfonksiyon i\u00e7in devaml\u0131 ve kal\u0131c\u0131 tedaviler geli\u015ftirildi. \u0130la\u00e7 tedavileri, \u015eok Dalga Tedavisi (ESWT), Penise PRP ve Penis Protezi Uygulamalar\u0131, hijyen sa\u011flanm\u0131\u015f muayenehanelerde ger\u00e7ekle\u015ftirilir ve hastan\u0131n \u00f6zel bilgileri korunur.<br><br>Erektil disfonksiyon veya iktidars\u0131zl\u0131k olarak da bilinen bu durum, bir ki\u015finin cinsel birle\u015fmede ger\u00e7ekle\u015fmesi gereken ya da tatmin edici sertle\u015fmeyi ger\u00e7ekle\u015ftiremedi\u011fi durumdur.<\/p>\n\n\n\n<p class=\"has-text-align-left\"><\/p>\n\n\n\n<div class=\"wp-block-buttons is-layout-flex wp-block-buttons-is-layout-flex\"><\/div>\n<\/div>\n<\/div>\n<\/div>\n\n\n\n<div class=\"wp-block-column is-vertically-aligned-center is-layout-flow wp-block-column-is-layout-flow\" style=\"flex-basis:50%\">\n<figure class=\"wp-block-image size-full is-style-rounded is-style-rounded--1\"><img loading=\"lazy\" decoding=\"async\" width=\"478\" height=\"478\" src=\"https:\/\/mehmetsalihboga.com\/wp-content\/uploads\/2025\/12\/1-Sertlesme-Bozuklugu-Erektil-Disfonksiyon-Icin-Guncel-Tedavi-Yaklasimlari.jpg\" alt=\"\" class=\"wp-image-120\" style=\"aspect-ratio:3\/4;object-fit:cover\" srcset=\"https:\/\/mehmetsalihboga.com\/wp-content\/uploads\/2025\/12\/1-Sertlesme-Bozuklugu-Erektil-Disfonksiyon-Icin-Guncel-Tedavi-Yaklasimlari.jpg 478w, https:\/\/mehmetsalihboga.com\/wp-content\/uploads\/2025\/12\/1-Sertlesme-Bozuklugu-Erektil-Disfonksiyon-Icin-Guncel-Tedavi-Yaklasimlari-300x300.jpg 300w, https:\/\/mehmetsalihboga.com\/wp-content\/uploads\/2025\/12\/1-Sertlesme-Bozuklugu-Erektil-Disfonksiyon-Icin-Guncel-Tedavi-Yaklasimlari-150x150.jpg 150w\" sizes=\"auto, (max-width: 478px) 100vw, 478px\" \/><\/figure>\n<\/div>\n<\/div>\n<\/div>\n\n\n\n<div class=\"wp-block-group alignfull has-base-2-background-color has-background has-global-padding is-layout-constrained wp-container-core-group-is-layout-669513ed wp-block-group-is-layout-constrained\" style=\"margin-top:0;margin-bottom:0;padding-top:var(--wp--preset--spacing--50);padding-right:var(--wp--preset--spacing--50);padding-bottom:var(--wp--preset--spacing--50);padding-left:var(--wp--preset--spacing--50)\">\n<div class=\"wp-block-group is-vertical is-content-justification-center is-layout-flex wp-container-core-group-is-layout-ce155fab wp-block-group-is-layout-flex\">\n<h2 class=\"wp-block-heading has-text-align-center has-xx-large-font-size\"><strong><strong><strong><strong>Ereksiyon (Sertle\u015fme) Mekanizmas\u0131<\/strong><\/strong><\/strong><\/strong><\/h2>\n\n\n\n<p class=\"has-text-align-center\">Cinsel uyar\u0131lma ve sinirsel uyar\u0131lar sonucunda penise kan ak\u0131\u015f\u0131n\u0131 sa\u011flayan damarlar geni\u015fler ve kan\u0131 toplayan damarlar kapan\u0131r. Penis kanla doldu\u011fu i\u00e7in birlikte sertle\u015fme olur. Hormonal, sinirsel, damarsal ve penise ait dokular\u0131n sa\u011fl\u0131kl\u0131 bir \u015fekilde \u00e7al\u0131\u015fmas\u0131 gerekir.<\/p>\n\n\n\n<p class=\"has-text-align-center\">D\u00fcnya \u00e7ap\u0131nda yap\u0131lan kapsaml\u0131 bir \u00e7al\u0131\u015fma olan Massachusetts Erkek Ya\u015flanma \u00c7al\u0131\u015fmas\u0131, 65 ya\u015f ve \u00fcst\u00fc erkeklerin %52&#8217;sinin erektil disfonksiyona sahip oldu\u011funu ortaya koydu. \u00dclkemizde yap\u0131lan bir ara\u015ft\u0131rmaya g\u00f6re bu ya\u015f grubunun %69&#8217;u sertle\u015fme sorunu ya\u015fad\u0131. D\u00fcnya \u00e7ap\u0131nda, 20 ila 70 ya\u015f aral\u0131\u011f\u0131ndaki erkeklerin %16&#8217;s\u0131n\u0131n ereksiyon sorunlar\u0131 ya\u015fad\u0131\u011f\u0131 tahmin ediliyor. 2025 y\u0131l\u0131na kadar d\u00fcnya \u00e7ap\u0131nda 322 milyon sertle\u015fme sorunu ya\u015fayan erkek olaca\u011f\u0131 tahmin ediliyor.<\/p>\n<\/div>\n\n\n\n<div style=\"height:100px\" aria-hidden=\"true\" class=\"wp-block-spacer\"><\/div>\n\n\n\n<div style=\"height:var(--wp--preset--spacing--30)\" aria-hidden=\"true\" class=\"wp-block-spacer\"><\/div>\n\n\n\n<div class=\"wp-block-group alignfull has-accent-5-background-color has-background has-global-padding is-layout-constrained wp-container-core-group-is-layout-d89aad35 wp-block-group-is-layout-constrained\" style=\"margin-top:0;margin-bottom:0;padding-top:var(--wp--preset--spacing--50);padding-right:var(--wp--preset--spacing--50);padding-bottom:var(--wp--preset--spacing--50);padding-left:var(--wp--preset--spacing--50)\">\n<div class=\"wp-block-columns alignwide is-layout-flex wp-container-core-columns-is-layout-1da03c2a wp-block-columns-is-layout-flex\">\n<div class=\"wp-block-column is-vertically-aligned-center is-layout-flow wp-block-column-is-layout-flow\" style=\"flex-basis:60%\">\n<figure class=\"wp-block-gallery aligncenter has-nested-images columns-default is-cropped wp-block-gallery-2 is-layout-flex wp-block-gallery-is-layout-flex\">\n<figure class=\"wp-block-image size-full\"><img loading=\"lazy\" decoding=\"async\" width=\"140\" height=\"204\" data-id=\"197\" src=\"https:\/\/mehmetsalihboga.com\/wp-content\/uploads\/2025\/12\/3-Erektil-Disfonksiyon-Nedenleri-5.jpg\" alt=\"\" class=\"wp-image-197\"\/><\/figure>\n<\/figure>\n<\/div>\n\n\n\n<div class=\"wp-block-column is-layout-flow wp-block-column-is-layout-flow\" style=\"flex-basis:40%\">\n<h2 class=\"wp-block-heading has-text-align-center\"><strong><strong><strong><strong><strong>Erektil Disfonksiyon Nedenleri<\/strong><\/strong><\/strong><\/strong><\/strong><\/h2>\n\n\n\n<p class=\"has-text-align-center\">\u00c7ok say\u0131da fakt\u00f6r ereksiyonu etkiler. Bununla birlikte, temel olarak organik veya psikojenik olabilir. Damarsal, hormonal, sinirsel veya penis dokusundaki de\u011fi\u015fiklikler organik nedenlerdir. Altta yatan nedenin tam olarak belirlenmesi ise etkili bir tedavi uygulanabilmesi i\u00e7in gereklidir.<br><br>Kardiyovask\u00fcler hastal\u0131klar, hipertansiyon, diyabet (DM), hiperlipidemi, sigara, radyoterapi ve vask\u00fcler bozukluklar (arteryal yetmezlik, ven\u00f6z ka\u00e7ak disfonksiyon, penil ven\u00f6z ka\u00e7ak tedavisi gibi) damarsal (vask\u00fcler) sebeplerdir.<br><br>N\u00f6rojenik (sinirsel) nedenler: Parkinson, multiple skleroz, inme, beyin t\u00fcm\u00f6rleri, spinal kord travmas\u0131 ve t\u00fcm\u00f6rleri, diyabet, b\u00f6brek yetmezli\u011fi, polin\u00f6ropati, ge\u00e7irilmi\u015f cerrahiler<\/p>\n\n\n\n<p class=\"has-text-align-center\">Penis Hastal\u0131klar\u0131: Do\u011fu\u015ftan gelen penis bozukluklar\u0131 (hipospadias, epispadis, mikropenis), peyronie hastal\u0131\u011f\u0131, penis kanseri vb.<br><br>Hormonal sebepler: Baz\u0131 hormonlar\u0131n eksikli\u011fi veya tiroid bezinin az veya fazla \u00e7al\u0131\u015fmas\u0131 ereksiyon bozuklu\u011funa neden olabilir.<br><br>\u0130la\u00e7lar: Baz\u0131 tansiyon ila\u00e7lar\u0131 ve hormonlar\u0131, kan bas\u0131nc\u0131n\u0131 ve sinirsel uyar\u0131m\u0131 etkileyen ila\u00e7lar iktidars\u0131zl\u0131\u011fa ve cinsel fonksiyon bozuklu\u011funa neden olabilir.<br><br>Psikolojik: Stresli ya\u015fam tarz\u0131, endi\u015feleri, i\u015f, aile ve \u00e7evre ile ilgili sorunlar, cinsel ya\u015famlar\u0131n\u0131 ve ereksiyonlar\u0131n\u0131 etkileyebilmektedir.<\/p>\n\n\n\n<div class=\"wp-block-buttons is-layout-flex wp-block-buttons-is-layout-flex\"><\/div>\n<\/div>\n<\/div>\n<\/div>\n<\/div>\n\n\n\n<div style=\"height:100px\" aria-hidden=\"true\" class=\"wp-block-spacer\"><\/div>\n\n\n\n<div class=\"wp-block-columns alignwide are-vertically-aligned-center is-layout-flex wp-container-core-columns-is-layout-47c06fe3 wp-block-columns-is-layout-flex\">\n<div class=\"wp-block-column is-vertically-aligned-center is-layout-flow wp-block-column-is-layout-flow\" style=\"flex-basis:50%\">\n<h2 class=\"wp-block-heading has-text-align-center\"><strong><strong>Sertle\u015fme Sorunu Nas\u0131l Belirlenir?<\/strong><\/strong><\/h2>\n\n\n\n<p class=\"has-text-align-center is-style-checkmark-list\">Anamnez ve Fizik Muayene: Hasta ve partneri ayr\u0131nt\u0131l\u0131 bir \u015fekilde sorgulanmal\u0131 ve medikal sorunlar\u0131 ara\u015ft\u0131r\u0131lmal\u0131d\u0131r. Her hasta genital, \u00fcriner, hormonal, vask\u00fcler ve n\u00f6rolojik hastal\u0131klar\u0131na ili\u015fkin kapsaml\u0131 bir muayeneden ge\u00e7melidir.<\/p>\n\n\n\n<p class=\"has-text-align-center\">Laboratuvar Testleri: Erektil disfonksiyon \u00f6n tan\u0131s\u0131 ile de\u011ferlendirilen hastalarda, tam idrar tahlili, tam kan say\u0131m\u0131, kreatinin, a\u00e7l\u0131k kan \u015fekeri veya glikolize hemoglobin, karaci\u011fer fonksiyon testleri ve serum lipid profili \u00f6l\u00e7\u00fclmelidir.<\/p>\n\n\n\n<p class=\"has-text-align-center is-style-checkmark-list\">Spesifik Tan\u0131sal Testler: Nokturnal Penil T\u00fcmesans Testi (NPT), Vask\u00fcler Testler (Penil Doppler, Kavernosometri, Arteriografi) ve bir dizi n\u00f6rolojik test kullan\u0131l\u0131r.<\/p>\n<\/div>\n\n\n\n<div class=\"wp-block-column is-vertically-aligned-center is-layout-flow wp-block-column-is-layout-flow\" style=\"flex-basis:50%\">\n<figure class=\"wp-block-image size-full is-style-rounded is-style-rounded--3\"><img loading=\"lazy\" decoding=\"async\" width=\"514\" height=\"342\" src=\"https:\/\/mehmetsalihboga.com\/wp-content\/uploads\/2025\/12\/2-Ereksiyon-Sertlesme-Mekanizmasi-1.jpg\" alt=\"\" class=\"wp-image-124\" style=\"aspect-ratio:4\/3;object-fit:cover\" srcset=\"https:\/\/mehmetsalihboga.com\/wp-content\/uploads\/2025\/12\/2-Ereksiyon-Sertlesme-Mekanizmasi-1.jpg 514w, https:\/\/mehmetsalihboga.com\/wp-content\/uploads\/2025\/12\/2-Ereksiyon-Sertlesme-Mekanizmasi-1-300x200.jpg 300w\" sizes=\"auto, (max-width: 514px) 100vw, 514px\" \/><\/figure>\n<\/div>\n<\/div>\n\n\n\n<div style=\"height:100px\" aria-hidden=\"true\" class=\"wp-block-spacer\"><\/div>\n\n\n\n<div class=\"wp-block-group alignfull has-base-2-background-color has-background has-global-padding is-layout-constrained wp-container-core-group-is-layout-669513ed wp-block-group-is-layout-constrained\" style=\"margin-top:0;margin-bottom:0;padding-top:var(--wp--preset--spacing--50);padding-right:var(--wp--preset--spacing--50);padding-bottom:var(--wp--preset--spacing--50);padding-left:var(--wp--preset--spacing--50)\">\n<div class=\"wp-block-group is-vertical is-content-justification-center is-layout-flex wp-container-core-group-is-layout-ce155fab wp-block-group-is-layout-flex\">\n<h2 class=\"wp-block-heading has-text-align-center has-xx-large-font-size\"><strong><strong><strong>\u0130ktidars\u0131zl\u0131kla Ba\u015fa \u00c7\u0131kman\u0131n Y\u00f6ntemleri<\/strong><\/strong><\/strong><\/h2>\n\n\n\n<p class=\"has-text-align-center\">Ya\u015fam Tarz\u0131 De\u011fi\u015fiklikleri ve Risk Fakt\u00f6rlerinin Belirlenmesi: Sigaray\u0131 b\u0131rakmak, daha az alkol i\u00e7mek ve d\u00fczenli olarak egzersiz yapmak en \u00f6nemli tavsiyelerdir. Bununla birlikte, daha az \u015feker, tuz ve ya\u011fl\u0131 yiyeceklerle beslenmek, hem cinsel performans\u0131 hem de genel sa\u011fl\u0131k ve ya\u015fam kalitesini iyile\u015ftirecektir.<\/p>\n\n\n\n<p class=\"has-text-align-center\"><\/p>\n<\/div>\n\n\n\n<div class=\"wp-block-group is-vertical is-content-justification-center is-layout-flex wp-container-core-group-is-layout-ce155fab wp-block-group-is-layout-flex\">\n<h2 class=\"wp-block-heading has-text-align-center has-xx-large-font-size\"><strong><strong><strong><strong>Birinci Basamak Tedavi Y\u00f6ntemleri<\/strong><\/strong><\/strong><\/strong><\/h2>\n\n\n\n<p class=\"has-text-align-center\">A\u011f\u0131zdan \u0130la\u00e7 Tedavisi: Fosfodiesteraz 5 inhibit\u00f6r\u00fc (PDE-5) ila\u00e7lar\u0131, erektil disfonksiyon i\u00e7in \u00f6nerilen ilk tedavidir. Bu ila\u00e7lar, penis damarlar\u0131n\u0131 geni\u015fletir ve kan ak\u0131m\u0131n\u0131 art\u0131r\u0131r. Burun t\u0131kan\u0131kl\u0131\u011f\u0131, ba\u015f a\u011fr\u0131s\u0131, mide yanmas\u0131, y\u00fcz k\u0131zar\u0131kl\u0131\u011f\u0131, ge\u00e7ici g\u00f6rme bozuklu\u011fu ve uyu\u015fukluk, PDE-5 inhibit\u00f6rlerinin ba\u015fl\u0131ca yan etkileridir. Nitrat i\u00e7eren ila\u00e7 kullanan hastalarda, PDE-5 inhibit\u00f6rlerinin uygulanmas\u0131n\u0131n ani kan bas\u0131nc\u0131 d\u00fc\u015f\u00fckl\u00fc\u011f\u00fcne neden olabilece\u011fi g\u00f6z ard\u0131 edilmemelidir. Bu ila\u00e7lar\u0131n kardiyovask\u00fcler ve sistemik yan etkileri nedeniyle tedaviden \u00f6nce doktor kontrol\u00fc gereklidir.<\/p>\n\n\n\n<p class=\"has-text-align-center\">ESWT olarak da bilinen D\u00fc\u015f\u00fck Yo\u011funluklu \u015eok Dalga Tedavisi, d\u00fc\u015f\u00fck yo\u011funluklu ses dalgalar\u0131yla birlikte peniste doku yenilenmesi ve yeni damarlar\u0131n olu\u015fumu yoluyla sertle\u015fme sorununa kal\u0131c\u0131 bir \u00e7\u00f6z\u00fcm sa\u011flar. \u0130\u015flem anesteziye ihtiya\u00e7 duymadan yap\u0131lmaktad\u0131r ve poliklinik ko\u015fullar\u0131nda 20&#8217;\u015fer dakikal\u0131k alt\u0131 seans halinde yap\u0131lmaktad\u0131r. Hasta, operasyondan sonra g\u00fcnl\u00fck ya\u015fam\u0131na devam edebilir. Bu i\u015flem, hastalar\u0131n %70-80&#8217;inde ba\u015far\u0131l\u0131 sonu\u00e7lar sa\u011flar. Avrupa \u00dcroloji Derne\u011fi K\u0131lavuzlar\u0131nda 1. s\u0131rada \u00f6nerilen tedavi y\u00f6ntemleri aras\u0131nda yer al\u0131yor \u00e7\u00fcnk\u00fc g\u00fcvenli ve etkilidir.<\/p>\n\n\n\n<p class=\"has-text-align-center\">Vakum Cihazlar\u0131: Penis \u00fczerine yerle\u015ftirilen silindir \u015feklindeki cihazlar, negatif bas\u0131n\u00e7 olu\u015fturarak kan\u0131 penis i\u00e7inde toplayarak ereksiyonu sa\u011flarlar. Ereksiyon bozukluklar\u0131n\u0131n tedavisinde etkili ve g\u00fcvenlidir. Vakumdan sonra penis k\u00f6k\u00fcne s\u0131kma halkas\u0131n\u0131n 30 dakikay\u0131 a\u015fk\u0131n s\u00fcreli kullan\u0131lmas\u0131 tavsiye edilmez. Aksi takdirde peniste uyu\u015fma ve his kayb\u0131 gibi istenmeyen sonu\u00e7lar ortaya \u00e7\u0131kabilir.<\/p>\n\n\n\n<p class=\"has-text-align-center\"><\/p>\n<\/div>\n\n\n\n<div style=\"height:100px\" aria-hidden=\"true\" class=\"wp-block-spacer\"><\/div>\n\n\n\n<div style=\"height:var(--wp--preset--spacing--30)\" aria-hidden=\"true\" class=\"wp-block-spacer\"><\/div>\n\n\n\n<div class=\"wp-block-group alignfull has-accent-5-background-color has-background has-global-padding is-layout-constrained wp-container-core-group-is-layout-d89aad35 wp-block-group-is-layout-constrained\" style=\"margin-top:0;margin-bottom:0;padding-top:var(--wp--preset--spacing--50);padding-right:var(--wp--preset--spacing--50);padding-bottom:var(--wp--preset--spacing--50);padding-left:var(--wp--preset--spacing--50)\">\n<div class=\"wp-block-columns alignwide is-layout-flex wp-container-core-columns-is-layout-1da03c2a wp-block-columns-is-layout-flex\">\n<div class=\"wp-block-column is-vertically-aligned-center is-layout-flow wp-block-column-is-layout-flow\" style=\"flex-basis:60%\">\n<figure class=\"wp-block-image aligncenter size-full is-style-rounded wp-duotone-duotone-1 is-style-rounded--4\"><img loading=\"lazy\" decoding=\"async\" width=\"675\" height=\"675\" src=\"https:\/\/mehmetsalihboga.com\/wp-content\/uploads\/2025\/12\/4-Birinci-Basamak-Tedavi-Yontemleri.jpg\" alt=\"\" class=\"wp-image-125\" style=\"aspect-ratio:4\/3;object-fit:cover\" srcset=\"https:\/\/mehmetsalihboga.com\/wp-content\/uploads\/2025\/12\/4-Birinci-Basamak-Tedavi-Yontemleri.jpg 675w, https:\/\/mehmetsalihboga.com\/wp-content\/uploads\/2025\/12\/4-Birinci-Basamak-Tedavi-Yontemleri-300x300.jpg 300w, https:\/\/mehmetsalihboga.com\/wp-content\/uploads\/2025\/12\/4-Birinci-Basamak-Tedavi-Yontemleri-150x150.jpg 150w\" sizes=\"auto, (max-width: 675px) 100vw, 675px\" \/><\/figure>\n<\/div>\n\n\n\n<div class=\"wp-block-column is-layout-flow wp-block-column-is-layout-flow\" style=\"flex-basis:40%\">\n<h2 class=\"wp-block-heading has-text-align-center\"><strong><strong><strong><strong>\u0130kinci Basamak Tedavi Y\u00f6ntemleri<\/strong><\/strong><\/strong><\/strong><\/h2>\n\n\n\n<p class=\"has-text-align-center\">\u0130ntrakavernozal Enjeksiyonlar: Vask\u00fcler, sinirsel ya da zihinsel nedenlerle meydana gelen ereksiyon bozuklu\u011fu i\u00e7in etkili bir tedavi y\u00f6ntemidir. Hastan\u0131n kendi penisine ince u\u00e7lu bir enjekt\u00f6r kullanarak ila\u00e7 enjekte etmesi temelini olu\u015fturur. Enjekte edilen ila\u00e7, kan damarlar\u0131n\u0131 geni\u015fleterek penisin kanla dolmas\u0131n\u0131 sa\u011flar. Bu, penisin ereksiyon haline gelmesine yard\u0131mc\u0131 olur. \u0130la\u00e7 uygulanan b\u00f6lgede fibrozis en yayg\u0131n yan etkidir. Enjeksiyon sonras\u0131 hipertansiyon ve ba\u015f d\u00f6nmesi en az g\u00f6r\u00fcl\u00fcr. \u0130la\u00e7 kullan\u0131m\u0131 sonras\u0131 d\u00f6rt saat i\u00e7inde ereksiyon gerilemezse bu duruma priapizm ad\u0131 verilir. Acil m\u00fcdahale gereklidir.<\/p>\n\n\n\n<div class=\"wp-block-buttons is-layout-flex wp-block-buttons-is-layout-flex\"><\/div>\n<\/div>\n<\/div>\n<\/div>\n<\/div>\n\n\n\n<div class=\"wp-block-group alignfull has-global-padding is-layout-constrained wp-container-core-group-is-layout-d89aad35 wp-block-group-is-layout-constrained\" style=\"margin-top:0;margin-bottom:0;padding-top:var(--wp--preset--spacing--50);padding-right:var(--wp--preset--spacing--50);padding-bottom:var(--wp--preset--spacing--50);padding-left:var(--wp--preset--spacing--50)\">\n<div class=\"wp-block-columns alignwide are-vertically-aligned-center is-layout-flex wp-container-core-columns-is-layout-47c06fe3 wp-block-columns-is-layout-flex\">\n<div class=\"wp-block-column is-vertically-aligned-center is-layout-flow wp-block-column-is-layout-flow\" style=\"flex-basis:50%\">\n<h2 class=\"wp-block-heading has-text-align-center\"><strong><strong>\u00dc\u00e7\u00fcnc\u00fc Basamak Tedavi Y\u00f6ntemleri<\/strong><\/strong><\/h2>\n\n\n\n<p class=\"has-text-align-center is-style-checkmark-list\">Penis Protezleri: Penisi sertle\u015ftiren kavern\u00f6z yap\u0131lar olarak bilinen dokular\u0131n i\u00e7lerine ameliyatla yerle\u015ftirilen silikon ala\u015f\u0131ml\u0131 implantlard\u0131r. B\u00fck\u00fclebilir ve \u015fi\u015firilebilir olarak iki kategoriye ayr\u0131l\u0131r.<br><br>Genel olarak, sertle\u015fme sorunu ya\u015fayan organik k\u00f6kenli hastalara uygulan\u0131r. Bu, sertle\u015fme sorununa farkl\u0131 tedavilerin yeterince yan\u0131t vermedi\u011fi ve hastalar\u0131n beklentileri kar\u015f\u0131lamad\u0131\u011f\u0131 durumlarda ger\u00e7ekle\u015ftirilir.<br><br>En b\u00fcy\u00fck avantajlar, hastalar\u0131n bundan sonraki cinsel ya\u015famlar\u0131nda bir daha sertle\u015fme sorunu ya\u015famayacak olmalar\u0131 ve ya\u015fland\u0131\u011f\u0131nda performanslar\u0131nda ayn\u0131 \u015fekilde sorun ya\u015famayacak olmalar\u0131d\u0131r.<\/p>\n\n\n\n<p class=\"is-style-checkmark-list\"><\/p>\n<\/div>\n\n\n\n<div class=\"wp-block-column is-vertically-aligned-center is-layout-flow wp-block-column-is-layout-flow\" style=\"flex-basis:50%\">\n<figure class=\"wp-block-image size-full is-resized is-style-rounded is-style-rounded--5\"><img loading=\"lazy\" decoding=\"async\" width=\"356\" height=\"222\" src=\"https:\/\/mehmetsalihboga.com\/wp-content\/uploads\/2025\/12\/5-Ikinci-Basamak-Tedavi-Yontemleri.jpg\" alt=\"\" class=\"wp-image-126\" style=\"aspect-ratio:1.3333333333333333;object-fit:cover;width:451px;height:auto\" srcset=\"https:\/\/mehmetsalihboga.com\/wp-content\/uploads\/2025\/12\/5-Ikinci-Basamak-Tedavi-Yontemleri.jpg 356w, https:\/\/mehmetsalihboga.com\/wp-content\/uploads\/2025\/12\/5-Ikinci-Basamak-Tedavi-Yontemleri-300x187.jpg 300w\" sizes=\"auto, (max-width: 356px) 100vw, 356px\" \/><\/figure>\n<\/div>\n<\/div>\n<\/div>\n\n\n\n<p><\/p>\n","protected":false},"excerpt":{"rendered":"<p>Sertle\u015fme Bozuklu\u011fu (Erektil Disfonksiyon) \u0130\u00e7in G\u00fcncel Tedavi Yakla\u015f\u0131mlar\u0131 Son zamanlarda sertle\u015fme sorunu veya erektil disfonksiyon i\u00e7in devaml\u0131 ve kal\u0131c\u0131 tedaviler geli\u015ftirildi. \u0130la\u00e7 tedavileri, \u015eok Dalga Tedavisi (ESWT), Penise PRP ve Penis Protezi Uygulamalar\u0131, hijyen sa\u011flanm\u0131\u015f muayenehanelerde ger\u00e7ekle\u015ftirilir ve hastan\u0131n \u00f6zel bilgileri korunur. Erektil disfonksiyon veya iktidars\u0131zl\u0131k olarak da bilinen bu durum, bir ki\u015finin cinsel birle\u015fmede [&hellip;]<\/p>\n","protected":false},"author":1,"featured_media":0,"parent":0,"menu_order":0,"comment_status":"closed","ping_status":"closed","template":"","meta":{"footnotes":""},"class_list":["post-117","page","type-page","status-publish","hentry"],"_links":{"self":[{"href":"https:\/\/mehmetsalihboga.com\/index.php\/wp-json\/wp\/v2\/pages\/117","targetHints":{"allow":["GET"]}}],"collection":[{"href":"https:\/\/mehmetsalihboga.com\/index.php\/wp-json\/wp\/v2\/pages"}],"about":[{"href":"https:\/\/mehmetsalihboga.com\/index.php\/wp-json\/wp\/v2\/types\/page"}],"author":[{"embeddable":true,"href":"https:\/\/mehmetsalihboga.com\/index.php\/wp-json\/wp\/v2\/users\/1"}],"replies":[{"embeddable":true,"href":"https:\/\/mehmetsalihboga.com\/index.php\/wp-json\/wp\/v2\/comments?post=117"}],"version-history":[{"count":3,"href":"https:\/\/mehmetsalihboga.com\/index.php\/wp-json\/wp\/v2\/pages\/117\/revisions"}],"predecessor-version":[{"id":198,"href":"https:\/\/mehmetsalihboga.com\/index.php\/wp-json\/wp\/v2\/pages\/117\/revisions\/198"}],"wp:attachment":[{"href":"https:\/\/mehmetsalihboga.com\/index.php\/wp-json\/wp\/v2\/media?parent=117"}],"curies":[{"name":"wp","href":"https:\/\/api.w.org\/{rel}","templated":true}]}}