{"id":133,"date":"2025-12-28T09:58:12","date_gmt":"2025-12-28T09:58:12","guid":{"rendered":"https:\/\/mehmetsalihboga.com\/?page_id=133"},"modified":"2025-12-28T21:07:36","modified_gmt":"2025-12-28T21:07:36","slug":"genital-sigil-tedavisi","status":"publish","type":"page","link":"https:\/\/mehmetsalihboga.com\/index.php\/genital-sigil-tedavisi\/","title":{"rendered":"Genital Si\u011fil Tedavisi"},"content":{"rendered":"\n<div class=\"wp-block-group alignfull has-accent-background-color has-background has-global-padding is-layout-constrained wp-container-core-group-is-layout-669513ed wp-block-group-is-layout-constrained\" style=\"margin-top:0;margin-bottom:0;padding-top:var(--wp--preset--spacing--50);padding-right:var(--wp--preset--spacing--50);padding-bottom:var(--wp--preset--spacing--50);padding-left:var(--wp--preset--spacing--50)\">\n<div class=\"wp-block-columns alignwide is-layout-flex wp-container-core-columns-is-layout-1da03c2a wp-block-columns-is-layout-flex\">\n<div class=\"wp-block-column is-vertically-aligned-stretch is-layout-flow wp-block-column-is-layout-flow\" style=\"flex-basis:50%\">\n<div class=\"wp-block-group is-vertical is-content-justification-stretch is-layout-flex wp-container-core-group-is-layout-444d5ee8 wp-block-group-is-layout-flex\" style=\"min-height:100%\">\n<p class=\"has-text-align-left has-heading-font-family has-x-large-font-size\" style=\"line-height:1.2\"><strong><strong>HPV Nedir ?<\/strong><\/strong><\/p>\n\n\n\n<div class=\"wp-block-group has-global-padding is-content-justification-left is-layout-constrained wp-container-core-group-is-layout-9fe8ed88 wp-block-group-is-layout-constrained\">\n<p class=\"has-text-align-center\">D\u00fcnya \u00e7ap\u0131nda ve \u00fclkemizde cinsel yolla bula\u015fan en yayg\u0131n hastal\u0131k grubu, erkeklerde ve kad\u0131nlarda g\u00f6r\u00fclen &#8220;genital si\u011filler (kondilom)&#8221; i\u00e7in etken olan HPV&#8217;dir. HPV&#8217;nin yakla\u015f\u0131k 30 farkl\u0131 tipi genital b\u00f6lgeyi etkiler; ancak HPV Tip 6 ve 11 si\u011fillere en s\u0131k &nbsp;neden olan tiptir. HPV ile ili\u015fkili kanserlerden (serviks, penis ve anal kanserler) sorumlu olanlar en \u00e7ok Tip 16 ve 18 gibi sessiz seyreden tiplerdir.<\/p>\n\n\n\n<div class=\"wp-block-buttons is-layout-flex wp-block-buttons-is-layout-flex\"><\/div>\n<\/div>\n<\/div>\n<\/div>\n\n\n\n<div class=\"wp-block-column is-vertically-aligned-center is-layout-flow wp-block-column-is-layout-flow\" style=\"flex-basis:50%\">\n<figure class=\"wp-block-image size-full is-resized is-style-rounded is-style-rounded--1\"><img loading=\"lazy\" decoding=\"async\" width=\"403\" height=\"403\" src=\"https:\/\/mehmetsalihboga.com\/wp-content\/uploads\/2025\/12\/1-HPV-Nedir.jpg\" alt=\"\" class=\"wp-image-238\" style=\"aspect-ratio:0.75;object-fit:cover;width:470px;height:auto\" srcset=\"https:\/\/mehmetsalihboga.com\/wp-content\/uploads\/2025\/12\/1-HPV-Nedir.jpg 403w, https:\/\/mehmetsalihboga.com\/wp-content\/uploads\/2025\/12\/1-HPV-Nedir-300x300.jpg 300w, https:\/\/mehmetsalihboga.com\/wp-content\/uploads\/2025\/12\/1-HPV-Nedir-150x150.jpg 150w\" sizes=\"auto, (max-width: 403px) 100vw, 403px\" \/><\/figure>\n<\/div>\n<\/div>\n<\/div>\n\n\n\n<div class=\"wp-block-group alignfull has-base-2-background-color has-background has-global-padding is-layout-constrained wp-container-core-group-is-layout-669513ed wp-block-group-is-layout-constrained\" style=\"margin-top:0;margin-bottom:0;padding-top:var(--wp--preset--spacing--50);padding-right:var(--wp--preset--spacing--50);padding-bottom:var(--wp--preset--spacing--50);padding-left:var(--wp--preset--spacing--50)\">\n<div class=\"wp-block-group is-vertical is-content-justification-center is-layout-flex wp-container-core-group-is-layout-ce155fab wp-block-group-is-layout-flex\">\n<h2 class=\"wp-block-heading has-text-align-center has-xx-large-font-size\"><strong><strong><strong><strong>Nas\u0131l bula\u015f\u0131r?<\/strong><\/strong><\/strong><\/strong><\/h2>\n\n\n\n<p class=\"has-text-align-center\">En yayg\u0131n olarak cinsel temas yoluyla (vajinal, oral veya anal temas)bula\u015f\u0131r; ancak elle temas, ortak jilet veya i\u00e7 \u00e7ama\u015f\u0131r\u0131 kullan\u0131m\u0131, do\u011fum s\u0131ras\u0131nda anneden bebe\u011fe ge\u00e7i\u015f gibi cinsel temas olmadan da bula\u015fabilir. Kondom koruyucu olsa bile cilt temas\u0131 yoluyla bula\u015ft\u0131\u011f\u0131 i\u00e7in tamamen koruyucu de\u011fildir. Bir\u00e7o\u011fu (%70) herhangi bir bulgu g\u00f6stermeden, asemptomatik olarak bilinen sessiz bir \u015fekilde seyreder. Bula\u015f sonras\u0131 lezyonlar\u0131n ortaya \u00e7\u0131kmas\u0131 \u00fc\u00e7 ila sekiz ay s\u00fcrer.<\/p>\n<\/div>\n\n\n\n<div style=\"height:100px\" aria-hidden=\"true\" class=\"wp-block-spacer\"><\/div>\n\n\n\n<div style=\"height:var(--wp--preset--spacing--30)\" aria-hidden=\"true\" class=\"wp-block-spacer\"><\/div>\n\n\n\n<div class=\"wp-block-group alignfull has-accent-5-background-color has-background has-global-padding is-layout-constrained wp-container-core-group-is-layout-d89aad35 wp-block-group-is-layout-constrained\" style=\"margin-top:0;margin-bottom:0;padding-top:var(--wp--preset--spacing--50);padding-right:var(--wp--preset--spacing--50);padding-bottom:var(--wp--preset--spacing--50);padding-left:var(--wp--preset--spacing--50)\">\n<div class=\"wp-block-columns alignwide is-layout-flex wp-container-core-columns-is-layout-1da03c2a wp-block-columns-is-layout-flex\">\n<div class=\"wp-block-column is-vertically-aligned-center is-layout-flow wp-block-column-is-layout-flow\" style=\"flex-basis:60%\">\n<figure class=\"wp-block-image aligncenter size-full is-resized is-style-rounded wp-duotone-duotone-1 is-style-rounded--2\"><img loading=\"lazy\" decoding=\"async\" width=\"513\" height=\"513\" src=\"https:\/\/mehmetsalihboga.com\/wp-content\/uploads\/2025\/12\/2-Tani-nasil-konur.jpg\" alt=\"\" class=\"wp-image-239\" style=\"aspect-ratio:1.3333333333333333;object-fit:cover;width:564px;height:auto\" srcset=\"https:\/\/mehmetsalihboga.com\/wp-content\/uploads\/2025\/12\/2-Tani-nasil-konur.jpg 513w, https:\/\/mehmetsalihboga.com\/wp-content\/uploads\/2025\/12\/2-Tani-nasil-konur-300x300.jpg 300w, https:\/\/mehmetsalihboga.com\/wp-content\/uploads\/2025\/12\/2-Tani-nasil-konur-150x150.jpg 150w\" sizes=\"auto, (max-width: 513px) 100vw, 513px\" \/><\/figure>\n<\/div>\n\n\n\n<div class=\"wp-block-column is-layout-flow wp-block-column-is-layout-flow\" style=\"flex-basis:40%\">\n<h2 class=\"wp-block-heading has-text-align-center\"><strong><strong><strong><strong><strong>Tan\u0131 nas\u0131l konur ?<\/strong><\/strong><\/strong><\/strong><\/strong><\/h2>\n\n\n\n<p class=\"has-text-align-center\">K\u0131rm\u0131z\u0131ms\u0131 ve kahverengi lezyonlarla papillamat\u00f6z (karnabahar g\u00f6r\u00fcn\u00fcm\u00fc) hastal\u0131\u011f\u0131 te\u015fhis edilebilir. Lezyon g\u00f6r\u00fcnmeyen hastalarda %3 ila %5&#8217;lik asetik asit tatbiki ile genital b\u00f6lgede beyaz alanlar g\u00f6r\u00fcl\u00fcr. HPV\u2014DNA&#8217;y\u0131 subtiplendirmek m\u00fcmk\u00fcnd\u00fcr; ancak bu yayg\u0131n olarak kullan\u0131lmaz. Si\u011fillerin rutin biyopsileri de genellikle tavsiye edilmez. Biyopsi, anormal g\u00f6r\u00fcn\u00fcml\u00fc, renkli, sert veya \u00fclsere sahip si\u011fillere, ba\u011f\u0131\u015f\u0131kl\u0131k sistemi bozukluklar\u0131 olan hastalara ve tedavi sonras\u0131 d\u00fczelmeyen yaralara \u00f6nerilir.<\/p>\n\n\n\n<div class=\"wp-block-buttons is-layout-flex wp-block-buttons-is-layout-flex\"><\/div>\n<\/div>\n<\/div>\n<\/div>\n<\/div>\n\n\n\n<div style=\"height:100px\" aria-hidden=\"true\" class=\"wp-block-spacer\"><\/div>\n\n\n\n<div class=\"wp-block-columns alignwide are-vertically-aligned-center is-layout-flex wp-container-core-columns-is-layout-47c06fe3 wp-block-columns-is-layout-flex\">\n<div class=\"wp-block-column is-vertically-aligned-center is-layout-flow wp-block-column-is-layout-flow\" style=\"flex-basis:50%\">\n<h2 class=\"wp-block-heading has-text-align-center\"><strong><strong>HPV Nas\u0131l Tedavi Edilir ?<\/strong><\/strong><\/h2>\n\n\n\n<p class=\"has-text-align-center is-style-checkmark-list\">HPV enfeksiyonunu tamamen ortadan kald\u0131ran bir tedavi yoktur, ancak vir\u00fcslerin y\u00fczde 90&#8217;\u0131 iki y\u0131l i\u00e7inde kendili\u011finden v\u00fccuttan uzakla\u015fabilir. Ba\u011f\u0131\u015f\u0131kl\u0131k sistemi g\u00fc\u00e7lendi\u011finde, vir\u00fcs\u00fcn v\u00fccuttan uzakla\u015ft\u0131r\u0131lma olas\u0131l\u0131\u011f\u0131 da artar. Vir\u00fcs tamamen yok edilemese bile genital si\u011filler \u00e7e\u015fitli y\u00f6ntemlerle tedavi edilebilir. Bu si\u011filler tedavi edilmedi\u011finde k\u00fcmeler halinde b\u00fcy\u00fcy\u00fcp \u00e7o\u011falabilir. Tedavi y\u00f6ntemleri \u015fu \u015fekildedir ;<br><br>Lazer veya koter kullan\u0131larak lezyonun yak\u0131lmas\u0131<br><br>Genital si\u011filin kriyoterapi ile dondurulmas\u0131<br><br>Genital si\u011filin cerrahi olarak \u00e7\u0131kar\u0131lmas\u0131 gibi bir\u00e7ok tedavi se\u00e7ene\u011fi vard\u0131r.<br><br>Kad\u0131nlar serviks kaneri a\u00e7\u0131s\u0131ndan taramaya al\u0131nmal\u0131d\u0131r. Benzer \u015fekilde anal kond\u00fclomu olan riskli hastalar (HIV, transplant vb.) d\u00fczenli olarak anal sitoloji ile taranmal\u0131d\u0131r. Penisin ucundaki idrar deli\u011finde lezyon varsa, idrar kanal\u0131 (\u00fcretra) veya mesane tutulumu i\u00e7in endoskopik bir inceleme yap\u0131lmal\u0131d\u0131r.<\/p>\n<\/div>\n\n\n\n<div class=\"wp-block-column is-vertically-aligned-center is-layout-flow wp-block-column-is-layout-flow\" style=\"flex-basis:50%\">\n<figure class=\"wp-block-image size-full is-resized is-style-rounded is-style-rounded--3\"><img loading=\"lazy\" decoding=\"async\" width=\"154\" height=\"1185\" src=\"https:\/\/mehmetsalihboga.com\/wp-content\/uploads\/2025\/12\/3HPV-Nasil-Tedavi-Edilir.jpg\" alt=\"\" class=\"wp-image-240\" style=\"aspect-ratio:1.3333333333333333;object-fit:cover;width:470px;height:auto\" srcset=\"https:\/\/mehmetsalihboga.com\/wp-content\/uploads\/2025\/12\/3HPV-Nasil-Tedavi-Edilir.jpg 154w, https:\/\/mehmetsalihboga.com\/wp-content\/uploads\/2025\/12\/3HPV-Nasil-Tedavi-Edilir-39x300.jpg 39w, https:\/\/mehmetsalihboga.com\/wp-content\/uploads\/2025\/12\/3HPV-Nasil-Tedavi-Edilir-133x1024.jpg 133w\" sizes=\"auto, (max-width: 154px) 100vw, 154px\" \/><\/figure>\n<\/div>\n<\/div>\n\n\n\n<div style=\"height:100px\" aria-hidden=\"true\" class=\"wp-block-spacer\"><\/div>\n\n\n\n<div class=\"wp-block-group alignfull has-base-2-background-color has-background has-global-padding is-layout-constrained wp-container-core-group-is-layout-669513ed wp-block-group-is-layout-constrained\" style=\"margin-top:0;margin-bottom:0;padding-top:var(--wp--preset--spacing--50);padding-right:var(--wp--preset--spacing--50);padding-bottom:var(--wp--preset--spacing--50);padding-left:var(--wp--preset--spacing--50)\">\n<div class=\"wp-block-group is-vertical is-content-justification-center is-layout-flex wp-container-core-group-is-layout-ce155fab wp-block-group-is-layout-flex\">\n<h2 class=\"wp-block-heading has-text-align-center has-xx-large-font-size\"><strong><strong><strong>HPV a\u015f\u0131s\u0131 kimlere uygulanmal\u0131?<\/strong><\/strong><\/strong><\/h2>\n\n\n\n<p class=\"has-text-align-center\">Genital si\u011fillerden ka\u00e7\u0131nman\u0131n en etkili y\u00f6ntemi \u015f\u00fcphesiz HPV a\u015f\u0131s\u0131d\u0131r. Bu a\u015f\u0131, 9 ila 45 ya\u015f aras\u0131 kad\u0131n ve erkekleri koruyabilir. 15 ya\u015f\u0131ndan k\u00fc\u00e7\u00fcklere iki doz, 15 ya\u015f\u0131ndan b\u00fcy\u00fcklere \u00fc\u00e7 doz a\u015f\u0131 \u00f6nerilir. A\u015f\u0131da dokuz farkl\u0131 tip HPV vir\u00fcs\u00fc bulunur. 6 ay boyunca \u00fc\u00e7 doz uygulan\u0131r.<\/p>\n<\/div>\n\n\n\n<div style=\"height:100px\" aria-hidden=\"true\" class=\"wp-block-spacer\"><\/div>\n\n\n\n<div style=\"height:var(--wp--preset--spacing--30)\" aria-hidden=\"true\" class=\"wp-block-spacer\"><\/div>\n<\/div>\n\n\n\n<p><\/p>\n","protected":false},"excerpt":{"rendered":"<p>HPV Nedir ? D\u00fcnya \u00e7ap\u0131nda ve \u00fclkemizde cinsel yolla bula\u015fan en yayg\u0131n hastal\u0131k grubu, erkeklerde ve kad\u0131nlarda g\u00f6r\u00fclen &#8220;genital si\u011filler (kondilom)&#8221; i\u00e7in etken olan HPV&#8217;dir. HPV&#8217;nin yakla\u015f\u0131k 30 farkl\u0131 tipi genital b\u00f6lgeyi etkiler; ancak HPV Tip 6 ve 11 si\u011fillere en s\u0131k &nbsp;neden olan tiptir. HPV ile ili\u015fkili kanserlerden (serviks, penis ve anal kanserler) sorumlu [&hellip;]<\/p>\n","protected":false},"author":1,"featured_media":0,"parent":0,"menu_order":0,"comment_status":"closed","ping_status":"closed","template":"","meta":{"footnotes":""},"class_list":["post-133","page","type-page","status-publish","hentry"],"_links":{"self":[{"href":"https:\/\/mehmetsalihboga.com\/index.php\/wp-json\/wp\/v2\/pages\/133","targetHints":{"allow":["GET"]}}],"collection":[{"href":"https:\/\/mehmetsalihboga.com\/index.php\/wp-json\/wp\/v2\/pages"}],"about":[{"href":"https:\/\/mehmetsalihboga.com\/index.php\/wp-json\/wp\/v2\/types\/page"}],"author":[{"embeddable":true,"href":"https:\/\/mehmetsalihboga.com\/index.php\/wp-json\/wp\/v2\/users\/1"}],"replies":[{"embeddable":true,"href":"https:\/\/mehmetsalihboga.com\/index.php\/wp-json\/wp\/v2\/comments?post=133"}],"version-history":[{"count":3,"href":"https:\/\/mehmetsalihboga.com\/index.php\/wp-json\/wp\/v2\/pages\/133\/revisions"}],"predecessor-version":[{"id":241,"href":"https:\/\/mehmetsalihboga.com\/index.php\/wp-json\/wp\/v2\/pages\/133\/revisions\/241"}],"wp:attachment":[{"href":"https:\/\/mehmetsalihboga.com\/index.php\/wp-json\/wp\/v2\/media?parent=133"}],"curies":[{"name":"wp","href":"https:\/\/api.w.org\/{rel}","templated":true}]}}