{"id":135,"date":"2025-12-28T10:06:22","date_gmt":"2025-12-28T10:06:22","guid":{"rendered":"https:\/\/mehmetsalihboga.com\/?page_id=135"},"modified":"2025-12-28T21:30:18","modified_gmt":"2025-12-28T21:30:18","slug":"penis-egriligi-peyronie","status":"publish","type":"page","link":"https:\/\/mehmetsalihboga.com\/index.php\/penis-egriligi-peyronie\/","title":{"rendered":"Penis E\u011frili\u011fi (Peyronie)"},"content":{"rendered":"\n<div class=\"wp-block-group alignfull has-accent-background-color has-background has-global-padding is-layout-constrained wp-container-core-group-is-layout-669513ed wp-block-group-is-layout-constrained\" style=\"margin-top:0;margin-bottom:0;padding-top:var(--wp--preset--spacing--50);padding-right:var(--wp--preset--spacing--50);padding-bottom:var(--wp--preset--spacing--50);padding-left:var(--wp--preset--spacing--50)\">\n<div class=\"wp-block-columns alignwide is-layout-flex wp-container-core-columns-is-layout-1da03c2a wp-block-columns-is-layout-flex\">\n<div class=\"wp-block-column is-vertically-aligned-stretch is-layout-flow wp-block-column-is-layout-flow\" style=\"flex-basis:50%\">\n<div class=\"wp-block-group is-vertical is-content-justification-stretch is-layout-flex wp-container-core-group-is-layout-444d5ee8 wp-block-group-is-layout-flex\" style=\"min-height:100%\">\n<p class=\"has-text-align-left has-heading-font-family has-x-large-font-size\" style=\"line-height:1.2\"><strong><strong>Penis E\u011frili\u011fi Nedir ?<\/strong><\/strong><\/p>\n\n\n\n<div class=\"wp-block-group has-global-padding is-content-justification-left is-layout-constrained wp-container-core-group-is-layout-9fe8ed88 wp-block-group-is-layout-constrained\">\n<p class=\"has-text-align-center\">&#8220;Penis E\u011frili\u011fi&#8221;, normalde yakla\u015f\u0131k 90 derecelik bir a\u00e7\u0131yla d\u00fcz durmas\u0131 gereken bir penisin sa\u011fa, sola, yukar\u0131 veya a\u015fa\u011f\u0131 do\u011fru e\u011fik bir \u015fekilde durmas\u0131d\u0131r.<\/p>\n\n\n\n<div class=\"wp-block-buttons is-layout-flex wp-block-buttons-is-layout-flex\"><\/div>\n<\/div>\n<\/div>\n<\/div>\n\n\n\n<div class=\"wp-block-column is-vertically-aligned-center is-layout-flow wp-block-column-is-layout-flow\" style=\"flex-basis:50%\">\n<figure class=\"wp-block-image size-full is-style-rounded is-style-rounded--1\"><img loading=\"lazy\" decoding=\"async\" width=\"708\" height=\"472\" src=\"https:\/\/mehmetsalihboga.com\/wp-content\/uploads\/2025\/12\/1-Penis-Egriligi-Nedir.jpg\" alt=\"\" class=\"wp-image-289\" style=\"aspect-ratio:3\/4;object-fit:cover\" srcset=\"https:\/\/mehmetsalihboga.com\/wp-content\/uploads\/2025\/12\/1-Penis-Egriligi-Nedir.jpg 708w, https:\/\/mehmetsalihboga.com\/wp-content\/uploads\/2025\/12\/1-Penis-Egriligi-Nedir-300x200.jpg 300w\" sizes=\"auto, (max-width: 708px) 100vw, 708px\" \/><\/figure>\n<\/div>\n<\/div>\n<\/div>\n\n\n\n<div class=\"wp-block-group alignfull has-base-2-background-color has-background has-global-padding is-layout-constrained wp-container-core-group-is-layout-669513ed wp-block-group-is-layout-constrained\" style=\"margin-top:0;margin-bottom:0;padding-top:var(--wp--preset--spacing--50);padding-right:var(--wp--preset--spacing--50);padding-bottom:var(--wp--preset--spacing--50);padding-left:var(--wp--preset--spacing--50)\">\n<div class=\"wp-block-group is-vertical is-content-justification-center is-layout-flex wp-container-core-group-is-layout-ce155fab wp-block-group-is-layout-flex\">\n<h2 class=\"wp-block-heading has-text-align-center has-xx-large-font-size\"><strong><strong><strong><strong>Nedenleri Nelerdir?<\/strong><\/strong><\/strong><\/strong><\/h2>\n\n\n\n<p class=\"has-text-align-center\">Penis E\u011frili\u011fi olarak da bilinen Peyronie hastal\u0131\u011f\u0131 do\u011fu\u015ftan olabilir veya sonradan ortaya \u00e7\u0131kabilir.<br><br>Do\u011fu\u015ftan Penis E\u011frili\u011fi: Penisin yap\u0131s\u0131 i\u00e7erisinde ereksiyonu sa\u011flayan iki s\u00fcngerimsi dokudan (kavern\u00f6z dokular) birinde do\u011fu\u015ftan geli\u015fme gerili\u011fi oldu\u011funda, ereksiyon s\u0131ras\u0131nda k\u0131sa olan k\u0131sma do\u011fru e\u011frilik olu\u015fur. Bu durumun ise ila\u00e7la tedavisi m\u00fcmk\u00fcn de\u011fildir ve ameliyat gerektirir.<br><br>E\u011frili\u011fin d\u00fczeltilmesi, e\u011frili\u011fin bulundu\u011fu ters taraf\u0131na plikasyon diki\u015fleri konularak yap\u0131l\u0131r.<\/p>\n\n\n\n<p class=\"has-text-align-center\">Peygamber s\u00fcnneti olarak da bilinen hipospadias veya epispadias olarak adland\u0131r\u0131lan idrar deli\u011finin normal yerinde olmamas\u0131 do\u011fu\u015ftan gelen e\u011frilik sorunlar\u0131n\u0131n di\u011fer bir nedenidir. \u0130drar deli\u011finin olmas\u0131 gerekti\u011fi yere yerle\u015ftirilmesi ameliyat\u0131yla d\u00fczeltilir.<br><br>Sonradan Geli\u015fen Penis E\u011frili\u011fi: &#8220;Peyronie Hastal\u0131\u011f\u0131&#8221;, ilerleyen ya\u015flarda peniste meydana gelen \u015fekil bozukluklar\u0131 ve e\u011friliklerin biridir. Bu hastal\u0131k, sertle\u015fmeye neden olan s\u00fcngerimsi dokular\u0131n etraf\u0131ndaki d\u0131\u015f b\u00f6l\u00fcm\u00fcn (tunika) yap\u0131s\u0131nda plak ve skar geli\u015fimi gibi de\u011fi\u015fikliklerle karakterize edilir. Bu de\u011fi\u015fikliklerle birlikte peniste a\u011fr\u0131, \u015fekil bozukluklar\u0131, sertlik ve sertle\u015fme sorunlar\u0131 ortaya \u00e7\u0131kar. Hastal\u0131k nedeniyle artan e\u011frilik ve a\u011fr\u0131l\u0131 sertle\u015fmeler cinsel ili\u015fkiyi giderek daha zorla\u015ft\u0131r\u0131r.<\/p>\n\n\n\n<p class=\"has-text-align-center\">Peyronie hastal\u0131\u011f\u0131, genellikle k\u0131rk ila yetmi\u015f ya\u015f aras\u0131nda g\u00f6r\u00fclen ve bu ya\u015f grubundaki erkeklerin yakla\u015f\u0131k olarak %6 kadar\u0131n\u0131 etkileyen bir hastal\u0131kt\u0131r. Tedavi, akut ve kronik d\u00f6nemlerine g\u00f6re farkl\u0131l\u0131k g\u00f6sterebilir.<\/p>\n<\/div>\n\n\n\n<div style=\"height:100px\" aria-hidden=\"true\" class=\"wp-block-spacer\"><\/div>\n\n\n\n<div style=\"height:var(--wp--preset--spacing--30)\" aria-hidden=\"true\" class=\"wp-block-spacer\"><\/div>\n\n\n\n<div class=\"wp-block-group alignfull has-accent-5-background-color has-background has-global-padding is-layout-constrained wp-container-core-group-is-layout-d89aad35 wp-block-group-is-layout-constrained\" style=\"margin-top:0;margin-bottom:0;padding-top:var(--wp--preset--spacing--50);padding-right:var(--wp--preset--spacing--50);padding-bottom:var(--wp--preset--spacing--50);padding-left:var(--wp--preset--spacing--50)\">\n<div class=\"wp-block-columns alignwide is-layout-flex wp-container-core-columns-is-layout-1da03c2a wp-block-columns-is-layout-flex\">\n<div class=\"wp-block-column is-vertically-aligned-center is-layout-flow wp-block-column-is-layout-flow\" style=\"flex-basis:60%\"><\/div>\n\n\n\n<div class=\"wp-block-column is-layout-flow wp-block-column-is-layout-flow\" style=\"flex-basis:40%\">\n<h2 class=\"wp-block-heading has-text-align-center\"><strong><strong><strong><strong><strong>Tedavi yakla\u015f\u0131mlar\u0131 nelerdir?<\/strong><\/strong><\/strong><\/strong><\/strong><\/h2>\n\n\n\n<p class=\"has-text-align-center\"><strong>\u0130la\u00e7 Tedavileri:<\/strong> A\u011f\u0131zdan al\u0131nan ila\u00e7lar \u00e7ok az etkilidir. \u0130la\u00e7 tedavileri a\u011f\u0131z yoluyla (E vitamini, NSAIDs vb.) veya penise enjeksiyon yoluyla (Kollajenaz, Verapamil, IFN vb.) uygulanabilir.<\/p>\n\n\n\n<p class=\"has-text-align-center\"><br><strong>ESWT (D\u00fc\u015f\u00fck Yo\u011funluklu \u015eok Dalga Tedavisi):<\/strong> Bu y\u00f6ntem yeni ve kal\u0131c\u0131 bir tedavi y\u00f6ntemidir. A\u011fr\u0131s\u0131z bir i\u015flem olarak anestezi yap\u0131lmadan ofis ortam\u0131nda 20 dakikal\u0131k seanslar halinde uygulan\u0131r. \u015eok dalgalar\u0131 plak olu\u015fumunu durdurur ve yeni damarlar olu\u015fturur, bu da sertle\u015fmeyi iyile\u015ftirir.<\/p>\n\n\n\n<p class=\"has-text-align-center\"><br><strong>Penis Traksiyon Cihaz\u0131:<\/strong> \u00d6zellikle akut fazda kullan\u0131lmas\u0131 \u00f6nerilir, b\u00f6ylece penis boyu k\u0131salmaz.<\/p>\n\n\n\n<p class=\"has-text-align-center\"><strong>Cerrahi Tedavi:<\/strong> Plikasyon diki\u015fleri, e\u011frili\u011fin ters taraf\u0131na penisi d\u00fczeltmek i\u00e7in kullan\u0131l\u0131r. Daha karma\u015f\u0131k durumlarda, penis b\u00f6lgesindeki plaklar\u0131n \u00e7\u0131kar\u0131lmas\u0131 ve yerine bacak veya a\u011f\u0131z mukozas\u0131ndan al\u0131nan yamalar (greft) kullan\u0131labilir. Ayr\u0131ca sentetik greft kullan\u0131labilir. Sertle\u015fme g\u00f6r\u00fclmedi\u011fi veya greft materyalleri \u015fekil bozukluklar\u0131n\u0131 d\u00fczeltemedi\u011fi durumlarda &#8220;Penil Protez&#8221; uygulanmal\u0131d\u0131r.<\/p>\n\n\n\n<div class=\"wp-block-buttons is-layout-flex wp-block-buttons-is-layout-flex\"><\/div>\n<\/div>\n<\/div>\n<\/div>\n<\/div>\n\n\n\n<p><\/p>\n","protected":false},"excerpt":{"rendered":"<p>Penis E\u011frili\u011fi Nedir ? &#8220;Penis E\u011frili\u011fi&#8221;, normalde yakla\u015f\u0131k 90 derecelik bir a\u00e7\u0131yla d\u00fcz durmas\u0131 gereken bir penisin sa\u011fa, sola, yukar\u0131 veya a\u015fa\u011f\u0131 do\u011fru e\u011fik bir \u015fekilde durmas\u0131d\u0131r. Nedenleri Nelerdir? Penis E\u011frili\u011fi olarak da bilinen Peyronie hastal\u0131\u011f\u0131 do\u011fu\u015ftan olabilir veya sonradan ortaya \u00e7\u0131kabilir. Do\u011fu\u015ftan Penis E\u011frili\u011fi: Penisin yap\u0131s\u0131 i\u00e7erisinde ereksiyonu sa\u011flayan iki s\u00fcngerimsi dokudan (kavern\u00f6z dokular) [&hellip;]<\/p>\n","protected":false},"author":1,"featured_media":0,"parent":0,"menu_order":0,"comment_status":"closed","ping_status":"closed","template":"","meta":{"footnotes":""},"class_list":["post-135","page","type-page","status-publish","hentry"],"_links":{"self":[{"href":"https:\/\/mehmetsalihboga.com\/index.php\/wp-json\/wp\/v2\/pages\/135","targetHints":{"allow":["GET"]}}],"collection":[{"href":"https:\/\/mehmetsalihboga.com\/index.php\/wp-json\/wp\/v2\/pages"}],"about":[{"href":"https:\/\/mehmetsalihboga.com\/index.php\/wp-json\/wp\/v2\/types\/page"}],"author":[{"embeddable":true,"href":"https:\/\/mehmetsalihboga.com\/index.php\/wp-json\/wp\/v2\/users\/1"}],"replies":[{"embeddable":true,"href":"https:\/\/mehmetsalihboga.com\/index.php\/wp-json\/wp\/v2\/comments?post=135"}],"version-history":[{"count":2,"href":"https:\/\/mehmetsalihboga.com\/index.php\/wp-json\/wp\/v2\/pages\/135\/revisions"}],"predecessor-version":[{"id":290,"href":"https:\/\/mehmetsalihboga.com\/index.php\/wp-json\/wp\/v2\/pages\/135\/revisions\/290"}],"wp:attachment":[{"href":"https:\/\/mehmetsalihboga.com\/index.php\/wp-json\/wp\/v2\/media?parent=135"}],"curies":[{"name":"wp","href":"https:\/\/api.w.org\/{rel}","templated":true}]}}