{"id":137,"date":"2025-12-28T10:35:59","date_gmt":"2025-12-28T10:35:59","guid":{"rendered":"https:\/\/mehmetsalihboga.com\/?page_id=137"},"modified":"2025-12-28T21:26:27","modified_gmt":"2025-12-28T21:26:27","slug":"penil-protez","status":"publish","type":"page","link":"https:\/\/mehmetsalihboga.com\/index.php\/penil-protez\/","title":{"rendered":"Penil Protez"},"content":{"rendered":"\n<div class=\"wp-block-group alignfull has-accent-background-color has-background has-global-padding is-layout-constrained wp-container-core-group-is-layout-669513ed wp-block-group-is-layout-constrained\" style=\"margin-top:0;margin-bottom:0;padding-top:var(--wp--preset--spacing--50);padding-right:var(--wp--preset--spacing--50);padding-bottom:var(--wp--preset--spacing--50);padding-left:var(--wp--preset--spacing--50)\">\n<div class=\"wp-block-columns alignwide is-layout-flex wp-container-core-columns-is-layout-1da03c2a wp-block-columns-is-layout-flex\">\n<div class=\"wp-block-column is-vertically-aligned-stretch is-layout-flow wp-block-column-is-layout-flow\" style=\"flex-basis:50%\">\n<div class=\"wp-block-group is-vertical is-content-justification-stretch is-layout-flex wp-container-core-group-is-layout-444d5ee8 wp-block-group-is-layout-flex\" style=\"min-height:100%\">\n<p class=\"has-heading-font-family has-x-large-font-size\" style=\"line-height:1.2\"><strong><strong>Penil Protez Nedir ?<\/strong><\/strong><\/p>\n\n\n\n<div class=\"wp-block-group has-global-padding is-content-justification-left is-layout-constrained wp-container-core-group-is-layout-9fe8ed88 wp-block-group-is-layout-constrained\">\n<p class=\"has-text-align-center\">Penis protezi veya di\u011fer ismiye mutluluk \u00e7ubu\u011fu olarak da bilinen penis protezi, cinsel ili\u015fki i\u00e7in gerekli sertle\u015fmeyi (ereksiyon) sa\u011flayamayan erkekler i\u00e7in penisin i\u00e7erisine ameliyatla yerle\u015ftirilen silikon \u015feklindeki implantlard\u0131r. \u015ei\u015firilebilir ve b\u00fck\u00fclebilir iki t\u00fcr vard\u0131r. B\u00fck\u00fclebilir tiplerde hasta seks s\u0131ras\u0131nda penisini d\u00fczle\u015ftirir ve ard\u0131ndan b\u00fckerek saklar. \u015ei\u015firilebilir t\u00fcrde ise hasta ili\u015fki \u00f6ncesinde yumurtal\u0131klar\u0131n yan\u0131na yerle\u015ftirilen k\u00fc\u00e7\u00fck bir pompa yard\u0131m\u0131yla penisini sertle\u015ftirir ve ili\u015fki bitti\u011finde protezi \u00e7\u0131kar\u0131r.<\/p>\n\n\n\n<div class=\"wp-block-buttons is-layout-flex wp-block-buttons-is-layout-flex\"><\/div>\n<\/div>\n<\/div>\n<\/div>\n\n\n\n<div class=\"wp-block-column is-vertically-aligned-center is-layout-flow wp-block-column-is-layout-flow\" style=\"flex-basis:50%\">\n<figure class=\"wp-block-image size-full is-resized is-style-rounded is-style-rounded--1\"><img loading=\"lazy\" decoding=\"async\" width=\"417\" height=\"491\" src=\"https:\/\/mehmetsalihboga.com\/wp-content\/uploads\/2025\/12\/1-Penil-Protez-Nedir.jpg\" alt=\"\" class=\"wp-image-279\" style=\"aspect-ratio:0.75;object-fit:cover;width:443px;height:auto\" srcset=\"https:\/\/mehmetsalihboga.com\/wp-content\/uploads\/2025\/12\/1-Penil-Protez-Nedir.jpg 417w, https:\/\/mehmetsalihboga.com\/wp-content\/uploads\/2025\/12\/1-Penil-Protez-Nedir-255x300.jpg 255w\" sizes=\"auto, (max-width: 417px) 100vw, 417px\" \/><\/figure>\n<\/div>\n<\/div>\n<\/div>\n\n\n\n<div class=\"wp-block-group alignfull has-base-2-background-color has-background has-global-padding is-layout-constrained wp-container-core-group-is-layout-669513ed wp-block-group-is-layout-constrained\" style=\"margin-top:0;margin-bottom:0;padding-top:var(--wp--preset--spacing--50);padding-right:var(--wp--preset--spacing--50);padding-bottom:var(--wp--preset--spacing--50);padding-left:var(--wp--preset--spacing--50)\">\n<div class=\"wp-block-group is-vertical is-content-justification-center is-layout-flex wp-container-core-group-is-layout-ce155fab wp-block-group-is-layout-flex\">\n<h2 class=\"wp-block-heading has-text-align-center has-xx-large-font-size\"><strong><strong><strong><strong>Bir kullan\u0131m \u00f6mr\u00fc var m\u0131?<\/strong><\/strong><\/strong><\/strong><\/h2>\n\n\n\n<p class=\"has-text-align-center\">Normalde protezler \u00f6m\u00fcr boyu kullan\u0131labilir, ancak enfeksiyonlar veya mekanik ar\u0131zalar nedeniyle \u00e7\u0131kar\u0131lmas\u0131 veya de\u011fi\u015ftirilmesi gerekebilir.<\/p>\n\n\n\n<h2 class=\"wp-block-heading has-text-align-center has-xx-large-font-size\"><strong><strong><strong><strong><strong>Di\u011fer se\u00e7eneklere g\u00f6re avantaj\u0131 nedir ?<\/strong><\/strong><\/strong><\/strong><\/strong><\/h2>\n\n\n\n<p class=\"has-text-align-center\">Bu i\u015flemin \u00f6nemli avantajlar\u0131ndan biri, hastalar\u0131n bu i\u015flemden sonraki cinsel hayatlar\u0131nda hi\u00e7bir sertle\u015fme sorunu ya\u015famamalar\u0131 ve ya\u015fl\u0131l\u0131k d\u00f6neminde de ayn\u0131 \u015fekilde performans g\u00f6sterebilmeleridir.<\/p>\n\n\n\n<h2 class=\"wp-block-heading has-text-align-center has-xx-large-font-size\"><strong><strong><strong><strong><strong><strong>Kimlere uygulanabilir?<\/strong><\/strong><\/strong><\/strong><\/strong><\/strong><\/h2>\n\n\n\n<p class=\"has-text-align-center\">3. Basamak tedavi y\u00f6ntemidir, medikal tedavilerden fayda g\u00f6rmeyen sertle\u015fme sorunu olan hastalara uygulan\u0131r. Bu y\u00f6ntem, di\u011fer tedavilerin beklentileri kar\u015f\u0131layamad\u0131\u011f\u0131 durumlarda veya di\u011fer tedavilerin istenilen yan\u0131t vermedi\u011fi durumlarda hastalara uygulan\u0131r.<\/p>\n\n\n\n<p><\/p>\n<\/div>\n\n\n\n<div style=\"height:100px\" aria-hidden=\"true\" class=\"wp-block-spacer\"><\/div>\n\n\n\n<div style=\"height:var(--wp--preset--spacing--30)\" aria-hidden=\"true\" class=\"wp-block-spacer\"><\/div>\n\n\n\n<div class=\"wp-block-group alignfull has-accent-5-background-color has-background has-global-padding is-layout-constrained wp-container-core-group-is-layout-d89aad35 wp-block-group-is-layout-constrained\" style=\"margin-top:0;margin-bottom:0;padding-top:var(--wp--preset--spacing--50);padding-right:var(--wp--preset--spacing--50);padding-bottom:var(--wp--preset--spacing--50);padding-left:var(--wp--preset--spacing--50)\">\n<div class=\"wp-block-columns alignwide is-layout-flex wp-container-core-columns-is-layout-1da03c2a wp-block-columns-is-layout-flex\">\n<div class=\"wp-block-column is-vertically-aligned-center is-layout-flow wp-block-column-is-layout-flow\" style=\"flex-basis:60%\">\n<figure class=\"wp-block-image aligncenter size-full is-resized is-style-rounded wp-duotone-duotone-1 is-style-rounded--2\"><img loading=\"lazy\" decoding=\"async\" width=\"216\" height=\"169\" src=\"https:\/\/mehmetsalihboga.com\/wp-content\/uploads\/2025\/12\/2-Kimlere-uygulanabilir.jpg\" alt=\"\" class=\"wp-image-281\" style=\"aspect-ratio:1.3333333333333333;object-fit:cover;width:508px;height:auto\"\/><\/figure>\n<\/div>\n\n\n\n<div class=\"wp-block-column is-layout-flow wp-block-column-is-layout-flow\" style=\"flex-basis:40%\">\n<h2 class=\"wp-block-heading has-text-align-center\"><strong><strong><strong><strong><strong>D\u0131\u015far\u0131dan bak\u0131ld\u0131\u011f\u0131nda protez anla\u015f\u0131l\u0131r m\u0131?<\/strong><\/strong><\/strong><\/strong><\/strong><\/h2>\n\n\n\n<p class=\"has-text-align-center\">Penisin sertle\u015fmesini sa\u011flayan kavern\u00f6z dokular i\u00e7inde bulunan protez, d\u0131\u015far\u0131dan bak\u0131ld\u0131\u011f\u0131nda fark edilmez.<\/p>\n\n\n\n<div class=\"wp-block-buttons is-layout-flex wp-block-buttons-is-layout-flex\"><\/div>\n<\/div>\n<\/div>\n<\/div>\n<\/div>\n\n\n\n<div style=\"height:100px\" aria-hidden=\"true\" class=\"wp-block-spacer\"><\/div>\n\n\n\n<div class=\"wp-block-columns alignwide are-vertically-aligned-center is-layout-flex wp-container-core-columns-is-layout-47c06fe3 wp-block-columns-is-layout-flex\">\n<div class=\"wp-block-column is-vertically-aligned-center is-layout-flow wp-block-column-is-layout-flow\" style=\"flex-basis:50%\">\n<h2 class=\"wp-block-heading has-text-align-center\"><strong><strong>Meni ak\u0131m\u0131 veya bo\u015falma, cinsel ili\u015fkiden al\u0131nan zevk ve orgazm etkilenir mi?<\/strong><\/strong><\/h2>\n\n\n\n<p class=\"has-text-align-center is-style-checkmark-list\">Mutluluk \u00e7ubu\u011fu yerle\u015ftirilen hastalar\u0131n meni ak\u0131m\u0131 etkilenmez ve do\u011fal birle\u015fme yoluyla \u00e7ocuk sahibi olmalar\u0131na izin verilir. Ayn\u0131 zamanda ili\u015fkiden al\u0131nan zevk ve bo\u015falma, yani orgazm, etkilenmez ve i\u015flemden sonra orgazm ayn\u0131 \u015fekilde kal\u0131r.<\/p>\n<\/div>\n\n\n\n<div class=\"wp-block-column is-vertically-aligned-center is-layout-flow wp-block-column-is-layout-flow\" style=\"flex-basis:50%\">\n<figure class=\"wp-block-image size-full is-style-rounded is-style-rounded--3\"><img loading=\"lazy\" decoding=\"async\" width=\"1064\" height=\"315\" src=\"https:\/\/mehmetsalihboga.com\/wp-content\/uploads\/2025\/12\/3-resim.jpg\" alt=\"\" class=\"wp-image-282\" style=\"aspect-ratio:4\/3;object-fit:cover\" srcset=\"https:\/\/mehmetsalihboga.com\/wp-content\/uploads\/2025\/12\/3-resim.jpg 1064w, https:\/\/mehmetsalihboga.com\/wp-content\/uploads\/2025\/12\/3-resim-300x89.jpg 300w, https:\/\/mehmetsalihboga.com\/wp-content\/uploads\/2025\/12\/3-resim-1024x303.jpg 1024w, https:\/\/mehmetsalihboga.com\/wp-content\/uploads\/2025\/12\/3-resim-768x227.jpg 768w\" sizes=\"auto, (max-width: 1064px) 100vw, 1064px\" \/><\/figure>\n<\/div>\n<\/div>\n\n\n\n<div style=\"height:100px\" aria-hidden=\"true\" class=\"wp-block-spacer\"><\/div>\n\n\n\n<p><\/p>\n","protected":false},"excerpt":{"rendered":"<p>Penil Protez Nedir ? Penis protezi veya di\u011fer ismiye mutluluk \u00e7ubu\u011fu olarak da bilinen penis protezi, cinsel ili\u015fki i\u00e7in gerekli sertle\u015fmeyi (ereksiyon) sa\u011flayamayan erkekler i\u00e7in penisin i\u00e7erisine ameliyatla yerle\u015ftirilen silikon \u015feklindeki implantlard\u0131r. \u015ei\u015firilebilir ve b\u00fck\u00fclebilir iki t\u00fcr vard\u0131r. B\u00fck\u00fclebilir tiplerde hasta seks s\u0131ras\u0131nda penisini d\u00fczle\u015ftirir ve ard\u0131ndan b\u00fckerek saklar. \u015ei\u015firilebilir t\u00fcrde ise hasta ili\u015fki \u00f6ncesinde [&hellip;]<\/p>\n","protected":false},"author":1,"featured_media":0,"parent":0,"menu_order":0,"comment_status":"closed","ping_status":"closed","template":"","meta":{"footnotes":""},"class_list":["post-137","page","type-page","status-publish","hentry"],"_links":{"self":[{"href":"https:\/\/mehmetsalihboga.com\/index.php\/wp-json\/wp\/v2\/pages\/137","targetHints":{"allow":["GET"]}}],"collection":[{"href":"https:\/\/mehmetsalihboga.com\/index.php\/wp-json\/wp\/v2\/pages"}],"about":[{"href":"https:\/\/mehmetsalihboga.com\/index.php\/wp-json\/wp\/v2\/types\/page"}],"author":[{"embeddable":true,"href":"https:\/\/mehmetsalihboga.com\/index.php\/wp-json\/wp\/v2\/users\/1"}],"replies":[{"embeddable":true,"href":"https:\/\/mehmetsalihboga.com\/index.php\/wp-json\/wp\/v2\/comments?post=137"}],"version-history":[{"count":3,"href":"https:\/\/mehmetsalihboga.com\/index.php\/wp-json\/wp\/v2\/pages\/137\/revisions"}],"predecessor-version":[{"id":283,"href":"https:\/\/mehmetsalihboga.com\/index.php\/wp-json\/wp\/v2\/pages\/137\/revisions\/283"}],"wp:attachment":[{"href":"https:\/\/mehmetsalihboga.com\/index.php\/wp-json\/wp\/v2\/media?parent=137"}],"curies":[{"name":"wp","href":"https:\/\/api.w.org\/{rel}","templated":true}]}}