{"id":139,"date":"2025-12-28T10:38:40","date_gmt":"2025-12-28T10:38:40","guid":{"rendered":"https:\/\/mehmetsalihboga.com\/?page_id=139"},"modified":"2025-12-28T21:31:09","modified_gmt":"2025-12-28T21:31:09","slug":"penise-prp-genclik-asisi","status":"publish","type":"page","link":"https:\/\/mehmetsalihboga.com\/index.php\/penise-prp-genclik-asisi\/","title":{"rendered":"Penise PRP (Gen\u00e7lik A\u015f\u0131s\u0131)"},"content":{"rendered":"\n<div class=\"wp-block-group alignfull has-accent-background-color has-background has-global-padding is-layout-constrained wp-container-core-group-is-layout-669513ed wp-block-group-is-layout-constrained\" style=\"margin-top:0;margin-bottom:0;padding-top:var(--wp--preset--spacing--50);padding-right:var(--wp--preset--spacing--50);padding-bottom:var(--wp--preset--spacing--50);padding-left:var(--wp--preset--spacing--50)\">\n<div class=\"wp-block-columns alignwide is-layout-flex wp-container-core-columns-is-layout-1da03c2a wp-block-columns-is-layout-flex\">\n<div class=\"wp-block-column is-vertically-aligned-stretch is-layout-flow wp-block-column-is-layout-flow\" style=\"flex-basis:50%\">\n<div class=\"wp-block-group is-vertical is-content-justification-stretch is-layout-flex wp-container-core-group-is-layout-444d5ee8 wp-block-group-is-layout-flex\" style=\"min-height:100%\">\n<p class=\"has-heading-font-family has-x-large-font-size\" style=\"line-height:1.2\"><strong><strong>PRP ne demek?<\/strong><\/strong><\/p>\n\n\n\n<div class=\"wp-block-group has-global-padding is-content-justification-left is-layout-constrained wp-container-core-group-is-layout-9fe8ed88 wp-block-group-is-layout-constrained\">\n<p class=\"has-text-align-center\">Penisteki sertle\u015fme bozukluklar\u0131, sarkmalar ve ya\u015fl\u0131l\u0131k belirtileri i\u00e7in b\u00fcy\u00fcme fakt\u00f6rlerinin kandan ayr\u0131\u015ft\u0131r\u0131lmas\u0131 yoluyla istedi\u011fimiz dokulara uygulan\u0131r. PRP tek ba\u015f\u0131na ereksiyona faydal\u0131 olamaz, bu nedenle bu tedavi ereksiyon bozukluklar\u0131 i\u00e7in ba\u015fka bir tedavi ile birlikte uygulanmal\u0131d\u0131r. Penis gen\u00e7le\u015ftirme s\u00fcrecini \u00f6nemli \u00f6l\u00e7\u00fcde geli\u015ftirir.<\/p>\n\n\n\n<div class=\"wp-block-buttons is-layout-flex wp-block-buttons-is-layout-flex\"><\/div>\n<\/div>\n<\/div>\n<\/div>\n\n\n\n<div class=\"wp-block-column is-vertically-aligned-center is-layout-flow wp-block-column-is-layout-flow\" style=\"flex-basis:50%\">\n<figure class=\"wp-block-image size-full is-style-rounded is-style-rounded--1\"><img loading=\"lazy\" decoding=\"async\" width=\"634\" height=\"540\" src=\"https:\/\/mehmetsalihboga.com\/wp-content\/uploads\/2025\/12\/1-Nasil-kullanilir.jpg\" alt=\"\" class=\"wp-image-291\" style=\"aspect-ratio:3\/4;object-fit:cover\" srcset=\"https:\/\/mehmetsalihboga.com\/wp-content\/uploads\/2025\/12\/1-Nasil-kullanilir.jpg 634w, https:\/\/mehmetsalihboga.com\/wp-content\/uploads\/2025\/12\/1-Nasil-kullanilir-300x256.jpg 300w\" sizes=\"auto, (max-width: 634px) 100vw, 634px\" \/><\/figure>\n<\/div>\n<\/div>\n<\/div>\n\n\n\n<div class=\"wp-block-group alignfull has-base-2-background-color has-background has-global-padding is-layout-constrained wp-container-core-group-is-layout-669513ed wp-block-group-is-layout-constrained\" style=\"margin-top:0;margin-bottom:0;padding-top:var(--wp--preset--spacing--50);padding-right:var(--wp--preset--spacing--50);padding-bottom:var(--wp--preset--spacing--50);padding-left:var(--wp--preset--spacing--50)\">\n<div class=\"wp-block-group is-vertical is-content-justification-center is-layout-flex wp-container-core-group-is-layout-ce155fab wp-block-group-is-layout-flex\">\n<h2 class=\"wp-block-heading has-text-align-center has-xx-large-font-size\"><strong><strong><strong><strong>Nas\u0131l kullan\u0131l\u0131r?<\/strong><\/strong><\/strong><\/strong><\/h2>\n\n\n\n<p class=\"has-text-align-center\">Hastadan belirli bir miktar kan toplan\u0131r. Belirli t\u00fcplere al\u0131nan kan belirli bir devirde i\u015flenir, b\u00f6ylece kan\u0131n \u00fcst\u00fcnde kalan zengin plazma konsantrasyonu elde edilir. Daha sonra bu kan, peniste ereksiyonu sa\u011flayan yap\u0131lara enjekte edilir. \u00c7\u0131kan PRP&#8217;ye ba\u011fl\u0131 olarak uygulan\u0131r. Etkileri, ilk seans\u0131n ard\u0131ndan ilk haftada ortaya \u00e7\u0131kar. \u0130ki ila \u00fc\u00e7 g\u00fcnde bir tekrarlanabilir. Hastalar d\u00f6rt seanstan sonra ciddi sonu\u00e7lar\u0131 g\u00f6rmeye ba\u015flar. 45-60 g\u00fcn aras\u0131nda etkili olur.<\/p>\n<\/div>\n\n\n\n<div style=\"height:100px\" aria-hidden=\"true\" class=\"wp-block-spacer\"><\/div>\n\n\n\n<div style=\"height:var(--wp--preset--spacing--30)\" aria-hidden=\"true\" class=\"wp-block-spacer\"><\/div>\n\n\n\n<div class=\"wp-block-group alignfull has-accent-5-background-color has-background has-global-padding is-layout-constrained wp-container-core-group-is-layout-d89aad35 wp-block-group-is-layout-constrained\" style=\"margin-top:0;margin-bottom:0;padding-top:var(--wp--preset--spacing--50);padding-right:var(--wp--preset--spacing--50);padding-bottom:var(--wp--preset--spacing--50);padding-left:var(--wp--preset--spacing--50)\">\n<div class=\"wp-block-columns alignwide is-layout-flex wp-container-core-columns-is-layout-1da03c2a wp-block-columns-is-layout-flex\">\n<div class=\"wp-block-column is-vertically-aligned-center is-layout-flow wp-block-column-is-layout-flow\" style=\"flex-basis:60%\">\n<figure class=\"wp-block-image aligncenter size-full is-resized is-style-rounded wp-duotone-duotone-1 is-style-rounded--2\"><img loading=\"lazy\" decoding=\"async\" width=\"175\" height=\"178\" src=\"https:\/\/mehmetsalihboga.com\/wp-content\/uploads\/2025\/12\/2-Ereksiyon-kaybi.jpg\" alt=\"\" class=\"wp-image-292\" style=\"aspect-ratio:1.3333333333333333;object-fit:cover;width:529px;height:auto\"\/><\/figure>\n<\/div>\n\n\n\n<div class=\"wp-block-column is-layout-flow wp-block-column-is-layout-flow\" style=\"flex-basis:40%\">\n<h2 class=\"wp-block-heading has-text-align-center\"><strong><strong><strong><strong>Dikkat edilmeli<\/strong><\/strong><\/strong><\/strong><\/h2>\n\n\n\n<p class=\"has-text-align-center\">Ereksiyon kayb\u0131 i\u00e7in penise \u015fok tedavisi (ESWT) ile birlikte uyguland\u0131\u011f\u0131nda \u00e7ok faydal\u0131d\u0131r; ancak hasta kilolu ise, \u00f6rne\u011fin 150 kilo olan bir hastan\u0131n PRP kalitesi d\u00fc\u015f\u00fck olabilir. Ya\u011fl\u0131 beslenmek PRP&#8217;nin kalitesini d\u00fc\u015f\u00fcrebilir. A\u011f\u0131r hastal\u0131klar\u0131 olan bireylerin PRP de\u011ferleri d\u00fc\u015f\u00fck olabilir. Uzman bir doktor taraf\u0131ndan tavsiye edildi\u011finde daha fazla fayda sa\u011flayabilir.<\/p>\n\n\n\n<div class=\"wp-block-buttons is-layout-flex wp-block-buttons-is-layout-flex\"><\/div>\n<\/div>\n<\/div>\n<\/div>\n<\/div>\n\n\n\n<div style=\"height:100px\" aria-hidden=\"true\" class=\"wp-block-spacer\"><\/div>\n\n\n\n<p><\/p>\n","protected":false},"excerpt":{"rendered":"<p>PRP ne demek? Penisteki sertle\u015fme bozukluklar\u0131, sarkmalar ve ya\u015fl\u0131l\u0131k belirtileri i\u00e7in b\u00fcy\u00fcme fakt\u00f6rlerinin kandan ayr\u0131\u015ft\u0131r\u0131lmas\u0131 yoluyla istedi\u011fimiz dokulara uygulan\u0131r. PRP tek ba\u015f\u0131na ereksiyona faydal\u0131 olamaz, bu nedenle bu tedavi ereksiyon bozukluklar\u0131 i\u00e7in ba\u015fka bir tedavi ile birlikte uygulanmal\u0131d\u0131r. Penis gen\u00e7le\u015ftirme s\u00fcrecini \u00f6nemli \u00f6l\u00e7\u00fcde geli\u015ftirir. Nas\u0131l kullan\u0131l\u0131r? Hastadan belirli bir miktar kan toplan\u0131r. Belirli t\u00fcplere al\u0131nan [&hellip;]<\/p>\n","protected":false},"author":1,"featured_media":0,"parent":0,"menu_order":0,"comment_status":"closed","ping_status":"closed","template":"","meta":{"footnotes":""},"class_list":["post-139","page","type-page","status-publish","hentry"],"_links":{"self":[{"href":"https:\/\/mehmetsalihboga.com\/index.php\/wp-json\/wp\/v2\/pages\/139","targetHints":{"allow":["GET"]}}],"collection":[{"href":"https:\/\/mehmetsalihboga.com\/index.php\/wp-json\/wp\/v2\/pages"}],"about":[{"href":"https:\/\/mehmetsalihboga.com\/index.php\/wp-json\/wp\/v2\/types\/page"}],"author":[{"embeddable":true,"href":"https:\/\/mehmetsalihboga.com\/index.php\/wp-json\/wp\/v2\/users\/1"}],"replies":[{"embeddable":true,"href":"https:\/\/mehmetsalihboga.com\/index.php\/wp-json\/wp\/v2\/comments?post=139"}],"version-history":[{"count":2,"href":"https:\/\/mehmetsalihboga.com\/index.php\/wp-json\/wp\/v2\/pages\/139\/revisions"}],"predecessor-version":[{"id":293,"href":"https:\/\/mehmetsalihboga.com\/index.php\/wp-json\/wp\/v2\/pages\/139\/revisions\/293"}],"wp:attachment":[{"href":"https:\/\/mehmetsalihboga.com\/index.php\/wp-json\/wp\/v2\/media?parent=139"}],"curies":[{"name":"wp","href":"https:\/\/api.w.org\/{rel}","templated":true}]}}