{"id":141,"date":"2025-12-28T10:42:18","date_gmt":"2025-12-28T10:42:18","guid":{"rendered":"https:\/\/mehmetsalihboga.com\/?page_id=141"},"modified":"2025-12-28T21:28:13","modified_gmt":"2025-12-28T21:28:13","slug":"penis-buyutme","status":"publish","type":"page","link":"https:\/\/mehmetsalihboga.com\/index.php\/penis-buyutme\/","title":{"rendered":"Penis B\u00fcy\u00fctme"},"content":{"rendered":"\n<div class=\"wp-block-group alignfull has-accent-background-color has-background has-global-padding is-layout-constrained wp-container-core-group-is-layout-669513ed wp-block-group-is-layout-constrained\" style=\"margin-top:0;margin-bottom:0;padding-top:var(--wp--preset--spacing--50);padding-right:var(--wp--preset--spacing--50);padding-bottom:var(--wp--preset--spacing--50);padding-left:var(--wp--preset--spacing--50)\">\n<div class=\"wp-block-columns alignwide is-layout-flex wp-container-core-columns-is-layout-1da03c2a wp-block-columns-is-layout-flex\">\n<div class=\"wp-block-column is-vertically-aligned-stretch is-layout-flow wp-block-column-is-layout-flow\" style=\"flex-basis:50%\">\n<div class=\"wp-block-group is-vertical is-content-justification-stretch is-layout-flex wp-container-core-group-is-layout-444d5ee8 wp-block-group-is-layout-flex\" style=\"min-height:100%\">\n<p class=\"has-heading-font-family has-x-large-font-size\" style=\"line-height:1.2\"><strong><strong>Penis B\u00fcy\u00fctme Operasyonlar\u0131<\/strong><\/strong><\/p>\n\n\n\n<div class=\"wp-block-group has-global-padding is-content-justification-left is-layout-constrained wp-container-core-group-is-layout-9fe8ed88 wp-block-group-is-layout-constrained\">\n<p class=\"has-text-align-center\">Penis uzatma i\u00e7in onaylanm\u0131\u015f tek y\u00f6ntem cerrahi operasyondur. Bu i\u015flemde, penisi le\u011fen kemi\u011fine asan as\u0131c\u0131 ba\u011flar\u0131n (suspansuar ligamanlar) kesilmesi, penis k\u00f6k\u00fcndeki (suprapubik b\u00f6lge) ya\u011f\u0131n liposuction ile \u00e7\u0131kar\u0131lmas\u0131 ve ard\u0131ndan cilde VY-plasty uygulanarak penisin d\u0131\u015far\u0131 uzat\u0131lmas\u0131d\u0131r.<\/p>\n\n\n\n<p class=\"has-text-align-center\"><br>Bu prosed\u00fcr, penis boyunda yakla\u015f\u0131k \u00fc\u00e7 ila d\u00f6rt santimetrelik bir fark yarat\u0131r. Penis as\u0131c\u0131 ba\u011flar\u0131n\u0131n kesilmesi cinsel i\u015flevlere (sertle\u015fme, bo\u015falma, haz, istek) zarar vermez. En son olarak, bu ba\u011f\u0131n tamam\u0131 de\u011fil %80&#8217;i kesilerek serbestle\u015ftirilir ve kesilen alan\u0131 tekrar kapatmak i\u00e7in s\u00fct\u00fcrler yerle\u015ftirilir.<\/p>\n\n\n\n<div class=\"wp-block-buttons is-layout-flex wp-block-buttons-is-layout-flex\"><\/div>\n<\/div>\n<\/div>\n<\/div>\n\n\n\n<div class=\"wp-block-column is-vertically-aligned-center is-layout-flow wp-block-column-is-layout-flow\" style=\"flex-basis:50%\">\n<figure class=\"wp-block-image size-full is-resized is-style-rounded is-style-rounded--1\"><img loading=\"lazy\" decoding=\"async\" width=\"280\" height=\"116\" src=\"https:\/\/mehmetsalihboga.com\/wp-content\/uploads\/2025\/12\/1-Penis-Buyutme-Operasyonlari.jpg\" alt=\"\" class=\"wp-image-284\" style=\"aspect-ratio:0.75;object-fit:cover;width:470px;height:auto\"\/><\/figure>\n<\/div>\n<\/div>\n<\/div>\n\n\n\n<div class=\"wp-block-group alignfull has-base-2-background-color has-background has-global-padding is-layout-constrained wp-container-core-group-is-layout-669513ed wp-block-group-is-layout-constrained\" style=\"margin-top:0;margin-bottom:0;padding-top:var(--wp--preset--spacing--50);padding-right:var(--wp--preset--spacing--50);padding-bottom:var(--wp--preset--spacing--50);padding-left:var(--wp--preset--spacing--50)\">\n<div class=\"wp-block-group is-vertical is-content-justification-center is-layout-flex wp-container-core-group-is-layout-ce155fab wp-block-group-is-layout-flex\">\n<h2 class=\"wp-block-heading has-text-align-center has-xx-large-font-size\"><strong><strong><strong><strong>G\u00f6m\u00fcl\u00fc Penis \u0130\u015flemi<\/strong><\/strong><\/strong><\/strong><\/h2>\n\n\n\n<p class=\"has-text-align-center\">Kilosu normalden fazla olan ki\u015filerde penisin cildin alt\u0131na g\u00f6m\u00fclmesi yayg\u0131n bir durumdur. Bu durumda, suspansuar ligamanlar\u0131 kesmeden yaln\u0131zca o b\u00f6lgedeki ya\u011flar\u0131 alarak penisin daha iyi g\u00f6r\u00fcnmesi sa\u011flan\u0131r. Bu, penisin daha net g\u00f6r\u00fcnmesini sa\u011flad\u0131\u011f\u0131 i\u00e7in uzad\u0131\u011f\u0131 g\u00f6r\u00fcn\u00fcm\u00fcn\u00fc verir.<\/p>\n<\/div>\n\n\n\n<div style=\"height:100px\" aria-hidden=\"true\" class=\"wp-block-spacer\"><\/div>\n\n\n\n<div style=\"height:var(--wp--preset--spacing--30)\" aria-hidden=\"true\" class=\"wp-block-spacer\"><\/div>\n\n\n\n<div class=\"wp-block-group alignfull has-accent-5-background-color has-background has-global-padding is-layout-constrained wp-container-core-group-is-layout-d89aad35 wp-block-group-is-layout-constrained\" style=\"margin-top:0;margin-bottom:0;padding-top:var(--wp--preset--spacing--50);padding-right:var(--wp--preset--spacing--50);padding-bottom:var(--wp--preset--spacing--50);padding-left:var(--wp--preset--spacing--50)\">\n<div class=\"wp-block-columns alignwide is-layout-flex wp-container-core-columns-is-layout-1da03c2a wp-block-columns-is-layout-flex\">\n<div class=\"wp-block-column is-vertically-aligned-center is-layout-flow wp-block-column-is-layout-flow\" style=\"flex-basis:60%\">\n<figure class=\"wp-block-image aligncenter size-full is-resized is-style-rounded wp-duotone-duotone-1 is-style-rounded--2\"><img loading=\"lazy\" decoding=\"async\" width=\"337\" height=\"505\" src=\"https:\/\/mehmetsalihboga.com\/wp-content\/uploads\/2025\/12\/3-Penoskrotal-Web.jpg\" alt=\"\" class=\"wp-image-285\" style=\"aspect-ratio:1.3333333333333333;object-fit:cover;width:564px;height:auto\" srcset=\"https:\/\/mehmetsalihboga.com\/wp-content\/uploads\/2025\/12\/3-Penoskrotal-Web.jpg 337w, https:\/\/mehmetsalihboga.com\/wp-content\/uploads\/2025\/12\/3-Penoskrotal-Web-200x300.jpg 200w\" sizes=\"auto, (max-width: 337px) 100vw, 337px\" \/><\/figure>\n<\/div>\n\n\n\n<div class=\"wp-block-column is-layout-flow wp-block-column-is-layout-flow\" style=\"flex-basis:40%\">\n<h2 class=\"wp-block-heading has-text-align-center\"><strong><strong><strong><strong><strong>Penoskrotal Web<\/strong><\/strong><\/strong><\/strong><\/strong><\/h2>\n\n\n\n<p class=\"has-text-align-center\">Bir ba\u015fka g\u00f6r\u00fclebilen durum, penisin alt k\u0131sm\u0131 ile skrotum olarak bilinen torba aras\u0131nda yelpaze \u015feklinde bir deri par\u00e7as\u0131 bulunmas\u0131d\u0131r. Bu g\u00f6r\u00fclen duruma perdeli penis veya penoskrotal web denir. Do\u011fu\u015ftan kaynaklanan veya hatal\u0131 s\u00fcnnetlere ba\u011fl\u0131 olan bu durumlar, penisin ger\u00e7ek boyutundan daha k\u0131sa g\u00f6r\u00fcnmesine neden olur.Ek olarak, cinsel birliktelik s\u0131ras\u0131nda sa\u011fl\u0131k sorunlar\u0131na da neden olabilir. Bu deri, tedavinin bir par\u00e7as\u0131 olarak \u00e7\u0131kar\u0131l\u0131r ve penisin daha uzun g\u00f6r\u00fcnmesini sa\u011flar.<\/p>\n\n\n\n<div class=\"wp-block-buttons is-layout-flex wp-block-buttons-is-layout-flex\"><\/div>\n<\/div>\n<\/div>\n<\/div>\n<\/div>\n\n\n\n<div style=\"height:100px\" aria-hidden=\"true\" class=\"wp-block-spacer\"><\/div>\n\n\n\n<div class=\"wp-block-columns alignwide are-vertically-aligned-center is-layout-flex wp-container-core-columns-is-layout-47c06fe3 wp-block-columns-is-layout-flex\">\n<div class=\"wp-block-column is-vertically-aligned-center is-layout-flow wp-block-column-is-layout-flow\" style=\"flex-basis:50%\">\n<h2 class=\"wp-block-heading has-text-align-center\"><strong><strong>Penis Kal\u0131nla\u015ft\u0131rma<\/strong><\/strong><\/h2>\n\n\n\n<p class=\"has-text-align-center is-style-checkmark-list\">Penis cildi alt\u0131na ya\u011f enjeksiyonu, aktif olarak penis kal\u0131nla\u015ft\u0131rmak i\u00e7in kullan\u0131lan en g\u00fcvenli ve etkili y\u00f6ntemdir. Liposuction y\u00f6ntemi, kas\u0131k veya kar\u0131n \u00e7evresinden al\u0131nan ya\u011flar s\u00fcz\u00fclerek safla\u015ft\u0131r\u0131l\u0131r. Enjeksiyon, penis g\u00f6vdesine e\u015fit \u015fekilde uygulan\u0131r. Bu y\u00f6ntemin amac\u0131, penisin etraf\u0131nda %25 ila %35 oran\u0131nda kal\u0131nl\u0131k olu\u015fturmakt\u0131r. Bu amaca ula\u015fmak i\u00e7in 30 ila 50 mililitre ya\u011f enjeksiyonu yeterlidir. Penis alt\u0131na ya\u011f enjeksiyonu yap\u0131ld\u0131ktan sonra yakla\u015f\u0131k alt\u0131 ay i\u00e7inde ya\u011flar\u0131n %40&#8217;\u0131 orada kal\u0131r. Bu i\u015flemin kalan %40&#8217;\u0131 ise \u00f6m\u00fcr boyu kal\u0131c\u0131d\u0131r. Ancak hasta bu i\u015flemi tekrar yapmak isterse bunu yapmak m\u00fcmk\u00fcnd\u00fcr.<\/p>\n\n\n\n<p class=\"has-text-align-center is-style-checkmark-list\">Hyaluronik asit i\u00e7eren dolgu maddeleri, ya\u011f enjeksiyonu yapmadan da penis kal\u0131nl\u0131\u011f\u0131n\u0131 art\u0131rabilir. Bununla birlikte, bu y\u00f6ntemle kal\u0131nl\u0131k art\u0131\u015f\u0131 sa\u011flayabilmek i\u00e7in \u00e7ok say\u0131da dolgu maddesi kullan\u0131lmas\u0131 gerekir ve dolgu maddelerinin kal\u0131nl\u0131k art\u0131r\u0131c\u0131 etkisi bir y\u0131l gibi bir s\u00fcrede tamamen ortadan kalkar.<\/p>\n<\/div>\n\n\n\n<div class=\"wp-block-column is-vertically-aligned-center is-layout-flow wp-block-column-is-layout-flow\" style=\"flex-basis:50%\">\n<figure class=\"wp-block-image size-full is-resized is-style-rounded is-style-rounded--3\"><img loading=\"lazy\" decoding=\"async\" width=\"301\" height=\"318\" src=\"https:\/\/mehmetsalihboga.com\/wp-content\/uploads\/2025\/12\/4-Penis-basinin-dolgu-enjeksiyonu-ile-buyutulmesi.jpg\" alt=\"\" class=\"wp-image-287\" style=\"aspect-ratio:1.3333333333333333;object-fit:cover;width:470px;height:auto\" srcset=\"https:\/\/mehmetsalihboga.com\/wp-content\/uploads\/2025\/12\/4-Penis-basinin-dolgu-enjeksiyonu-ile-buyutulmesi.jpg 301w, https:\/\/mehmetsalihboga.com\/wp-content\/uploads\/2025\/12\/4-Penis-basinin-dolgu-enjeksiyonu-ile-buyutulmesi-284x300.jpg 284w\" sizes=\"auto, (max-width: 301px) 100vw, 301px\" \/><\/figure>\n<\/div>\n<\/div>\n\n\n\n<div style=\"height:100px\" aria-hidden=\"true\" class=\"wp-block-spacer\"><\/div>\n\n\n\n<div class=\"wp-block-group alignfull has-base-2-background-color has-background has-global-padding is-layout-constrained wp-container-core-group-is-layout-669513ed wp-block-group-is-layout-constrained\" style=\"margin-top:0;margin-bottom:0;padding-top:var(--wp--preset--spacing--50);padding-right:var(--wp--preset--spacing--50);padding-bottom:var(--wp--preset--spacing--50);padding-left:var(--wp--preset--spacing--50)\">\n<div class=\"wp-block-group is-vertical is-content-justification-center is-layout-flex wp-container-core-group-is-layout-ce155fab wp-block-group-is-layout-flex\">\n<h2 class=\"wp-block-heading has-text-align-center has-xx-large-font-size\"><strong><strong><strong>Penis ba\u015f\u0131n\u0131n dolgu enjeksiyonu ile b\u00fcy\u00fct\u00fclmesi<\/strong><\/strong><\/strong><\/h2>\n\n\n\n<p class=\"has-text-align-center\">Hyaluronik asit i\u00e7eren dermal dolgular, penis ba\u015f\u0131na uyguland\u0131\u011f\u0131nda hem boyutu art\u0131r\u0131r hem de duyarl\u0131l\u0131\u011f\u0131 azalt\u0131r, b\u00f6ylece bo\u015falma s\u00fcresini uzat\u0131r.<br>Tek ba\u015f\u0131na uyguland\u0131\u011f\u0131nda, genellikle lokal anestezi alt\u0131nda ger\u00e7ekle\u015ftirilir ve yakla\u015f\u0131k on be\u015f dakika s\u00fcrer.<\/p>\n<\/div>\n\n\n\n<div style=\"height:100px\" aria-hidden=\"true\" class=\"wp-block-spacer\"><\/div>\n\n\n\n<div style=\"height:var(--wp--preset--spacing--30)\" aria-hidden=\"true\" class=\"wp-block-spacer\"><\/div>\n<\/div>\n\n\n\n<p><\/p>\n","protected":false},"excerpt":{"rendered":"<p>Penis B\u00fcy\u00fctme Operasyonlar\u0131 Penis uzatma i\u00e7in onaylanm\u0131\u015f tek y\u00f6ntem cerrahi operasyondur. Bu i\u015flemde, penisi le\u011fen kemi\u011fine asan as\u0131c\u0131 ba\u011flar\u0131n (suspansuar ligamanlar) kesilmesi, penis k\u00f6k\u00fcndeki (suprapubik b\u00f6lge) ya\u011f\u0131n liposuction ile \u00e7\u0131kar\u0131lmas\u0131 ve ard\u0131ndan cilde VY-plasty uygulanarak penisin d\u0131\u015far\u0131 uzat\u0131lmas\u0131d\u0131r. Bu prosed\u00fcr, penis boyunda yakla\u015f\u0131k \u00fc\u00e7 ila d\u00f6rt santimetrelik bir fark yarat\u0131r. Penis as\u0131c\u0131 ba\u011flar\u0131n\u0131n kesilmesi cinsel [&hellip;]<\/p>\n","protected":false},"author":1,"featured_media":0,"parent":0,"menu_order":0,"comment_status":"closed","ping_status":"closed","template":"","meta":{"footnotes":""},"class_list":["post-141","page","type-page","status-publish","hentry"],"_links":{"self":[{"href":"https:\/\/mehmetsalihboga.com\/index.php\/wp-json\/wp\/v2\/pages\/141","targetHints":{"allow":["GET"]}}],"collection":[{"href":"https:\/\/mehmetsalihboga.com\/index.php\/wp-json\/wp\/v2\/pages"}],"about":[{"href":"https:\/\/mehmetsalihboga.com\/index.php\/wp-json\/wp\/v2\/types\/page"}],"author":[{"embeddable":true,"href":"https:\/\/mehmetsalihboga.com\/index.php\/wp-json\/wp\/v2\/users\/1"}],"replies":[{"embeddable":true,"href":"https:\/\/mehmetsalihboga.com\/index.php\/wp-json\/wp\/v2\/comments?post=141"}],"version-history":[{"count":3,"href":"https:\/\/mehmetsalihboga.com\/index.php\/wp-json\/wp\/v2\/pages\/141\/revisions"}],"predecessor-version":[{"id":288,"href":"https:\/\/mehmetsalihboga.com\/index.php\/wp-json\/wp\/v2\/pages\/141\/revisions\/288"}],"wp:attachment":[{"href":"https:\/\/mehmetsalihboga.com\/index.php\/wp-json\/wp\/v2\/media?parent=141"}],"curies":[{"name":"wp","href":"https:\/\/api.w.org\/{rel}","templated":true}]}}