{"id":143,"date":"2025-12-28T10:46:12","date_gmt":"2025-12-28T10:46:12","guid":{"rendered":"https:\/\/mehmetsalihboga.com\/?page_id=143"},"modified":"2025-12-28T21:36:33","modified_gmt":"2025-12-28T21:36:33","slug":"prostat-kanseri","status":"publish","type":"page","link":"https:\/\/mehmetsalihboga.com\/index.php\/prostat-kanseri\/","title":{"rendered":"Prostat Kanseri"},"content":{"rendered":"\n<div class=\"wp-block-group alignfull has-accent-background-color has-background has-global-padding is-layout-constrained wp-container-core-group-is-layout-669513ed wp-block-group-is-layout-constrained\" style=\"margin-top:0;margin-bottom:0;padding-top:var(--wp--preset--spacing--50);padding-right:var(--wp--preset--spacing--50);padding-bottom:var(--wp--preset--spacing--50);padding-left:var(--wp--preset--spacing--50)\">\n<div class=\"wp-block-columns alignwide is-layout-flex wp-container-core-columns-is-layout-1da03c2a wp-block-columns-is-layout-flex\">\n<div class=\"wp-block-column is-vertically-aligned-stretch is-layout-flow wp-block-column-is-layout-flow\" style=\"flex-basis:50%\">\n<div class=\"wp-block-group is-vertical is-content-justification-stretch is-layout-flex wp-container-core-group-is-layout-444d5ee8 wp-block-group-is-layout-flex\" style=\"min-height:100%\">\n<p class=\"has-heading-font-family has-x-large-font-size\" style=\"line-height:1.2\"><strong><strong>Epidemiyoloji<\/strong><\/strong><\/p>\n\n\n\n<div class=\"wp-block-group has-global-padding is-content-justification-left is-layout-constrained wp-container-core-group-is-layout-9fe8ed88 wp-block-group-is-layout-constrained\">\n<p class=\"has-text-align-center\">AKD (Amerikan Kanser Derne\u011fi) istatistiklerine g\u00f6re prostat kanseri, bat\u0131l\u0131 \u00fclkelerde erkeklerde en yayg\u0131n kanser t\u00fcr\u00fcd\u00fcr ve t\u00fcm kanser vakalar\u0131n\u0131n neredeyse d\u00f6rtte birini olu\u015fturur. T\u00fcrkiye&#8217;de de akci\u011fer kanseri ve prostat kanseri, erkeklerde en yayg\u0131n kanser t\u00fcrlerinden biri olmu\u015ftur. En son ara\u015ft\u0131rmalar, bir erke\u011fin hayat\u0131 boyunca bu kansere yakalanma riskinin y\u00fczde on ila yirmi gibi bir oran\u0131n\u0131 g\u00f6stermektedir. Bu hastal\u0131\u011f\u0131n \u00f6l\u00fcm oran\u0131 %3&#8217;t\u00fcr. Bu oranlar, prostat kanserinin s\u0131k g\u00f6r\u00fclen bir kanser t\u00fcr\u00fc olmas\u0131na ra\u011fmen, bilhassa erken safhada te\u015fhis edildi\u011finde ve do\u011fru tedavi uyguland\u0131\u011f\u0131nda iyile\u015fme olas\u0131l\u0131\u011f\u0131n\u0131n \u00e7ok y\u00fcksek oldu\u011funu g\u00f6sterir.<\/p>\n\n\n\n<div class=\"wp-block-buttons is-layout-flex wp-block-buttons-is-layout-flex\"><\/div>\n<\/div>\n<\/div>\n<\/div>\n\n\n\n<div class=\"wp-block-column is-vertically-aligned-center is-layout-flow wp-block-column-is-layout-flow\" style=\"flex-basis:50%\">\n<figure class=\"wp-block-image size-full is-style-rounded is-style-rounded--1\"><img loading=\"lazy\" decoding=\"async\" width=\"405\" height=\"413\" src=\"https:\/\/mehmetsalihboga.com\/wp-content\/uploads\/2025\/12\/1-Prostat-Kanseri-Tanilari.jpg\" alt=\"\" class=\"wp-image-299\" style=\"aspect-ratio:3\/4;object-fit:cover\" srcset=\"https:\/\/mehmetsalihboga.com\/wp-content\/uploads\/2025\/12\/1-Prostat-Kanseri-Tanilari.jpg 405w, https:\/\/mehmetsalihboga.com\/wp-content\/uploads\/2025\/12\/1-Prostat-Kanseri-Tanilari-294x300.jpg 294w\" sizes=\"auto, (max-width: 405px) 100vw, 405px\" \/><\/figure>\n<\/div>\n<\/div>\n<\/div>\n\n\n\n<div class=\"wp-block-group alignfull has-base-2-background-color has-background has-global-padding is-layout-constrained wp-container-core-group-is-layout-669513ed wp-block-group-is-layout-constrained\" style=\"margin-top:0;margin-bottom:0;padding-top:var(--wp--preset--spacing--50);padding-right:var(--wp--preset--spacing--50);padding-bottom:var(--wp--preset--spacing--50);padding-left:var(--wp--preset--spacing--50)\">\n<div class=\"wp-block-group is-vertical is-content-justification-center is-layout-flex wp-container-core-group-is-layout-ce155fab wp-block-group-is-layout-flex\">\n<h2 class=\"wp-block-heading has-text-align-center has-xx-large-font-size\"><strong><strong><strong><strong>Prostat Kanseri Tan\u0131lar\u0131<\/strong><\/strong><\/strong><\/strong><\/h2>\n\n\n\n<p class=\"has-text-align-center\">Prostat kanseri, tipik olarak erken safhada belirgin belirtiler g\u00f6stermez. Bu kanser, ilerlemi\u015f safhada ortaya \u00e7\u0131kan \u015fikayetlere g\u00f6re te\u015fhis edilebilir. Bu durumda ki\u015finin iyile\u015fme \u015fans\u0131 yoktur. Herhangi bir \u015fikayeti olmasa bile, erkeklerin 50 ya\u015f\u0131ndan itibaren y\u0131lda bir kez \u00fcrolog taraf\u0131ndan prostat muayenesi yapt\u0131rmalar\u0131 gerekir. Bunun nedeni, hastal\u0131\u011f\u0131n hen\u00fcz prostat i\u00e7inde s\u0131n\u0131rl\u0131 oldu\u011fu ve hen\u00fcz bir bulgu g\u00f6stermedi\u011fi erken safhada tespit edilmesidir. Bu hastal\u0131\u011f\u0131n fark\u0131ndal\u0131\u011f\u0131n\u0131 art\u0131rmaktan ba\u015fka \u00e7are yoktur.<\/p>\n<\/div>\n\n\n\n<div style=\"height:100px\" aria-hidden=\"true\" class=\"wp-block-spacer\"><\/div>\n\n\n\n<div style=\"height:var(--wp--preset--spacing--30)\" aria-hidden=\"true\" class=\"wp-block-spacer\"><\/div>\n\n\n\n<div class=\"wp-block-group alignfull has-accent-5-background-color has-background has-global-padding is-layout-constrained wp-container-core-group-is-layout-d89aad35 wp-block-group-is-layout-constrained\" style=\"margin-top:0;margin-bottom:0;padding-top:var(--wp--preset--spacing--50);padding-right:var(--wp--preset--spacing--50);padding-bottom:var(--wp--preset--spacing--50);padding-left:var(--wp--preset--spacing--50)\">\n<div class=\"wp-block-columns alignwide is-layout-flex wp-container-core-columns-is-layout-1da03c2a wp-block-columns-is-layout-flex\">\n<div class=\"wp-block-column is-vertically-aligned-center is-layout-flow wp-block-column-is-layout-flow\" style=\"flex-basis:60%\">\n<figure class=\"wp-block-image aligncenter size-full is-style-rounded wp-duotone-duotone-1 is-style-rounded--2\"><img loading=\"lazy\" decoding=\"async\" width=\"826\" height=\"381\" src=\"https:\/\/mehmetsalihboga.com\/wp-content\/uploads\/2025\/12\/2-Prostat-Kanseri-Riskini-Artiran-Nedenler.jpg\" alt=\"\" class=\"wp-image-300\" style=\"aspect-ratio:1.3333333333333333;object-fit:cover\" srcset=\"https:\/\/mehmetsalihboga.com\/wp-content\/uploads\/2025\/12\/2-Prostat-Kanseri-Riskini-Artiran-Nedenler.jpg 826w, https:\/\/mehmetsalihboga.com\/wp-content\/uploads\/2025\/12\/2-Prostat-Kanseri-Riskini-Artiran-Nedenler-300x138.jpg 300w, https:\/\/mehmetsalihboga.com\/wp-content\/uploads\/2025\/12\/2-Prostat-Kanseri-Riskini-Artiran-Nedenler-768x354.jpg 768w\" sizes=\"auto, (max-width: 826px) 100vw, 826px\" \/><\/figure>\n<\/div>\n\n\n\n<div class=\"wp-block-column is-layout-flow wp-block-column-is-layout-flow\" style=\"flex-basis:40%\">\n<h2 class=\"wp-block-heading has-text-align-center\"><strong><strong><strong><strong><strong>Prostat Kanseri Riskini Art\u0131ran Nedenler<\/strong><\/strong><\/strong><\/strong><\/strong><\/h2>\n\n\n\n<p class=\"has-text-align-center\">\u00c7o\u011fu kanser t\u00fcr\u00fcnde oldu\u011fu gibi bu hastal\u0131kta da bir tek sorumlu ajan veya s\u00fcre\u00e7 belirlenmemi\u015ftir. Bununla birlikte, prostat kanseri i\u00e7in kesin olarak belirlenmi\u015f \u00fc\u00e7 risk fakt\u00f6r\u00fc vard\u0131r. Ya\u015f, etnik k\u00f6ken ve genetik. Prostat kanseri, ya\u015f ilerledik\u00e7e daha yayg\u0131nd\u0131r. \u00d6rne\u011fin %2&#8217;si 50 ya\u015f\u0131n alt\u0131ndad\u0131r. Epidemiyolojik ara\u015ft\u0131rmalar, prostat kanserinin hem ailesel hem de genetik fakt\u00f6rlerle ili\u015fkili oldu\u011funu g\u00f6stermi\u015ftir. Bu nedenle, bu hastal\u0131\u011f\u0131 daha \u00f6nce ya\u015fayan aile \u00fcyelerinin genel verilere oranla daha s\u0131k tarama yapt\u0131rmas\u0131 \u00f6nerilir. Do\u011fu Asya\u2019da daha az g\u00f6r\u00fcl\u00fcrken, siyahi \u0131rkta daha fazla g\u00f6r\u00fcl\u00fcr. Bununla birlikte, Do\u011fu Asya k\u00f6kenli bir ki\u015fi Amerika&#8217;ya g\u00f6\u00e7 etti\u011finde bu risk oran\u0131 artacakt\u0131r. Bu verilere g\u00f6re, etnik k\u00f6kenin belirli bir \u00f6l\u00e7\u00fcde etkisi oldu\u011fu d\u00fc\u015f\u00fcn\u00fclmektedir ve bol ya\u011fl\u0131 ve d\u00fc\u015f\u00fck fibrinli beslenme gibi \u00e7evresel fakt\u00f6rlerin baz\u0131 durumlarda risk olu\u015fturdu\u011fu d\u00fc\u015f\u00fcn\u00fclmektedir.<\/p>\n\n\n\n<div class=\"wp-block-buttons is-layout-flex wp-block-buttons-is-layout-flex\"><\/div>\n<\/div>\n<\/div>\n<\/div>\n<\/div>\n\n\n\n<div style=\"height:100px\" aria-hidden=\"true\" class=\"wp-block-spacer\"><\/div>\n\n\n\n<div class=\"wp-block-columns alignwide are-vertically-aligned-center is-layout-flex wp-container-core-columns-is-layout-47c06fe3 wp-block-columns-is-layout-flex\">\n<div class=\"wp-block-column is-vertically-aligned-center is-layout-flow wp-block-column-is-layout-flow\" style=\"flex-basis:50%\">\n<h2 class=\"wp-block-heading has-text-align-center\"><strong><strong>Prostat Kanseri Tan\u0131 Y\u00f6ntemleri Nelerdir?<\/strong><\/strong><\/h2>\n\n\n\n<p class=\"has-text-align-center is-style-checkmark-list\">PSA olarak bilinen, prostattan salg\u0131lanan ve kana belirli seviyelerde ge\u00e7en bir proteinin kandaki d\u00fczeyinin \u00f6l\u00e7\u00fclmesi ve makattan parmakla yap\u0131lan prostat muayenesi, tan\u0131 koyman\u0131n ilk ad\u0131m\u0131 olarak kabul edilir. PSA seviyesi d\u00fc\u015f\u00fck oldu\u011funda kanser olmad\u0131\u011f\u0131 anlam\u0131na gelmezken, y\u00fcksek oldu\u011funda mutlak kanser oldu\u011fu anlam\u0131na gelmez. Bununla birlikte, bu iki muayene y\u00f6nteminde de prostat kanseri \u015f\u00fcphesini ortaya \u00e7\u0131karacak bulgular elde edilirse, kesin bir tan\u0131 i\u00e7in doku \u00f6rne\u011fi al\u0131nmas\u0131 gerekir.<\/p>\n<\/div>\n\n\n\n<div class=\"wp-block-column is-vertically-aligned-center is-layout-flow wp-block-column-is-layout-flow\" style=\"flex-basis:50%\">\n<figure class=\"wp-block-image size-full is-resized is-style-rounded is-style-rounded--3\"><img loading=\"lazy\" decoding=\"async\" width=\"407\" height=\"408\" src=\"https:\/\/mehmetsalihboga.com\/wp-content\/uploads\/2025\/12\/3-Prostat-Kanseri-Tani-Yontemleri-Nelerdir.jpg\" alt=\"\" class=\"wp-image-301\" style=\"aspect-ratio:1.3333333333333333;object-fit:cover;width:470px;height:auto\" srcset=\"https:\/\/mehmetsalihboga.com\/wp-content\/uploads\/2025\/12\/3-Prostat-Kanseri-Tani-Yontemleri-Nelerdir.jpg 407w, https:\/\/mehmetsalihboga.com\/wp-content\/uploads\/2025\/12\/3-Prostat-Kanseri-Tani-Yontemleri-Nelerdir-300x300.jpg 300w, https:\/\/mehmetsalihboga.com\/wp-content\/uploads\/2025\/12\/3-Prostat-Kanseri-Tani-Yontemleri-Nelerdir-150x150.jpg 150w\" sizes=\"auto, (max-width: 407px) 100vw, 407px\" \/><\/figure>\n<\/div>\n<\/div>\n\n\n\n<div style=\"height:100px\" aria-hidden=\"true\" class=\"wp-block-spacer\"><\/div>\n\n\n\n<div class=\"wp-block-group alignfull has-base-2-background-color has-background has-global-padding is-layout-constrained wp-container-core-group-is-layout-669513ed wp-block-group-is-layout-constrained\" style=\"margin-top:0;margin-bottom:0;padding-top:var(--wp--preset--spacing--50);padding-right:var(--wp--preset--spacing--50);padding-bottom:var(--wp--preset--spacing--50);padding-left:var(--wp--preset--spacing--50)\">\n<div class=\"wp-block-group is-vertical is-content-justification-center is-layout-flex wp-container-core-group-is-layout-ce155fab wp-block-group-is-layout-flex\">\n<h2 class=\"wp-block-heading has-text-align-center has-xx-large-font-size\"><strong><strong><strong>Prostat Biyopsisi Ne Zaman Yap\u0131lmal\u0131d\u0131r?<\/strong><\/strong><\/strong><\/h2>\n\n\n\n<p class=\"has-text-align-center\">Prostat biyopsisi, ultrason ile birlikte makattan girilerek yap\u0131l\u0131r ve doku \u00f6rnekleri al\u0131narak prostat\u0131n on ila on iki noktas\u0131na k\u00f6rlemesine at\u0131\u015f yap\u0131l\u0131r. Bununla birlikte, bu y\u00f6ntemle prostat kanseri bulgular\u0131n\u0131n yaln\u0131zca y\u00fczde 70 ila y\u00fczde 75&#8217;inin tan\u0131s\u0131 yap\u0131labilir. Genellikle kanser bulgular\u0131n\u0131n \u00f6nemli bir k\u0131sm\u0131 atlanmaktad\u0131r. Biyopsi sonras\u0131nda kanser te\u015fhisi konulmayan ancak \u015f\u00fcphesi devam eden olgularda tekrarlayan biyopsiler yap\u0131lmas\u0131 \u00f6nerilir. Bu, hastalarda a\u011fr\u0131, enfeksiyon ve kanama riskine neden olur. Ge\u00e7en y\u0131llarda geli\u015ftirilen bir &#8220;ak\u0131ll\u0131 biyopsi&#8221; y\u00f6ntemi olan MR F\u00fczyon Biyopsi Metodu, prostatta kanser \u015f\u00fcphesi g\u00f6steren odaklar\u0131 belirleyerek nokta at\u0131\u015f\u0131 yap\u0131lmas\u0131n\u0131 sa\u011flar. Bu y\u00f6ntem prostat kanseri te\u015fhisinde olduk\u00e7a do\u011frudur (%98). Genel olarak yap\u0131lan biyopsilere g\u00f6re kanser bulgular\u0131n\u0131 atlamad\u0131\u011f\u0131 i\u00e7in tekrar biyopsi yap\u0131lmas\u0131na gerek yoktur.<\/p>\n\n\n\n<p class=\"has-text-align-center\"><\/p>\n<\/div>\n\n\n\n<div style=\"height:100px\" aria-hidden=\"true\" class=\"wp-block-spacer\"><\/div>\n\n\n\n<div style=\"height:var(--wp--preset--spacing--30)\" aria-hidden=\"true\" class=\"wp-block-spacer\"><\/div>\n\n\n\n<div class=\"wp-block-group alignfull has-accent-5-background-color has-background has-global-padding is-layout-constrained wp-container-core-group-is-layout-d89aad35 wp-block-group-is-layout-constrained\" style=\"margin-top:0;margin-bottom:0;padding-top:var(--wp--preset--spacing--50);padding-right:var(--wp--preset--spacing--50);padding-bottom:var(--wp--preset--spacing--50);padding-left:var(--wp--preset--spacing--50)\">\n<div class=\"wp-block-columns alignwide is-layout-flex wp-container-core-columns-is-layout-1da03c2a wp-block-columns-is-layout-flex\">\n<div class=\"wp-block-column is-vertically-aligned-center is-layout-flow wp-block-column-is-layout-flow\" style=\"flex-basis:60%\">\n<figure class=\"wp-block-image aligncenter size-full is-style-rounded wp-duotone-duotone-1 is-style-rounded--4\"><img loading=\"lazy\" decoding=\"async\" width=\"739\" height=\"526\" src=\"https:\/\/mehmetsalihboga.com\/wp-content\/uploads\/2025\/12\/5-Tedavi-Secenekleri-Nelerdir.jpg\" alt=\"\" class=\"wp-image-302\" style=\"aspect-ratio:4\/3;object-fit:cover\" srcset=\"https:\/\/mehmetsalihboga.com\/wp-content\/uploads\/2025\/12\/5-Tedavi-Secenekleri-Nelerdir.jpg 739w, https:\/\/mehmetsalihboga.com\/wp-content\/uploads\/2025\/12\/5-Tedavi-Secenekleri-Nelerdir-300x214.jpg 300w\" sizes=\"auto, (max-width: 739px) 100vw, 739px\" \/><\/figure>\n<\/div>\n\n\n\n<div class=\"wp-block-column is-layout-flow wp-block-column-is-layout-flow\" style=\"flex-basis:40%\">\n<h2 class=\"wp-block-heading has-text-align-center\"><strong><strong><strong><strong>Tedavi Se\u00e7enekleri Nelerdir?<\/strong><\/strong><\/strong><\/strong><\/h2>\n\n\n\n<p class=\"has-text-align-center\">Prostat kanseri tedavi se\u00e7enekleri, t\u00fcm\u00f6r\u00fcn patolojik \u00f6zelliklerine (evre, derece vb.), hastan\u0131n ya\u015f\u0131na ve devam eden sa\u011fl\u0131k durumuna g\u00f6re se\u00e7ilmelidir. Aktif \u0130zlem, Hormon Tedavisi, Kemoterapi, Fokal Tedaviler (HIFU), Radyoterapi, Cerrahi (Radikal Prostatektomi) veya I\u015f\u0131n Tedavisi gibi \u00e7e\u015fitli tedavi se\u00e7enekleri vard\u0131r. Yukar\u0131da belirtilen ko\u015fullar g\u00f6z \u00f6n\u00fcne al\u0131nd\u0131\u011f\u0131nda, hasta, alesi ve doktor birlikte karar vermelidir.<\/p>\n\n\n\n<div class=\"wp-block-buttons is-layout-flex wp-block-buttons-is-layout-flex\"><\/div>\n<\/div>\n<\/div>\n<\/div>\n<\/div>\n\n\n\n<div class=\"wp-block-group alignfull has-global-padding is-layout-constrained wp-container-core-group-is-layout-d89aad35 wp-block-group-is-layout-constrained\" style=\"margin-top:0;margin-bottom:0;padding-top:var(--wp--preset--spacing--50);padding-right:var(--wp--preset--spacing--50);padding-bottom:var(--wp--preset--spacing--50);padding-left:var(--wp--preset--spacing--50)\">\n<div class=\"wp-block-columns alignwide are-vertically-aligned-center is-layout-flex wp-container-core-columns-is-layout-47c06fe3 wp-block-columns-is-layout-flex\">\n<div class=\"wp-block-column is-vertically-aligned-center is-layout-flow wp-block-column-is-layout-flow\" style=\"flex-basis:50%\">\n<h2 class=\"wp-block-heading has-text-align-center\"><strong><strong>Cerrahi Uygulamalar<\/strong><\/strong><\/h2>\n\n\n\n<p class=\"has-text-align-center is-style-checkmark-list\">Radikal prostatektomi ameliyat\u0131, prostat\u0131n tamam\u0131n\u0131n \u00e7\u0131kar\u0131lmas\u0131 olup, yay\u0131lma yapmam\u0131\u015f hastal\u0131klarda en etkili tedavi y\u00f6ntemidir. Radikal prostatektomi operasyonu ge\u00e7iren hastalar\u0131n on y\u0131ll\u0131k sa\u011f kal\u0131m oran\u0131 %90 \u00fczerindedir. Bu nedenle, radikal prostatektomi t\u00fcm tedavi se\u00e7enekleri aras\u0131nda en iyi se\u00e7imdir. Prostat dokusunun yerle\u015fim yeri, idrar tutmay\u0131 sa\u011flayan yap\u0131lara ve cinsel i\u015flevi ger\u00e7ekle\u015ftiren sinirlere \u00e7ok yak\u0131nd\u0131r. Bu operasyon s\u0131ras\u0131nda idrar tutmay\u0131 sa\u011flayan yap\u0131lara zarar verilmemesi ve cinsel i\u015flevlerin bozulmamas\u0131 i\u00e7in sinirlerin korunmas\u0131 \u00e7ok \u00f6nemlidir.<br><br>Cinsel fonksiyonlar\u0131 sa\u011flayan sinirler ve idrar tutmay\u0131 sa\u011flayan yap\u0131lar\u0131n daha kolay ve g\u00fcvenli korunmas\u0131, robotik cerrahi uygulamas\u0131n\u0131n a\u00e7\u0131k cerrahi uygulamas\u0131na g\u00f6re en b\u00fcy\u00fck avantaj\u0131d\u0131r. Robotik cerrahi a\u00e7\u0131k cerrahiye g\u00f6re, daha az kesi, daha az kan &nbsp;kayb\u0131 ve daha h\u0131zl\u0131 taburculuk nedeniyle daha avantajl\u0131d\u0131r.<\/p>\n<\/div>\n\n\n\n<div class=\"wp-block-column is-vertically-aligned-center is-layout-flow wp-block-column-is-layout-flow\" style=\"flex-basis:50%\">\n<figure class=\"wp-block-image size-full is-style-rounded is-style-rounded--5\"><img loading=\"lazy\" decoding=\"async\" width=\"555\" height=\"555\" src=\"https:\/\/mehmetsalihboga.com\/wp-content\/uploads\/2025\/12\/6-Cerrahi-Uygulamalar.jpg\" alt=\"\" class=\"wp-image-304\" style=\"aspect-ratio:4\/3;object-fit:cover\" srcset=\"https:\/\/mehmetsalihboga.com\/wp-content\/uploads\/2025\/12\/6-Cerrahi-Uygulamalar.jpg 555w, https:\/\/mehmetsalihboga.com\/wp-content\/uploads\/2025\/12\/6-Cerrahi-Uygulamalar-300x300.jpg 300w, https:\/\/mehmetsalihboga.com\/wp-content\/uploads\/2025\/12\/6-Cerrahi-Uygulamalar-150x150.jpg 150w\" sizes=\"auto, (max-width: 555px) 100vw, 555px\" \/><\/figure>\n<\/div>\n<\/div>\n<\/div>\n\n\n\n<p><\/p>\n","protected":false},"excerpt":{"rendered":"<p>Epidemiyoloji AKD (Amerikan Kanser Derne\u011fi) istatistiklerine g\u00f6re prostat kanseri, bat\u0131l\u0131 \u00fclkelerde erkeklerde en yayg\u0131n kanser t\u00fcr\u00fcd\u00fcr ve t\u00fcm kanser vakalar\u0131n\u0131n neredeyse d\u00f6rtte birini olu\u015fturur. T\u00fcrkiye&#8217;de de akci\u011fer kanseri ve prostat kanseri, erkeklerde en yayg\u0131n kanser t\u00fcrlerinden biri olmu\u015ftur. En son ara\u015ft\u0131rmalar, bir erke\u011fin hayat\u0131 boyunca bu kansere yakalanma riskinin y\u00fczde on ila yirmi gibi bir [&hellip;]<\/p>\n","protected":false},"author":1,"featured_media":0,"parent":0,"menu_order":0,"comment_status":"closed","ping_status":"closed","template":"","meta":{"footnotes":""},"class_list":["post-143","page","type-page","status-publish","hentry"],"_links":{"self":[{"href":"https:\/\/mehmetsalihboga.com\/index.php\/wp-json\/wp\/v2\/pages\/143","targetHints":{"allow":["GET"]}}],"collection":[{"href":"https:\/\/mehmetsalihboga.com\/index.php\/wp-json\/wp\/v2\/pages"}],"about":[{"href":"https:\/\/mehmetsalihboga.com\/index.php\/wp-json\/wp\/v2\/types\/page"}],"author":[{"embeddable":true,"href":"https:\/\/mehmetsalihboga.com\/index.php\/wp-json\/wp\/v2\/users\/1"}],"replies":[{"embeddable":true,"href":"https:\/\/mehmetsalihboga.com\/index.php\/wp-json\/wp\/v2\/comments?post=143"}],"version-history":[{"count":3,"href":"https:\/\/mehmetsalihboga.com\/index.php\/wp-json\/wp\/v2\/pages\/143\/revisions"}],"predecessor-version":[{"id":305,"href":"https:\/\/mehmetsalihboga.com\/index.php\/wp-json\/wp\/v2\/pages\/143\/revisions\/305"}],"wp:attachment":[{"href":"https:\/\/mehmetsalihboga.com\/index.php\/wp-json\/wp\/v2\/media?parent=143"}],"curies":[{"name":"wp","href":"https:\/\/api.w.org\/{rel}","templated":true}]}}