{"id":147,"date":"2025-12-28T10:52:07","date_gmt":"2025-12-28T10:52:07","guid":{"rendered":"https:\/\/mehmetsalihboga.com\/?page_id=147"},"modified":"2025-12-28T21:19:26","modified_gmt":"2025-12-28T21:19:26","slug":"mesane-kanseri","status":"publish","type":"page","link":"https:\/\/mehmetsalihboga.com\/index.php\/mesane-kanseri\/","title":{"rendered":"Mesane Kanseri"},"content":{"rendered":"\n<div class=\"wp-block-group alignfull has-accent-background-color has-background has-global-padding is-layout-constrained wp-container-core-group-is-layout-669513ed wp-block-group-is-layout-constrained\" style=\"margin-top:0;margin-bottom:0;padding-top:var(--wp--preset--spacing--50);padding-right:var(--wp--preset--spacing--50);padding-bottom:var(--wp--preset--spacing--50);padding-left:var(--wp--preset--spacing--50)\">\n<div class=\"wp-block-columns alignwide is-layout-flex wp-container-core-columns-is-layout-1da03c2a wp-block-columns-is-layout-flex\">\n<div class=\"wp-block-column is-vertically-aligned-stretch is-layout-flow wp-block-column-is-layout-flow\" style=\"flex-basis:50%\">\n<div class=\"wp-block-group is-vertical is-content-justification-stretch is-layout-flex wp-container-core-group-is-layout-444d5ee8 wp-block-group-is-layout-flex\" style=\"min-height:100%\">\n<p class=\"has-text-align-left has-heading-font-family has-x-large-font-size\" style=\"line-height:1.2\"><strong><strong>Mesane Kanserleri<\/strong><\/strong><\/p>\n\n\n\n<div class=\"wp-block-group has-global-padding is-content-justification-left is-layout-constrained wp-container-core-group-is-layout-9fe8ed88 wp-block-group-is-layout-constrained\">\n<p class=\"has-text-align-center\">Erkeklerde en yayg\u0131n olan yedinci kanser t\u00fcr\u00fcd\u00fcr. Cinsiyetten ba\u011f\u0131ms\u0131z olarak on dokuzuncu s\u0131rada yer al\u0131r. Mesane kanseri erkeklerde kad\u0131nlara g\u00f6re daha yayg\u0131nd\u0131r, ancak kad\u0131nlarda daha agresif bir \u015fekilde ortaya \u00e7\u0131kar. Bu hastal\u0131\u011f\u0131n g\u00f6r\u00fclme s\u0131kl\u0131\u011f\u0131 ya\u015f ilerlemesiyle do\u011fru orant\u0131l\u0131 olarak artar. Yine de bu durumun erken ya\u015fta ortaya \u00e7\u0131kmayaca\u011f\u0131 anlam\u0131na gelmez. Her ya\u015ftan insan bunu ya\u015fayabilir. S\u0131k\u0131 takip gerektiren bir hastal\u0131kt\u0131r ve semptomlar\u0131n %75&#8217;lik bir k\u0131sm\u0131 erken evrede g\u00f6r\u00fclebilir. Mesane kanseri, tedavi ile birlikte tekrarlama olas\u0131l\u0131\u011f\u0131 olan bir hastal\u0131kt\u0131r.<\/p>\n\n\n\n<div class=\"wp-block-buttons is-layout-flex wp-block-buttons-is-layout-flex\"><\/div>\n<\/div>\n<\/div>\n<\/div>\n\n\n\n<div class=\"wp-block-column is-vertically-aligned-center is-layout-flow wp-block-column-is-layout-flow\" style=\"flex-basis:50%\">\n<figure class=\"wp-block-image size-full is-resized is-style-rounded is-style-rounded--1\"><img loading=\"lazy\" decoding=\"async\" width=\"415\" height=\"452\" src=\"https:\/\/mehmetsalihboga.com\/wp-content\/uploads\/2025\/12\/1-Mesane-Kanse.jpg\" alt=\"\" class=\"wp-image-263\" style=\"aspect-ratio:0.75;object-fit:cover;width:470px;height:auto\" srcset=\"https:\/\/mehmetsalihboga.com\/wp-content\/uploads\/2025\/12\/1-Mesane-Kanse.jpg 415w, https:\/\/mehmetsalihboga.com\/wp-content\/uploads\/2025\/12\/1-Mesane-Kanse-275x300.jpg 275w\" sizes=\"auto, (max-width: 415px) 100vw, 415px\" \/><\/figure>\n<\/div>\n<\/div>\n<\/div>\n\n\n\n<div class=\"wp-block-group alignfull has-base-2-background-color has-background has-global-padding is-layout-constrained wp-container-core-group-is-layout-669513ed wp-block-group-is-layout-constrained\" style=\"margin-top:0;margin-bottom:0;padding-top:var(--wp--preset--spacing--50);padding-right:var(--wp--preset--spacing--50);padding-bottom:var(--wp--preset--spacing--50);padding-left:var(--wp--preset--spacing--50)\">\n<div class=\"wp-block-group is-vertical is-content-justification-center is-layout-flex wp-container-core-group-is-layout-ce155fab wp-block-group-is-layout-flex\">\n<h2 class=\"wp-block-heading has-text-align-center has-xx-large-font-size\"><strong><strong><strong><strong>Mesane kanseri riskini belirleyen fakt\u00f6rler nelerdir?<\/strong><\/strong><\/strong><\/strong><\/h2>\n\n\n\n<p class=\"has-text-align-center\">Sigara ve di\u011fer t\u00fct\u00fcn \u00fcr\u00fcnleri en b\u00fcy\u00fck risk fakt\u00f6rleridir. Erkeklerde g\u00f6r\u00fclen kanserlerin %55 ila %60&#8217;\u0131n\u0131n ve kad\u0131nlarda %20 ila %30&#8217;unun direkt olarak sigara kullan\u0131m\u0131 ile ili\u015fkili oldu\u011fu bilinmektedir.<br><br>Di\u011fer risk fakt\u00f6rleri aras\u0131nda kimyasallara (\u00f6zellikle boya, deri, tekstil ve petrol \u00fcr\u00fcnleri), uzun s\u00fcreli iritasyon (ta\u015f, enfeksiyonlar, sondalar vb.), baz\u0131 parazitler (\u015fistozoma gibi) ve radyoterapiye maruz kalmak yer al\u0131r.<\/p>\n<\/div>\n\n\n\n<div style=\"height:100px\" aria-hidden=\"true\" class=\"wp-block-spacer\"><\/div>\n\n\n\n<div style=\"height:var(--wp--preset--spacing--30)\" aria-hidden=\"true\" class=\"wp-block-spacer\"><\/div>\n\n\n\n<div class=\"wp-block-group alignfull has-accent-5-background-color has-background has-global-padding is-layout-constrained wp-container-core-group-is-layout-d89aad35 wp-block-group-is-layout-constrained\" style=\"margin-top:0;margin-bottom:0;padding-top:var(--wp--preset--spacing--50);padding-right:var(--wp--preset--spacing--50);padding-bottom:var(--wp--preset--spacing--50);padding-left:var(--wp--preset--spacing--50)\">\n<div class=\"wp-block-columns alignwide is-layout-flex wp-container-core-columns-is-layout-1da03c2a wp-block-columns-is-layout-flex\">\n<div class=\"wp-block-column is-vertically-aligned-center is-layout-flow wp-block-column-is-layout-flow\" style=\"flex-basis:60%\">\n<figure class=\"wp-block-image aligncenter size-full is-resized is-style-rounded wp-duotone-duotone-1 is-style-rounded--2\"><img loading=\"lazy\" decoding=\"async\" width=\"405\" height=\"405\" src=\"https:\/\/mehmetsalihboga.com\/wp-content\/uploads\/2025\/12\/3-Mesane-Tumorunun-Belirtileri.jpg\" alt=\"\" class=\"wp-image-264\" style=\"aspect-ratio:1.3333333333333333;object-fit:cover;width:564px;height:auto\" srcset=\"https:\/\/mehmetsalihboga.com\/wp-content\/uploads\/2025\/12\/3-Mesane-Tumorunun-Belirtileri.jpg 405w, https:\/\/mehmetsalihboga.com\/wp-content\/uploads\/2025\/12\/3-Mesane-Tumorunun-Belirtileri-300x300.jpg 300w, https:\/\/mehmetsalihboga.com\/wp-content\/uploads\/2025\/12\/3-Mesane-Tumorunun-Belirtileri-150x150.jpg 150w\" sizes=\"auto, (max-width: 405px) 100vw, 405px\" \/><\/figure>\n<\/div>\n\n\n\n<div class=\"wp-block-column is-layout-flow wp-block-column-is-layout-flow\" style=\"flex-basis:40%\">\n<h2 class=\"wp-block-heading has-text-align-center\"><strong><strong><strong><strong><strong>Mesane T\u00fcm\u00f6r\u00fcn\u00fcn Belirtileri<\/strong><\/strong><\/strong><\/strong><\/strong><\/h2>\n\n\n\n<p class=\"has-text-align-center\">Bu hastal\u0131\u011f\u0131n en yayg\u0131n bulgusu idrarda kanamad\u0131r. Genel olarak a\u011fr\u0131s\u0131zd\u0131r. Bazen bu kanamalar idrarda g\u00f6r\u00fclmeyebilir, bu nedenle idrar tahlili yapt\u0131rmak gerekir. Hastal\u0131\u011f\u0131n erken d\u00f6neminde, kanama d\u0131\u015f\u0131nda idrar yaparken a\u011fr\u0131 ve yanma, idrar yapmada g\u00fc\u00e7l\u00fck \u00e7ekme ve s\u0131k s\u0131k idrara \u00e7\u0131kma gibi \u015fikayetler g\u00f6r\u00fclebilir. Hastal\u0131k ilerleme evresine ge\u00e7ti\u011finde, organlarda metastaz olu\u015fabilir ve kilo kayb\u0131, idrar ve d\u0131\u015fk\u0131lama kontrol\u00fcn\u00fcn kaybedilmesi, \u00f6ks\u00fcrme, bilin\u00e7 bulan\u0131kl\u0131\u011f\u0131 ve kemiklerde a\u011fr\u0131 gibi belirtiler de ortaya \u00e7\u0131kabilir.<\/p>\n\n\n\n<div class=\"wp-block-buttons is-layout-flex wp-block-buttons-is-layout-flex\"><\/div>\n<\/div>\n<\/div>\n<\/div>\n<\/div>\n\n\n\n<div style=\"height:100px\" aria-hidden=\"true\" class=\"wp-block-spacer\"><\/div>\n\n\n\n<div class=\"wp-block-columns alignwide are-vertically-aligned-center is-layout-flex wp-container-core-columns-is-layout-47c06fe3 wp-block-columns-is-layout-flex\">\n<div class=\"wp-block-column is-vertically-aligned-center is-layout-flow wp-block-column-is-layout-flow\" style=\"flex-basis:50%\">\n<h2 class=\"wp-block-heading has-text-align-center\"><strong><strong>Tan\u0131 teknikleri nelerdir?<\/strong><\/strong><\/h2>\n\n\n\n<p class=\"has-text-align-center is-style-checkmark-list\">Sistoskopi, idrar kanallar\u0131ndan (\u00fcretra) optik bir cihazla girilerek mesanenin i\u00e7inin g\u00f6r\u00fcnt\u00fclenmesidir. Bu i\u015flem i\u00e7in esnek cihazlar kullan\u0131l\u0131rken lokal anestezi de kullan\u0131labilir.<br><br>Biyopsi: Sistoskopi s\u0131ras\u0131nda mesane i\u00e7inden al\u0131nan bir biyopsi, patolojik inceleme i\u00e7in laboratuvara \u00f6rnek g\u00f6ndermek i\u00e7in kullan\u0131labilir. Bu i\u015flem bazen tan\u0131 ve bazen tedavi ama\u00e7l\u0131&nbsp; &#8220;TUR (trans\u00fcretral rezeksiyon)&#8221; olarak yap\u0131labilir.<br><br>\u0130drar sitolojisi, bir hastadan al\u0131nan idrar \u00f6rne\u011finin kanserli h\u00fccrelerin olup olmad\u0131\u011f\u0131n\u0131 belirlemek i\u00e7in mikroskop alt\u0131nda incelenmesini i\u00e7erir.<\/p>\n<\/div>\n\n\n\n<div class=\"wp-block-column is-vertically-aligned-center is-layout-flow wp-block-column-is-layout-flow\" style=\"flex-basis:50%\">\n<figure class=\"wp-block-image size-full is-resized is-style-rounded is-style-rounded--3\"><img loading=\"lazy\" decoding=\"async\" width=\"384\" height=\"384\" src=\"https:\/\/mehmetsalihboga.com\/wp-content\/uploads\/2025\/12\/4-Tani-teknikleri-nelerdir.png.jpg\" alt=\"\" class=\"wp-image-265\" style=\"aspect-ratio:1.3333333333333333;object-fit:cover;width:470px;height:auto\" srcset=\"https:\/\/mehmetsalihboga.com\/wp-content\/uploads\/2025\/12\/4-Tani-teknikleri-nelerdir.png.jpg 384w, https:\/\/mehmetsalihboga.com\/wp-content\/uploads\/2025\/12\/4-Tani-teknikleri-nelerdir.png-300x300.jpg 300w, https:\/\/mehmetsalihboga.com\/wp-content\/uploads\/2025\/12\/4-Tani-teknikleri-nelerdir.png-150x150.jpg 150w\" sizes=\"auto, (max-width: 384px) 100vw, 384px\" \/><\/figure>\n<\/div>\n<\/div>\n\n\n\n<div style=\"height:100px\" aria-hidden=\"true\" class=\"wp-block-spacer\"><\/div>\n\n\n\n<div class=\"wp-block-group alignfull has-base-2-background-color has-background has-global-padding is-layout-constrained wp-container-core-group-is-layout-669513ed wp-block-group-is-layout-constrained\" style=\"margin-top:0;margin-bottom:0;padding-top:var(--wp--preset--spacing--50);padding-right:var(--wp--preset--spacing--50);padding-bottom:var(--wp--preset--spacing--50);padding-left:var(--wp--preset--spacing--50)\">\n<div class=\"wp-block-group is-vertical is-content-justification-center is-layout-flex wp-container-core-group-is-layout-ce155fab wp-block-group-is-layout-flex\">\n<h2 class=\"wp-block-heading has-text-align-center has-xx-large-font-size\"><strong><strong><strong>G\u00f6r\u00fcnt\u00fcleme Y\u00f6ntemleri<\/strong><\/strong><\/strong><\/h2>\n\n\n\n<p class=\"has-text-align-center\">Tan\u0131 koyulmadan \u00f6nce ve sonra evreleme amac\u0131yla radyolojik g\u00f6r\u00fcnt\u00fcleme y\u00f6ntemlerinin (CT, MRI, PET\/CT vb.) kullan\u0131lmas\u0131 gerekir.<br><br><\/p>\n<\/div>\n\n\n\n<div style=\"height:100px\" aria-hidden=\"true\" class=\"wp-block-spacer\"><\/div>\n\n\n\n<div style=\"height:var(--wp--preset--spacing--30)\" aria-hidden=\"true\" class=\"wp-block-spacer\"><\/div>\n\n\n\n<div class=\"wp-block-group alignfull has-accent-5-background-color has-background has-global-padding is-layout-constrained wp-container-core-group-is-layout-d89aad35 wp-block-group-is-layout-constrained\" style=\"margin-top:0;margin-bottom:0;padding-top:var(--wp--preset--spacing--50);padding-right:var(--wp--preset--spacing--50);padding-bottom:var(--wp--preset--spacing--50);padding-left:var(--wp--preset--spacing--50)\">\n<div class=\"wp-block-columns alignwide is-layout-flex wp-container-core-columns-is-layout-1da03c2a wp-block-columns-is-layout-flex\">\n<div class=\"wp-block-column is-vertically-aligned-center is-layout-flow wp-block-column-is-layout-flow\" style=\"flex-basis:60%\">\n<figure class=\"wp-block-image aligncenter size-full is-resized is-style-rounded wp-duotone-duotone-1 is-style-rounded--4\"><img loading=\"lazy\" decoding=\"async\" width=\"330\" height=\"330\" src=\"https:\/\/mehmetsalihboga.com\/wp-content\/uploads\/2025\/12\/5-Tedavi-Yontemleri.jpg\" alt=\"\" class=\"wp-image-266\" style=\"aspect-ratio:1.3333333333333333;object-fit:cover;width:564px;height:auto\" srcset=\"https:\/\/mehmetsalihboga.com\/wp-content\/uploads\/2025\/12\/5-Tedavi-Yontemleri.jpg 330w, https:\/\/mehmetsalihboga.com\/wp-content\/uploads\/2025\/12\/5-Tedavi-Yontemleri-300x300.jpg 300w, https:\/\/mehmetsalihboga.com\/wp-content\/uploads\/2025\/12\/5-Tedavi-Yontemleri-150x150.jpg 150w\" sizes=\"auto, (max-width: 330px) 100vw, 330px\" \/><\/figure>\n<\/div>\n\n\n\n<div class=\"wp-block-column is-layout-flow wp-block-column-is-layout-flow\" style=\"flex-basis:40%\">\n<h2 class=\"wp-block-heading has-text-align-center\"><strong><strong><strong><strong>Tedavi Y\u00f6ntemleri<\/strong><\/strong><\/strong><\/strong><\/h2>\n\n\n\n<p class=\"has-text-align-center\">T\u00fcm\u00f6rlerin yaln\u0131zca mesane epiteline yerle\u015fti\u011fi ve kas tabakas\u0131n\u0131n tutulmad\u0131\u011f\u0131 erken evrelerde, t\u00fcm\u00f6r\u00fcn kapal\u0131 bir \u015fekilde \u00e7\u0131kar\u0131ld\u0131\u011f\u0131 TUR ameliyat\u0131 genellikle yeterli bir tedavi sa\u011flar. Bu t\u00fcr hastalara BCG ve kemoterapi tedavisi de uygulanabilir, \u00e7\u00fcnk\u00fc bu t\u00fcr tedaviler v\u00fccudun ba\u011f\u0131\u015f\u0131kl\u0131k sistemini g\u00fc\u00e7lendirir ve bu da t\u00fcm\u00f6r dokusuna zarar verebilir. Kemoterapi ila\u00e7lar\u0131, t\u00fcm\u00f6rlerin tekrarlanma olas\u0131l\u0131\u011f\u0131 \u00fczerinde etkiye sahiptir. Bununla birlikte, n\u00fcks edebilme potansiyeli olan bu t\u00fcm\u00f6rlere kar\u015f\u0131 hastalar s\u0131k s\u0131k sistoskopi ve g\u00f6r\u00fcnt\u00fcleme y\u00f6ntemleriyle takip edilmelidir.<\/p>\n\n\n\n<p class=\"has-text-align-center\">Evre 2&#8217;de yer alan kas tabakas\u0131n\u0131 tutmu\u015f t\u00fcm\u00f6rlerin tedavisi, mesanenin tamam\u0131n\u0131n \u00e7\u0131kar\u0131ld\u0131\u011f\u0131 &#8220;radikal sistektomi&#8221; ameliyat\u0131d\u0131r. Ameliyat s\u0131ras\u0131nda mesane \u00e7\u0131kar\u0131ld\u0131ktan sonra, hastan\u0131n ince barsaklar\u0131 kullan\u0131larak yap\u0131lan yapay bir mesane ile idrar yollar\u0131n\u0131n kar\u0131na a\u011f\u0131zla\u015ft\u0131r\u0131lmas\u0131 (ileal kond\u00fcit) i\u015flemi ger\u00e7ekle\u015ftirilebilir. Radikal sistektomi ameliyat\u0131, klasik a\u00e7\u0131k y\u00f6ntem yerine geli\u015fmi\u015f laparoskopik ya da robotik cerrahi ile ger\u00e7ekle\u015ftirilebilir.<br><br>Mesanenin seroza olarak bilinen d\u0131\u015f tabakas\u0131 t\u00fcm\u00f6r taraf\u0131ndan tutuldu\u011funda (Evre 3) veya ba\u015fka organlara kanserin yay\u0131ld\u0131\u011f\u0131 g\u00f6r\u00fcld\u00fc\u011f\u00fcnde (Evre 4) sistemik kemoterapi ilk se\u00e7enektir. Radyoterapi alternatifleri veya radikal sistektomi olarak bilinen cerrahi, bu prosed\u00fcr\u00fcn sonu\u00e7lar\u0131na g\u00f6re uygulanabilir.<\/p>\n\n\n\n<div class=\"wp-block-buttons is-layout-flex wp-block-buttons-is-layout-flex\"><\/div>\n<\/div>\n<\/div>\n<\/div>\n<\/div>\n\n\n\n<p><\/p>\n","protected":false},"excerpt":{"rendered":"<p>Mesane Kanserleri Erkeklerde en yayg\u0131n olan yedinci kanser t\u00fcr\u00fcd\u00fcr. Cinsiyetten ba\u011f\u0131ms\u0131z olarak on dokuzuncu s\u0131rada yer al\u0131r. Mesane kanseri erkeklerde kad\u0131nlara g\u00f6re daha yayg\u0131nd\u0131r, ancak kad\u0131nlarda daha agresif bir \u015fekilde ortaya \u00e7\u0131kar. Bu hastal\u0131\u011f\u0131n g\u00f6r\u00fclme s\u0131kl\u0131\u011f\u0131 ya\u015f ilerlemesiyle do\u011fru orant\u0131l\u0131 olarak artar. Yine de bu durumun erken ya\u015fta ortaya \u00e7\u0131kmayaca\u011f\u0131 anlam\u0131na gelmez. Her ya\u015ftan insan [&hellip;]<\/p>\n","protected":false},"author":1,"featured_media":0,"parent":0,"menu_order":0,"comment_status":"closed","ping_status":"closed","template":"","meta":{"footnotes":""},"class_list":["post-147","page","type-page","status-publish","hentry"],"_links":{"self":[{"href":"https:\/\/mehmetsalihboga.com\/index.php\/wp-json\/wp\/v2\/pages\/147","targetHints":{"allow":["GET"]}}],"collection":[{"href":"https:\/\/mehmetsalihboga.com\/index.php\/wp-json\/wp\/v2\/pages"}],"about":[{"href":"https:\/\/mehmetsalihboga.com\/index.php\/wp-json\/wp\/v2\/types\/page"}],"author":[{"embeddable":true,"href":"https:\/\/mehmetsalihboga.com\/index.php\/wp-json\/wp\/v2\/users\/1"}],"replies":[{"embeddable":true,"href":"https:\/\/mehmetsalihboga.com\/index.php\/wp-json\/wp\/v2\/comments?post=147"}],"version-history":[{"count":5,"href":"https:\/\/mehmetsalihboga.com\/index.php\/wp-json\/wp\/v2\/pages\/147\/revisions"}],"predecessor-version":[{"id":269,"href":"https:\/\/mehmetsalihboga.com\/index.php\/wp-json\/wp\/v2\/pages\/147\/revisions\/269"}],"wp:attachment":[{"href":"https:\/\/mehmetsalihboga.com\/index.php\/wp-json\/wp\/v2\/media?parent=147"}],"curies":[{"name":"wp","href":"https:\/\/api.w.org\/{rel}","templated":true}]}}