{"id":149,"date":"2025-12-28T10:55:16","date_gmt":"2025-12-28T10:55:16","guid":{"rendered":"https:\/\/mehmetsalihboga.com\/?page_id=149"},"modified":"2025-12-28T21:23:55","modified_gmt":"2025-12-28T21:23:55","slug":"mri-fuzyon-biyopsi","status":"publish","type":"page","link":"https:\/\/mehmetsalihboga.com\/index.php\/mri-fuzyon-biyopsi\/","title":{"rendered":"MRI F\u00fczyon Biyopsi"},"content":{"rendered":"\n<div class=\"wp-block-group alignfull has-accent-background-color has-background has-global-padding is-layout-constrained wp-container-core-group-is-layout-669513ed wp-block-group-is-layout-constrained\" style=\"margin-top:0;margin-bottom:0;padding-top:var(--wp--preset--spacing--50);padding-right:var(--wp--preset--spacing--50);padding-bottom:var(--wp--preset--spacing--50);padding-left:var(--wp--preset--spacing--50)\">\n<div class=\"wp-block-columns alignwide is-layout-flex wp-container-core-columns-is-layout-1da03c2a wp-block-columns-is-layout-flex\">\n<div class=\"wp-block-column is-vertically-aligned-stretch is-layout-flow wp-block-column-is-layout-flow\" style=\"flex-basis:50%\">\n<div class=\"wp-block-group is-vertical is-content-justification-stretch is-layout-flex wp-container-core-group-is-layout-444d5ee8 wp-block-group-is-layout-flex\" style=\"min-height:100%\">\n<p class=\"has-heading-font-family has-x-large-font-size\" style=\"line-height:1.2\"><strong><strong>Prostat Kanseri<\/strong><\/strong><\/p>\n\n\n\n<div class=\"wp-block-group has-global-padding is-content-justification-left is-layout-constrained wp-container-core-group-is-layout-9fe8ed88 wp-block-group-is-layout-constrained\">\n<p class=\"has-text-align-center\">Prostat kanseri, erkeklerde akci\u011fer kanserinin ard\u0131ndan en yayg\u0131n kanser t\u00fcr\u00fcd\u00fcr ve erken tan\u0131 ile ba\u015far\u0131yla tedavi edilebilir. Amerikan Kanser Derne\u011fi taraf\u0131ndan a\u00e7\u0131klanan rakamlara g\u00f6re, her alt\u0131 erkekten biri ya\u015famlar\u0131 boyunca prostat kanserine yakalan\u0131r. \u201cMR F\u00fczyon Biyopsi\u201d y\u00f6ntemi, bu hastal\u0131\u011f\u0131n te\u015fhisi i\u00e7in devrim niteli\u011findeki bir geli\u015fmedir.<\/p>\n\n\n\n<div class=\"wp-block-buttons is-layout-flex wp-block-buttons-is-layout-flex\"><\/div>\n<\/div>\n<\/div>\n<\/div>\n\n\n\n<div class=\"wp-block-column is-vertically-aligned-center is-layout-flow wp-block-column-is-layout-flow\" style=\"flex-basis:50%\">\n<figure class=\"wp-block-image size-full is-resized is-style-rounded is-style-rounded--1\"><img loading=\"lazy\" decoding=\"async\" width=\"403\" height=\"409\" src=\"https:\/\/mehmetsalihboga.com\/wp-content\/uploads\/2025\/12\/1-Prostat-kanseri.jpg\" alt=\"\" class=\"wp-image-274\" style=\"aspect-ratio:0.75;object-fit:cover;width:464px;height:auto\" srcset=\"https:\/\/mehmetsalihboga.com\/wp-content\/uploads\/2025\/12\/1-Prostat-kanseri.jpg 403w, https:\/\/mehmetsalihboga.com\/wp-content\/uploads\/2025\/12\/1-Prostat-kanseri-296x300.jpg 296w\" sizes=\"auto, (max-width: 403px) 100vw, 403px\" \/><\/figure>\n<\/div>\n<\/div>\n<\/div>\n\n\n\n<div class=\"wp-block-group alignfull has-base-2-background-color has-background has-global-padding is-layout-constrained wp-container-core-group-is-layout-669513ed wp-block-group-is-layout-constrained\" style=\"margin-top:0;margin-bottom:0;padding-top:var(--wp--preset--spacing--50);padding-right:var(--wp--preset--spacing--50);padding-bottom:var(--wp--preset--spacing--50);padding-left:var(--wp--preset--spacing--50)\">\n<div class=\"wp-block-group is-vertical is-content-justification-center is-layout-flex wp-container-core-group-is-layout-ce155fab wp-block-group-is-layout-flex\">\n<h2 class=\"wp-block-heading has-text-align-center has-xx-large-font-size\"><strong><strong><strong><strong>Prostat kanseri i\u00e7in erken tan\u0131<\/strong><\/strong><\/strong><\/strong><\/h2>\n\n\n\n<p class=\"has-text-align-center\">Prostat kanseri, tipik olarak erken belirti g\u00f6stermez. Ancak ilerleyen zamanlarda \u015fikayetleri olabilir. Bu d\u00f6nemde bu hastal\u0131ktan kurtulmak biraz zordur. Bu nedenle, hastal\u0131\u011f\u0131n hen\u00fcz prostatta s\u0131n\u0131rl\u0131 oldu\u011fu ve herhangi bir klinik belirti g\u00f6stermedi\u011fi erken d\u00f6nemde te\u015fhis edilmesi \u00e7ok \u00f6nemlidir. Ailelerinde prostat kanseri ge\u00e7mi\u015fi olanlar\u0131n k\u0131rk ya\u015f\u0131ndan sonra ve olmayanlar\u0131n k\u0131rk be\u015f ya\u015f\u0131ndan sonra y\u0131lda bir kez prostat muayenesi i\u00e7in bir \u00fcroloji uzman\u0131na ba\u015fvurmas\u0131, erken tan\u0131 i\u00e7in faydal\u0131d\u0131r.<\/p>\n\n\n\n<p class=\"has-text-align-center\">Tan\u0131 i\u00e7in ilk ad\u0131m, prostat\u0131 makattan parmak yard\u0131m\u0131yla muayene etmek ve prostattab salg\u0131lanan &#8220;PSA&#8221; proteininin kandaki seviyesini \u00f6l\u00e7mektir. Her iki te\u015fhis y\u00f6nteminde de prostat kanseri \u015f\u00fcphesi ortaya \u00e7\u0131karsa, kesin bir tan\u0131 koymak i\u00e7in prostat biyopsisi ile doku \u00f6rneklemesi yap\u0131lmal\u0131d\u0131r.<\/p>\n<\/div>\n\n\n\n<div style=\"height:100px\" aria-hidden=\"true\" class=\"wp-block-spacer\"><\/div>\n\n\n\n<div style=\"height:var(--wp--preset--spacing--30)\" aria-hidden=\"true\" class=\"wp-block-spacer\"><\/div>\n\n\n\n<div class=\"wp-block-group alignfull has-accent-5-background-color has-background has-global-padding is-layout-constrained wp-container-core-group-is-layout-d89aad35 wp-block-group-is-layout-constrained\" style=\"margin-top:0;margin-bottom:0;padding-top:var(--wp--preset--spacing--50);padding-right:var(--wp--preset--spacing--50);padding-bottom:var(--wp--preset--spacing--50);padding-left:var(--wp--preset--spacing--50)\">\n<div class=\"wp-block-columns alignwide is-layout-flex wp-container-core-columns-is-layout-1da03c2a wp-block-columns-is-layout-flex\">\n<div class=\"wp-block-column is-vertically-aligned-center is-layout-flow wp-block-column-is-layout-flow\" style=\"flex-basis:60%\">\n<figure class=\"wp-block-image aligncenter size-full is-resized is-style-rounded wp-duotone-duotone-1 is-style-rounded--2\"><img loading=\"lazy\" decoding=\"async\" width=\"353\" height=\"353\" src=\"https:\/\/mehmetsalihboga.com\/wp-content\/uploads\/2025\/12\/2-Prostat-kanseri-icin-erken-tani.jpg\" alt=\"\" class=\"wp-image-276\" style=\"aspect-ratio:1.3333333333333333;object-fit:cover;width:564px;height:auto\" srcset=\"https:\/\/mehmetsalihboga.com\/wp-content\/uploads\/2025\/12\/2-Prostat-kanseri-icin-erken-tani.jpg 353w, https:\/\/mehmetsalihboga.com\/wp-content\/uploads\/2025\/12\/2-Prostat-kanseri-icin-erken-tani-300x300.jpg 300w, https:\/\/mehmetsalihboga.com\/wp-content\/uploads\/2025\/12\/2-Prostat-kanseri-icin-erken-tani-150x150.jpg 150w\" sizes=\"auto, (max-width: 353px) 100vw, 353px\" \/><\/figure>\n<\/div>\n\n\n\n<div class=\"wp-block-column is-layout-flow wp-block-column-is-layout-flow\" style=\"flex-basis:40%\">\n<h2 class=\"wp-block-heading has-text-align-center\"><strong><strong><strong><strong><strong>Prostat biyopsisi nas\u0131l yap\u0131l\u0131r?<\/strong><\/strong><\/strong><\/strong><\/strong><\/h2>\n\n\n\n<p class=\"has-text-align-center\">Prostat biyopsisi, en yayg\u0131n olarak ultrason yard\u0131m\u0131yla makattan girilerek yap\u0131l\u0131r. Doku \u00f6rnekleri, prostat\u0131n 10 ila 12 noktas\u0131na k\u00f6rlemesine at\u0131\u015f yaparak al\u0131n\u0131r. Bu yakla\u015f\u0131m, prostat kanseri olgular\u0131n\u0131n yaln\u0131zca %70 ila %75&#8217;ine tan\u0131 koyma yetene\u011fine sahiptir. Kanser vakalar\u0131 atlanabilir. Biyopsinin ard\u0131ndan kanser te\u015fhisi konulmayan ki\u015filer i\u00e7in tekrarlanan biyopsiler \u00f6nerilir. Bu hastalar enfeksiyon, a\u011fr\u0131 ve kanama riskiyle kar\u015f\u0131 kar\u015f\u0131yad\u0131r.<\/p>\n\n\n\n<div class=\"wp-block-buttons is-layout-flex wp-block-buttons-is-layout-flex\"><\/div>\n<\/div>\n<\/div>\n<\/div>\n<\/div>\n\n\n\n<div style=\"height:100px\" aria-hidden=\"true\" class=\"wp-block-spacer\"><\/div>\n\n\n\n<div class=\"wp-block-columns alignwide are-vertically-aligned-center is-layout-flex wp-container-core-columns-is-layout-47c06fe3 wp-block-columns-is-layout-flex\">\n<div class=\"wp-block-column is-vertically-aligned-center is-layout-flow wp-block-column-is-layout-flow\" style=\"flex-basis:50%\">\n<h2 class=\"wp-block-heading has-text-align-center\"><strong><strong>Modern bir yakla\u015f\u0131m<\/strong><\/strong><\/h2>\n\n\n\n<p class=\"has-text-align-center is-style-checkmark-list\">Bu y\u00f6ntem, y\u00fcksek hassasiyetli bir &#8220;ak\u0131ll\u0131 biyopsi&#8221; kullanarak prostatta kanser \u015f\u00fcphesi ta\u015f\u0131yan dokular ke\u015ffedilmesini sa\u011flar.<br><br>\u0130\u015flemde, \u00f6nce prostat\u0131n \u00e7ok kesitli magnetik rezonans (MRI) g\u00f6r\u00fcnt\u00fcleri incelenerek \u015f\u00fcpheli kanser odak noktalar\u0131 i\u015faretlenir. Son olarak, \u00f6zel bir yaz\u0131l\u0131m kullan\u0131larak magnetik rezonans g\u00f6r\u00fcnt\u00fcleri i\u015flenir ve ultrason g\u00f6r\u00fcnt\u00fcleri ile birle\u015ftirilir. 3 boyutlu bir model olu\u015fturduktan sonra, biyopsi i\u011fnesi i\u015faretli \u015f\u00fcpheli noktalara do\u011fru y\u00f6nlendirilir ve biyopsi i\u015flemi do\u011frudan hedefte ger\u00e7ekle\u015ftirilir.<br><br>Bu y\u00f6ntem, standart biyopsiler gibi kanser olgular\u0131n\u0131 atlamamaktad\u0131r ve tekrarlayan biyopsilere gerek kalmamaktad\u0131r. Ayr\u0131ca prostat kanserinin tan\u0131s\u0131 i\u00e7in olduk\u00e7a y\u00fcksek bir do\u011fruluk oran\u0131na (%98) sahiptir.<\/p>\n\n\n\n<p class=\"is-style-checkmark-list\"><\/p>\n<\/div>\n\n\n\n<div class=\"wp-block-column is-vertically-aligned-center is-layout-flow wp-block-column-is-layout-flow\" style=\"flex-basis:50%\">\n<figure class=\"wp-block-image size-full is-resized is-style-rounded is-style-rounded--3\"><img loading=\"lazy\" decoding=\"async\" width=\"367\" height=\"367\" src=\"https:\/\/mehmetsalihboga.com\/wp-content\/uploads\/2025\/12\/3-Modern-bir-yaklasim.jpg\" alt=\"\" class=\"wp-image-277\" style=\"aspect-ratio:1.3333333333333333;object-fit:cover;width:470px;height:auto\" srcset=\"https:\/\/mehmetsalihboga.com\/wp-content\/uploads\/2025\/12\/3-Modern-bir-yaklasim.jpg 367w, https:\/\/mehmetsalihboga.com\/wp-content\/uploads\/2025\/12\/3-Modern-bir-yaklasim-300x300.jpg 300w, https:\/\/mehmetsalihboga.com\/wp-content\/uploads\/2025\/12\/3-Modern-bir-yaklasim-150x150.jpg 150w\" sizes=\"auto, (max-width: 367px) 100vw, 367px\" \/><\/figure>\n<\/div>\n<\/div>\n\n\n\n<div style=\"height:100px\" aria-hidden=\"true\" class=\"wp-block-spacer\"><\/div>\n\n\n\n<p><\/p>\n","protected":false},"excerpt":{"rendered":"<p>Prostat Kanseri Prostat kanseri, erkeklerde akci\u011fer kanserinin ard\u0131ndan en yayg\u0131n kanser t\u00fcr\u00fcd\u00fcr ve erken tan\u0131 ile ba\u015far\u0131yla tedavi edilebilir. Amerikan Kanser Derne\u011fi taraf\u0131ndan a\u00e7\u0131klanan rakamlara g\u00f6re, her alt\u0131 erkekten biri ya\u015famlar\u0131 boyunca prostat kanserine yakalan\u0131r. \u201cMR F\u00fczyon Biyopsi\u201d y\u00f6ntemi, bu hastal\u0131\u011f\u0131n te\u015fhisi i\u00e7in devrim niteli\u011findeki bir geli\u015fmedir. Prostat kanseri i\u00e7in erken tan\u0131 Prostat kanseri, tipik [&hellip;]<\/p>\n","protected":false},"author":1,"featured_media":0,"parent":0,"menu_order":0,"comment_status":"closed","ping_status":"closed","template":"","meta":{"footnotes":""},"class_list":["post-149","page","type-page","status-publish","hentry"],"_links":{"self":[{"href":"https:\/\/mehmetsalihboga.com\/index.php\/wp-json\/wp\/v2\/pages\/149","targetHints":{"allow":["GET"]}}],"collection":[{"href":"https:\/\/mehmetsalihboga.com\/index.php\/wp-json\/wp\/v2\/pages"}],"about":[{"href":"https:\/\/mehmetsalihboga.com\/index.php\/wp-json\/wp\/v2\/types\/page"}],"author":[{"embeddable":true,"href":"https:\/\/mehmetsalihboga.com\/index.php\/wp-json\/wp\/v2\/users\/1"}],"replies":[{"embeddable":true,"href":"https:\/\/mehmetsalihboga.com\/index.php\/wp-json\/wp\/v2\/comments?post=149"}],"version-history":[{"count":3,"href":"https:\/\/mehmetsalihboga.com\/index.php\/wp-json\/wp\/v2\/pages\/149\/revisions"}],"predecessor-version":[{"id":278,"href":"https:\/\/mehmetsalihboga.com\/index.php\/wp-json\/wp\/v2\/pages\/149\/revisions\/278"}],"wp:attachment":[{"href":"https:\/\/mehmetsalihboga.com\/index.php\/wp-json\/wp\/v2\/media?parent=149"}],"curies":[{"name":"wp","href":"https:\/\/api.w.org\/{rel}","templated":true}]}}