{"id":153,"date":"2025-12-28T11:01:30","date_gmt":"2025-12-28T11:01:30","guid":{"rendered":"https:\/\/mehmetsalihboga.com\/?page_id=153"},"modified":"2025-12-28T21:41:05","modified_gmt":"2025-12-28T21:41:05","slug":"testis-kanseri","status":"publish","type":"page","link":"https:\/\/mehmetsalihboga.com\/index.php\/testis-kanseri\/","title":{"rendered":"Testis Kanseri"},"content":{"rendered":"\n<div class=\"wp-block-group alignfull has-accent-background-color has-background has-global-padding is-layout-constrained wp-container-core-group-is-layout-669513ed wp-block-group-is-layout-constrained\" style=\"margin-top:0;margin-bottom:0;padding-top:var(--wp--preset--spacing--50);padding-right:var(--wp--preset--spacing--50);padding-bottom:var(--wp--preset--spacing--50);padding-left:var(--wp--preset--spacing--50)\">\n<div class=\"wp-block-columns alignwide is-layout-flex wp-container-core-columns-is-layout-1da03c2a wp-block-columns-is-layout-flex\">\n<div class=\"wp-block-column is-vertically-aligned-stretch is-layout-flow wp-block-column-is-layout-flow\" style=\"flex-basis:50%\">\n<div class=\"wp-block-group is-vertical is-content-justification-stretch is-layout-flex wp-container-core-group-is-layout-444d5ee8 wp-block-group-is-layout-flex\" style=\"min-height:100%\">\n<p class=\"has-heading-font-family has-x-large-font-size\" style=\"line-height:1.2\"><strong><strong>Testis Kanseri nedir?<\/strong><\/strong><\/p>\n\n\n\n<div class=\"wp-block-group has-global-padding is-content-justification-left is-layout-constrained wp-container-core-group-is-layout-9fe8ed88 wp-block-group-is-layout-constrained\">\n<p class=\"has-text-align-center\">Testislerin temel g\u00f6revleri, sprem \u00fcretmek ve erkeklik hormonu olan testosteronu salg\u0131lamakt\u0131r. Testis kanseri, erkeklerde g\u00f6r\u00fclen b\u00fct\u00fcn kanserlerin %1&#8217;lik k\u0131sm\u0131n\u0131 olu\u015fturan \u00e7ok nadir bir kanser t\u00fcr\u00fcd\u00fcr. Bununla birlikte, 18-35 ya\u015f aras\u0131nda en s\u0131k g\u00f6r\u00fclen solid kanser tipidir.<\/p>\n\n\n\n<div class=\"wp-block-buttons is-layout-flex wp-block-buttons-is-layout-flex\"><\/div>\n<\/div>\n<\/div>\n<\/div>\n\n\n\n<div class=\"wp-block-column is-vertically-aligned-center is-layout-flow wp-block-column-is-layout-flow\" style=\"flex-basis:50%\">\n<figure class=\"wp-block-image size-full is-resized is-style-rounded is-style-rounded--1\"><img loading=\"lazy\" decoding=\"async\" width=\"225\" height=\"353\" src=\"https:\/\/mehmetsalihboga.com\/wp-content\/uploads\/2025\/12\/1-Testis-Kanseri.jpg\" alt=\"\" class=\"wp-image-312\" style=\"aspect-ratio:0.75;object-fit:cover;width:359px;height:auto\" srcset=\"https:\/\/mehmetsalihboga.com\/wp-content\/uploads\/2025\/12\/1-Testis-Kanseri.jpg 225w, https:\/\/mehmetsalihboga.com\/wp-content\/uploads\/2025\/12\/1-Testis-Kanseri-191x300.jpg 191w\" sizes=\"auto, (max-width: 225px) 100vw, 225px\" \/><\/figure>\n<\/div>\n<\/div>\n<\/div>\n\n\n\n<div class=\"wp-block-group alignfull has-base-2-background-color has-background has-global-padding is-layout-constrained wp-container-core-group-is-layout-669513ed wp-block-group-is-layout-constrained\" style=\"margin-top:0;margin-bottom:0;padding-top:var(--wp--preset--spacing--50);padding-right:var(--wp--preset--spacing--50);padding-bottom:var(--wp--preset--spacing--50);padding-left:var(--wp--preset--spacing--50)\">\n<div class=\"wp-block-group is-vertical is-content-justification-center is-layout-flex wp-container-core-group-is-layout-ce155fab wp-block-group-is-layout-flex\">\n<h2 class=\"wp-block-heading has-text-align-center has-xx-large-font-size\"><strong><strong><strong><strong>Belirtileri Nelerdir?<\/strong><\/strong><\/strong><\/strong><\/h2>\n\n\n\n<p class=\"has-text-align-center\">En yayg\u0131n belirti testiste ele gelen a\u011fr\u0131s\u0131z kitledir. Bununla birlikte, baz\u0131 kitleler a\u011fr\u0131ya neden olabilir. Testiste kitle veya \u015fi\u015flik g\u00f6r\u00fcld\u00fc\u011f\u00fcnde hemen bir \u00fcroloji uzman\u0131na ba\u015fvurmal\u0131s\u0131n\u0131z. Erkeklere, ayda bir kez s\u0131cak bir du\u015f sonras\u0131 kendilerini muayene etmeleri tavsiye edilir, b\u00f6ylece bu kanser t\u00fcr\u00fcn\u00fcn erken te\u015fhisini koyabilirler. Ele gelen kitle harici vakalarda, uzak organlar\u0131n yay\u0131lmas\u0131na ba\u011fl\u0131 olarak s\u0131rt a\u011fr\u0131s\u0131, kemik a\u011fr\u0131s\u0131, bilin\u00e7 bozuklu\u011fu ve \u00f6ks\u00fcr\u00fck gibi \u015fikayetler ortaya \u00e7\u0131kar. Bazen hormon sal\u0131n\u0131m\u0131yla birlikte memelerde b\u00fcy\u00fcme ve a\u011fr\u0131 gibi sorunlara da neden olabilir.<\/p>\n<\/div>\n\n\n\n<div style=\"height:100px\" aria-hidden=\"true\" class=\"wp-block-spacer\"><\/div>\n\n\n\n<div style=\"height:var(--wp--preset--spacing--30)\" aria-hidden=\"true\" class=\"wp-block-spacer\"><\/div>\n\n\n\n<div class=\"wp-block-group alignfull has-accent-5-background-color has-background has-global-padding is-layout-constrained wp-container-core-group-is-layout-d89aad35 wp-block-group-is-layout-constrained\" style=\"margin-top:0;margin-bottom:0;padding-top:var(--wp--preset--spacing--50);padding-right:var(--wp--preset--spacing--50);padding-bottom:var(--wp--preset--spacing--50);padding-left:var(--wp--preset--spacing--50)\">\n<div class=\"wp-block-columns alignwide is-layout-flex wp-container-core-columns-is-layout-1da03c2a wp-block-columns-is-layout-flex\">\n<div class=\"wp-block-column is-vertically-aligned-center is-layout-flow wp-block-column-is-layout-flow\" style=\"flex-basis:60%\">\n<figure class=\"wp-block-image aligncenter size-full is-resized is-style-rounded wp-duotone-duotone-1 is-style-rounded--2\"><img loading=\"lazy\" decoding=\"async\" width=\"189\" height=\"315\" src=\"https:\/\/mehmetsalihboga.com\/wp-content\/uploads\/2025\/12\/2-Belirtileri-Nelerdir.jpg\" alt=\"\" class=\"wp-image-313\" style=\"aspect-ratio:1.3333333333333333;object-fit:cover;width:561px;height:auto\" srcset=\"https:\/\/mehmetsalihboga.com\/wp-content\/uploads\/2025\/12\/2-Belirtileri-Nelerdir.jpg 189w, https:\/\/mehmetsalihboga.com\/wp-content\/uploads\/2025\/12\/2-Belirtileri-Nelerdir-180x300.jpg 180w\" sizes=\"auto, (max-width: 189px) 100vw, 189px\" \/><\/figure>\n<\/div>\n\n\n\n<div class=\"wp-block-column is-layout-flow wp-block-column-is-layout-flow\" style=\"flex-basis:40%\">\n<h2 class=\"wp-block-heading has-text-align-center\"><strong><strong><strong><strong><strong>Risk Fakt\u00f6rleri Nelerdir?<\/strong><\/strong><\/strong><\/strong><\/strong><\/h2>\n\n\n\n<p class=\"has-text-align-center\">\u0130nmemi\u015f testis hastalar\u0131nda testis kanseri riski d\u00f6rt ila sekiz kat artmaktad\u0131r. Birinci derece yak\u0131n\u0131nda testis kanseri g\u00f6r\u00fclenlerde de risk fazlad\u0131r. Beyaz \u0131rk, esrar kullan\u0131m\u0131, Klinefelter sendromu, Down sendromu ve di\u011fer genetik rahats\u0131zl\u0131klarda testis kanseri geli\u015fme riski artm\u0131\u015ft\u0131r.<\/p>\n\n\n\n<div class=\"wp-block-buttons is-layout-flex wp-block-buttons-is-layout-flex\"><\/div>\n<\/div>\n<\/div>\n<\/div>\n<\/div>\n\n\n\n<div style=\"height:100px\" aria-hidden=\"true\" class=\"wp-block-spacer\"><\/div>\n\n\n\n<div class=\"wp-block-columns alignwide are-vertically-aligned-center is-layout-flex wp-container-core-columns-is-layout-47c06fe3 wp-block-columns-is-layout-flex\">\n<div class=\"wp-block-column is-vertically-aligned-center is-layout-flow wp-block-column-is-layout-flow\" style=\"flex-basis:50%\">\n<h2 class=\"wp-block-heading has-text-align-center\"><strong><strong>Te\u015fhis Nas\u0131l Koyulur?<\/strong><\/strong><\/h2>\n\n\n\n<p class=\"has-text-align-center is-style-checkmark-list\">Testiste ele gelen bir kitle hissedildi\u011fi andan itibaren aksi ispat edilene kadar k\u00f6t\u00fc huylu olarak kabul edilir. Skrotal ultrason, te\u015fhis koymak i\u00e7in ilk ve en yayg\u0131n g\u00f6r\u00fcnt\u00fcleme y\u00f6ntemidir. Ultrason ile testiste baz\u0131 t\u00fcm\u00f6r belirte\u00e7lerinin (\u03b2-HCG,AFP,LDH) kan seviyeleri tespit edilmelidir. Bu t\u00fcm\u00f6r belirte\u00e7leri, hastal\u0131\u011f\u0131n evrelenmesinde ve daha sonra hastal\u0131\u011f\u0131n ilerleyi\u015finin izlenmesinde kritik \u00f6neme sahiptir. \u0130leri evre hastal\u0131ktan \u015f\u00fcphe duyulan belirtiler g\u00f6r\u00fcld\u00fc\u011f\u00fcnde, bilgisayarl\u0131 tomografi, kemik sintigrafisi ve PET\/CT gibi tetkiklere ba\u015fvurulabilir.<\/p>\n<\/div>\n\n\n\n<div class=\"wp-block-column is-vertically-aligned-center is-layout-flow wp-block-column-is-layout-flow\" style=\"flex-basis:50%\">\n<figure class=\"wp-block-image size-full is-resized is-style-rounded is-style-rounded--3\"><img loading=\"lazy\" decoding=\"async\" width=\"430\" height=\"430\" src=\"https:\/\/mehmetsalihboga.com\/wp-content\/uploads\/2025\/12\/3-Teshis-Nasil-Koyulur.jpg\" alt=\"\" class=\"wp-image-314\" style=\"aspect-ratio:1.3333333333333333;object-fit:cover;width:470px;height:auto\" srcset=\"https:\/\/mehmetsalihboga.com\/wp-content\/uploads\/2025\/12\/3-Teshis-Nasil-Koyulur.jpg 430w, https:\/\/mehmetsalihboga.com\/wp-content\/uploads\/2025\/12\/3-Teshis-Nasil-Koyulur-300x300.jpg 300w, https:\/\/mehmetsalihboga.com\/wp-content\/uploads\/2025\/12\/3-Teshis-Nasil-Koyulur-150x150.jpg 150w\" sizes=\"auto, (max-width: 430px) 100vw, 430px\" \/><\/figure>\n<\/div>\n<\/div>\n\n\n\n<div style=\"height:100px\" aria-hidden=\"true\" class=\"wp-block-spacer\"><\/div>\n\n\n\n<div class=\"wp-block-group alignfull has-base-2-background-color has-background has-global-padding is-layout-constrained wp-container-core-group-is-layout-669513ed wp-block-group-is-layout-constrained\" style=\"margin-top:0;margin-bottom:0;padding-top:var(--wp--preset--spacing--50);padding-right:var(--wp--preset--spacing--50);padding-bottom:var(--wp--preset--spacing--50);padding-left:var(--wp--preset--spacing--50)\">\n<div class=\"wp-block-group is-vertical is-content-justification-center is-layout-flex wp-container-core-group-is-layout-ce155fab wp-block-group-is-layout-flex\">\n<h2 class=\"wp-block-heading has-text-align-center has-xx-large-font-size\"><strong><strong><strong>Tedavisi Nedir?<\/strong><\/strong><\/strong><\/h2>\n\n\n\n<p class=\"has-text-align-center\">Testis t\u00fcm\u00f6r\u00fc te\u015fhisi konuldu\u011funda hemen m\u00fcdahale edilmelidir. Bu i\u015flem, inguinal or\u015fiektomi olarak bilinir ve bu i\u015flemde testis kas\u0131k b\u00f6lgesinden bir kesi ile \u00e7\u0131kar\u0131l\u0131r. \u00c7\u0131kan patoloji sonu\u00e7lar\u0131, ileri tedavi ve takip i\u015flemlerini belirler. Baz\u0131 hastalar, lenf nodu \u00e7\u0131kar\u0131lmas\u0131 ameliyat\u0131 (Retroperitoneal Lenf Nodu Diseksiyonu \/ RPLND), radyoterapi veya kemoterapi gibi ikincil hatta \u00fc\u00e7\u00fcnc\u00fcl tedavilere duyabilirler. \u0130lgili bran\u015f hekimlerinin (\u00f6rne\u011fin, \u00dcroloji, Medikal Onkoloji ve Radyasyon Onkolojisi) bir araya gelerek, tedavi protokol\u00fcn\u00fc kesinle\u015ftirmesi en iyi yakla\u015f\u0131m\u0131 belirlemek i\u00e7in \u00f6nemlidir.<\/p>\n<\/div>\n\n\n\n<div style=\"height:100px\" aria-hidden=\"true\" class=\"wp-block-spacer\"><\/div>\n\n\n\n<div style=\"height:var(--wp--preset--spacing--30)\" aria-hidden=\"true\" class=\"wp-block-spacer\"><\/div>\n<\/div>\n\n\n\n<p><\/p>\n","protected":false},"excerpt":{"rendered":"<p>Testis Kanseri nedir? Testislerin temel g\u00f6revleri, sprem \u00fcretmek ve erkeklik hormonu olan testosteronu salg\u0131lamakt\u0131r. Testis kanseri, erkeklerde g\u00f6r\u00fclen b\u00fct\u00fcn kanserlerin %1&#8217;lik k\u0131sm\u0131n\u0131 olu\u015fturan \u00e7ok nadir bir kanser t\u00fcr\u00fcd\u00fcr. Bununla birlikte, 18-35 ya\u015f aras\u0131nda en s\u0131k g\u00f6r\u00fclen solid kanser tipidir. Belirtileri Nelerdir? En yayg\u0131n belirti testiste ele gelen a\u011fr\u0131s\u0131z kitledir. Bununla birlikte, baz\u0131 kitleler a\u011fr\u0131ya neden [&hellip;]<\/p>\n","protected":false},"author":1,"featured_media":0,"parent":0,"menu_order":0,"comment_status":"closed","ping_status":"closed","template":"","meta":{"footnotes":""},"class_list":["post-153","page","type-page","status-publish","hentry"],"_links":{"self":[{"href":"https:\/\/mehmetsalihboga.com\/index.php\/wp-json\/wp\/v2\/pages\/153","targetHints":{"allow":["GET"]}}],"collection":[{"href":"https:\/\/mehmetsalihboga.com\/index.php\/wp-json\/wp\/v2\/pages"}],"about":[{"href":"https:\/\/mehmetsalihboga.com\/index.php\/wp-json\/wp\/v2\/types\/page"}],"author":[{"embeddable":true,"href":"https:\/\/mehmetsalihboga.com\/index.php\/wp-json\/wp\/v2\/users\/1"}],"replies":[{"embeddable":true,"href":"https:\/\/mehmetsalihboga.com\/index.php\/wp-json\/wp\/v2\/comments?post=153"}],"version-history":[{"count":3,"href":"https:\/\/mehmetsalihboga.com\/index.php\/wp-json\/wp\/v2\/pages\/153\/revisions"}],"predecessor-version":[{"id":316,"href":"https:\/\/mehmetsalihboga.com\/index.php\/wp-json\/wp\/v2\/pages\/153\/revisions\/316"}],"wp:attachment":[{"href":"https:\/\/mehmetsalihboga.com\/index.php\/wp-json\/wp\/v2\/media?parent=153"}],"curies":[{"name":"wp","href":"https:\/\/api.w.org\/{rel}","templated":true}]}}