{"id":155,"date":"2025-12-28T11:05:38","date_gmt":"2025-12-28T11:05:38","guid":{"rendered":"https:\/\/mehmetsalihboga.com\/?page_id=155"},"modified":"2025-12-28T21:12:02","modified_gmt":"2025-12-28T21:12:02","slug":"idrar-kacirma","status":"publish","type":"page","link":"https:\/\/mehmetsalihboga.com\/index.php\/idrar-kacirma\/","title":{"rendered":"\u0130drar Ka\u00e7\u0131rma"},"content":{"rendered":"\n<div class=\"wp-block-group alignfull has-accent-background-color has-background has-global-padding is-layout-constrained wp-container-core-group-is-layout-669513ed wp-block-group-is-layout-constrained\" style=\"margin-top:0;margin-bottom:0;padding-top:var(--wp--preset--spacing--50);padding-right:var(--wp--preset--spacing--50);padding-bottom:var(--wp--preset--spacing--50);padding-left:var(--wp--preset--spacing--50)\">\n<div class=\"wp-block-columns alignwide is-layout-flex wp-container-core-columns-is-layout-1da03c2a wp-block-columns-is-layout-flex\">\n<div class=\"wp-block-column is-vertically-aligned-stretch is-layout-flow wp-block-column-is-layout-flow\" style=\"flex-basis:50%\">\n<div class=\"wp-block-group is-vertical is-content-justification-stretch is-layout-flex wp-container-core-group-is-layout-444d5ee8 wp-block-group-is-layout-flex\" style=\"min-height:100%\">\n<p class=\"has-text-align-left has-heading-font-family has-x-large-font-size\" style=\"line-height:1.2\"><strong>\u0130drar Ka\u00e7\u0131rma Nedir?<\/strong><\/p>\n\n\n\n<div class=\"wp-block-group has-global-padding is-content-justification-left is-layout-constrained wp-container-core-group-is-layout-9fe8ed88 wp-block-group-is-layout-constrained\">\n<p class=\"has-text-align-center\">Bu rahats\u0131zl\u0131k hastan\u0131n ya\u015fam konforunu bozdu\u011fu i\u00e7in sosyal ve psikolojik sorunlara neden olabilir. \u0130drar ka\u00e7\u0131rma ya\u015fla birlikte daha yayg\u0131nd\u0131r ve kad\u0131nlarda erkeklere g\u00f6re daha s\u0131k g\u00f6r\u00fcl\u00fcr.<\/p>\n\n\n\n<div class=\"wp-block-buttons is-layout-flex wp-block-buttons-is-layout-flex\"><\/div>\n<\/div>\n<\/div>\n<\/div>\n\n\n\n<div class=\"wp-block-column is-vertically-aligned-center is-layout-flow wp-block-column-is-layout-flow\" style=\"flex-basis:50%\">\n<figure class=\"wp-block-image size-full is-resized is-style-rounded is-style-rounded--1\"><img loading=\"lazy\" decoding=\"async\" width=\"296\" height=\"326\" src=\"https:\/\/mehmetsalihboga.com\/wp-content\/uploads\/2025\/12\/1-Idrar-Kacirma.jpg\" alt=\"\" class=\"wp-image-247\" style=\"aspect-ratio:0.75;object-fit:cover;width:393px;height:auto\" srcset=\"https:\/\/mehmetsalihboga.com\/wp-content\/uploads\/2025\/12\/1-Idrar-Kacirma.jpg 296w, https:\/\/mehmetsalihboga.com\/wp-content\/uploads\/2025\/12\/1-Idrar-Kacirma-272x300.jpg 272w\" sizes=\"auto, (max-width: 296px) 100vw, 296px\" \/><\/figure>\n<\/div>\n<\/div>\n<\/div>\n\n\n\n<div class=\"wp-block-group alignfull has-base-2-background-color has-background has-global-padding is-layout-constrained wp-container-core-group-is-layout-669513ed wp-block-group-is-layout-constrained\" style=\"margin-top:0;margin-bottom:0;padding-top:var(--wp--preset--spacing--50);padding-right:var(--wp--preset--spacing--50);padding-bottom:var(--wp--preset--spacing--50);padding-left:var(--wp--preset--spacing--50)\">\n<div class=\"wp-block-group is-vertical is-content-justification-center is-layout-flex wp-container-core-group-is-layout-ce155fab wp-block-group-is-layout-flex\">\n<h2 class=\"wp-block-heading has-text-align-center has-xx-large-font-size\"><strong><strong><strong><strong>\u0130drar ka\u00e7\u0131rman\u0131n nedenleri aras\u0131nda \u015funlar yer al\u0131r;<\/strong><\/strong><\/strong><\/strong><\/h2>\n\n\n\n<p class=\"has-text-align-center\">Genler<br>Pelvik taban\u0131n\u0131n zay\u0131f kaslar\u0131<br>N\u00f6rolojik sorunlar<br>Menopoz ve hormon eksikli\u011fi<br>Gebelik ve do\u011fum<br>\u0130drar yolu iltihab\u0131<br>Prostat ameliyatlar\u0131<br>\u00dcrolojik, jinekolojik ve barsak ameliyatlar\u0131 ge\u00e7irilmesi<br>A\u015f\u0131r\u0131 hareketli mesane<br>Radyolojik tedaviler<br>Obezite<br>Do\u011fu\u015ftan gelen \u00fcrolojik bozukluklar<\/p>\n<\/div>\n\n\n\n<div style=\"height:100px\" aria-hidden=\"true\" class=\"wp-block-spacer\"><\/div>\n\n\n\n<div style=\"height:var(--wp--preset--spacing--30)\" aria-hidden=\"true\" class=\"wp-block-spacer\"><\/div>\n\n\n\n<div class=\"wp-block-group alignfull has-accent-5-background-color has-background has-global-padding is-layout-constrained wp-container-core-group-is-layout-d89aad35 wp-block-group-is-layout-constrained\" style=\"margin-top:0;margin-bottom:0;padding-top:var(--wp--preset--spacing--50);padding-right:var(--wp--preset--spacing--50);padding-bottom:var(--wp--preset--spacing--50);padding-left:var(--wp--preset--spacing--50)\">\n<div class=\"wp-block-columns alignwide is-layout-flex wp-container-core-columns-is-layout-1da03c2a wp-block-columns-is-layout-flex\">\n<div class=\"wp-block-column is-vertically-aligned-center is-layout-flow wp-block-column-is-layout-flow\" style=\"flex-basis:60%\">\n<figure class=\"wp-block-image aligncenter size-full is-resized is-style-rounded wp-duotone-duotone-1 is-style-rounded--2\"><img loading=\"lazy\" decoding=\"async\" width=\"397\" height=\"341\" src=\"https:\/\/mehmetsalihboga.com\/wp-content\/uploads\/2025\/12\/3-Idrar-Kacirmanin-Farkli-Turleri.jpg\" alt=\"\" class=\"wp-image-248\" style=\"aspect-ratio:1.3333333333333333;object-fit:cover;width:564px;height:auto\" srcset=\"https:\/\/mehmetsalihboga.com\/wp-content\/uploads\/2025\/12\/3-Idrar-Kacirmanin-Farkli-Turleri.jpg 397w, https:\/\/mehmetsalihboga.com\/wp-content\/uploads\/2025\/12\/3-Idrar-Kacirmanin-Farkli-Turleri-300x258.jpg 300w\" sizes=\"auto, (max-width: 397px) 100vw, 397px\" \/><\/figure>\n<\/div>\n\n\n\n<div class=\"wp-block-column is-layout-flow wp-block-column-is-layout-flow\" style=\"flex-basis:40%\">\n<h2 class=\"wp-block-heading has-text-align-center\"><strong><strong><strong><strong><strong>\u0130drar Ka\u00e7\u0131rman\u0131n Farkl\u0131 T\u00fcrleri<\/strong><\/strong><\/strong><\/strong><\/strong><\/h2>\n\n\n\n<p class=\"has-text-align-center\">Stres tipi idrar ka\u00e7\u0131rma: Hap\u015f\u0131rma, \u00f6ks\u00fcrme, a\u011f\u0131r y\u00fck kald\u0131rma, egzersiz vb. s\u0131ras\u0131nda meydana gelen idrar ka\u00e7\u0131rma durumu.<br>Pelvik yap\u0131lar, idrar kanal\u0131n\u0131 (\u00fcretray\u0131) hamak gibi tutar. Stres tipi idrar ka\u00e7\u0131rma, bu k\u0131sm\u0131 destekleyen dokular\u0131n zay\u0131flamas\u0131 ve idrar\u0131 tutmay\u0131 sa\u011flayan sfinkterin zarar g\u00f6rmesi sonucunda ortaya \u00e7\u0131kar. Sfinkter i\u015flevsel olmad\u0131\u011f\u0131 zaman tam olarak kapanamaz ve efor s\u0131ras\u0131nda artan mesane i\u00e7i bas\u0131nc\u0131n bir sonucu olarak idrar istemsiz olarak d\u0131\u015far\u0131 ka\u00e7ar.<br><br>S\u0131k\u0131\u015fma tipi idrar ka\u00e7\u0131rma: Ani idrar ka\u00e7\u0131rma hissi ile karakterize edilir. Mesanede istemsiz olarak kas\u0131lmalar meydana gelir, bu da idrar depolamay\u0131 zorla\u015ft\u0131rabilir.<br><br>Kar\u0131\u015f\u0131k tip idrar ka\u00e7\u0131rma: Bu iki t\u00fcr ayn\u0131 anda meydana gelir.<br><br>Ta\u015fma tipi idrar ka\u00e7\u0131rma, mesanenin dolmas\u0131yla birlikte istemsiz olarak fazla idrar ka\u00e7\u0131rmas\u0131d\u0131r.<\/p>\n\n\n\n<div class=\"wp-block-buttons is-layout-flex wp-block-buttons-is-layout-flex\"><\/div>\n<\/div>\n<\/div>\n<\/div>\n<\/div>\n\n\n\n<div style=\"height:100px\" aria-hidden=\"true\" class=\"wp-block-spacer\"><\/div>\n\n\n\n<div class=\"wp-block-columns alignwide are-vertically-aligned-center is-layout-flex wp-container-core-columns-is-layout-47c06fe3 wp-block-columns-is-layout-flex\">\n<div class=\"wp-block-column is-vertically-aligned-center is-layout-flow wp-block-column-is-layout-flow\" style=\"flex-basis:50%\">\n<h2 class=\"wp-block-heading has-text-align-center\"><strong><strong>Tan\u0131<\/strong><\/strong><\/h2>\n\n\n\n<p class=\"has-text-align-center is-style-checkmark-list\">\u00d6ncelikle fiziksel muayene ve hastan\u0131n hikayesi incelenir. \u0130drar ka\u00e7\u0131rma derecesini belirlemek i\u00e7in i\u015feme g\u00fcnl\u00fc\u011f\u00fc tutulur. Gerekirse idrar analizi, k\u00fclt\u00fcr\u00fc, \u00fcriner ultrason, \u00fcroflowmetri, rezid\u00fc idrar \u00f6l\u00e7\u00fcm\u00fc, ped testi, \u00fcrodinamik inceleme ve sistoskopi kullan\u0131labilir.<\/p>\n<\/div>\n\n\n\n<div class=\"wp-block-column is-vertically-aligned-center is-layout-flow wp-block-column-is-layout-flow\" style=\"flex-basis:50%\">\n<figure class=\"wp-block-image size-full is-style-rounded is-style-rounded--3\"><img loading=\"lazy\" decoding=\"async\" width=\"608\" height=\"608\" src=\"https:\/\/mehmetsalihboga.com\/wp-content\/uploads\/2025\/12\/2-Idrar-kacirmanin-nedenleri-arasinda-sunlar-yer-alir.jpg\" alt=\"\" class=\"wp-image-250\" style=\"aspect-ratio:4\/3;object-fit:cover\" srcset=\"https:\/\/mehmetsalihboga.com\/wp-content\/uploads\/2025\/12\/2-Idrar-kacirmanin-nedenleri-arasinda-sunlar-yer-alir.jpg 608w, https:\/\/mehmetsalihboga.com\/wp-content\/uploads\/2025\/12\/2-Idrar-kacirmanin-nedenleri-arasinda-sunlar-yer-alir-300x300.jpg 300w, https:\/\/mehmetsalihboga.com\/wp-content\/uploads\/2025\/12\/2-Idrar-kacirmanin-nedenleri-arasinda-sunlar-yer-alir-150x150.jpg 150w\" sizes=\"auto, (max-width: 608px) 100vw, 608px\" \/><\/figure>\n<\/div>\n<\/div>\n\n\n\n<div style=\"height:100px\" aria-hidden=\"true\" class=\"wp-block-spacer\"><\/div>\n\n\n\n<div class=\"wp-block-group alignfull has-base-2-background-color has-background has-global-padding is-layout-constrained wp-container-core-group-is-layout-669513ed wp-block-group-is-layout-constrained\" style=\"margin-top:0;margin-bottom:0;padding-top:var(--wp--preset--spacing--50);padding-right:var(--wp--preset--spacing--50);padding-bottom:var(--wp--preset--spacing--50);padding-left:var(--wp--preset--spacing--50)\">\n<div class=\"wp-block-group is-vertical is-content-justification-center is-layout-flex wp-container-core-group-is-layout-ce155fab wp-block-group-is-layout-flex\">\n<h2 class=\"wp-block-heading has-text-align-center has-xx-large-font-size\"><strong><strong><strong>Tedavi: Konservatif Y\u00f6ntem<\/strong><\/strong><\/strong><\/h2>\n\n\n\n<p class=\"has-text-align-center\">A\u015f\u0131r\u0131 s\u0131v\u0131 al\u0131m\u0131n\u0131n \u00f6nlenmesi ve kontrol edilmesi,<br>Kahve, \u00e7ay, alkol ve gazl\u0131 i\u00e7eceklerin yasaklanmas\u0131,<br>Obez hastalar\u0131n kilo vermesi ve d\u00fczenli olarak egzersiz yapmas\u0131,<br>Kab\u0131zl\u0131\u011f\u0131n azalt\u0131lmas\u0131,<br>Ac\u0131l\u0131, baharatl\u0131 ve ek\u015fi yiyeceklerden ka\u00e7\u0131nmak,<br>Sigara i\u00e7meyi b\u0131rakan ki\u015fileri te\u015fvik etmek,<br>Pelvik taban kaslar\u0131n\u0131 g\u00fc\u00e7lendirmek ve i\u015femeyi geli\u015ftirmek i\u00e7in egzersizler.<\/p>\n<\/div>\n\n\n\n<div style=\"height:100px\" aria-hidden=\"true\" class=\"wp-block-spacer\"><\/div>\n\n\n\n<div style=\"height:var(--wp--preset--spacing--30)\" aria-hidden=\"true\" class=\"wp-block-spacer\"><\/div>\n\n\n\n<div class=\"wp-block-group alignfull has-accent-5-background-color has-background has-global-padding is-layout-constrained wp-container-core-group-is-layout-d89aad35 wp-block-group-is-layout-constrained\" style=\"margin-top:0;margin-bottom:0;padding-top:var(--wp--preset--spacing--50);padding-right:var(--wp--preset--spacing--50);padding-bottom:var(--wp--preset--spacing--50);padding-left:var(--wp--preset--spacing--50)\">\n<div class=\"wp-block-columns alignwide is-layout-flex wp-container-core-columns-is-layout-1da03c2a wp-block-columns-is-layout-flex\">\n<div class=\"wp-block-column is-vertically-aligned-center is-layout-flow wp-block-column-is-layout-flow\" style=\"flex-basis:60%\">\n<figure class=\"wp-block-image aligncenter size-full is-resized is-style-rounded wp-duotone-duotone-1 is-style-rounded--4\"><img loading=\"lazy\" decoding=\"async\" width=\"208\" height=\"281\" src=\"https:\/\/mehmetsalihboga.com\/wp-content\/uploads\/2025\/12\/4-Tedavi-Ilac-Kullanimi.jpg\" alt=\"\" class=\"wp-image-251\" style=\"aspect-ratio:1.3333333333333333;object-fit:cover;width:564px;height:auto\"\/><\/figure>\n<\/div>\n\n\n\n<div class=\"wp-block-column is-layout-flow wp-block-column-is-layout-flow\" style=\"flex-basis:40%\">\n<h2 class=\"wp-block-heading has-text-align-center\"><strong><strong><strong><strong>Tedavi: \u0130la\u00e7 Kullan\u0131m\u0131<\/strong><\/strong><\/strong><\/strong><\/h2>\n\n\n\n<p class=\"has-text-align-center\">\u0130drar ka\u00e7\u0131rma sorununun t\u00fcr\u00fcne g\u00f6re tedavi planlan\u0131r. Muskarinik resept\u00f6r antagonistleri, mirabegron ve \u00f6strojen, tedavide kullan\u0131lan ba\u015fl\u0131ca ila\u00e7lard\u0131r. Desmopressin ve duloksetin de kullan\u0131lan di\u011fer ila\u00e7lard\u0131r. Bu ila\u00e7lar\u0131n olumsuz yan etkileri ve di\u011fer ila\u00e7larla etkile\u015fimleri nedeniyle mutlaka bir \u00fcroloji uzman\u0131 taraf\u0131ndan kontrol edilmesi gerekir.<\/p>\n\n\n\n<div class=\"wp-block-buttons is-layout-flex wp-block-buttons-is-layout-flex\"><\/div>\n<\/div>\n<\/div>\n<\/div>\n<\/div>\n\n\n\n<div class=\"wp-block-group alignfull has-global-padding is-layout-constrained wp-container-core-group-is-layout-d89aad35 wp-block-group-is-layout-constrained\" style=\"margin-top:0;margin-bottom:0;padding-top:var(--wp--preset--spacing--50);padding-right:var(--wp--preset--spacing--50);padding-bottom:var(--wp--preset--spacing--50);padding-left:var(--wp--preset--spacing--50)\">\n<div class=\"wp-block-columns alignwide are-vertically-aligned-center is-layout-flex wp-container-core-columns-is-layout-47c06fe3 wp-block-columns-is-layout-flex\">\n<div class=\"wp-block-column is-vertically-aligned-center is-layout-flow wp-block-column-is-layout-flow\" style=\"flex-basis:50%\">\n<h2 class=\"wp-block-heading has-text-align-center\"><strong><strong>Tedavi: Cerrahi \u0130\u015flem<\/strong><\/strong><\/h2>\n\n\n\n<p class=\"has-text-align-center is-style-checkmark-list\">S\u0131k\u0131\u015fma tipi idrar ka\u00e7\u0131rma durumlar\u0131 i\u00e7in;<br>Mesane i\u00e7i botoks uygulamas\u0131, n\u00f6rojen mesane, a\u015f\u0131r\u0131 aktif mesane ve a\u011fr\u0131l\u0131 mesane sendromlar\u0131n\u0131 tedavi etmek i\u00e7in kullan\u0131labilir. \u0130\u015flem genellikle lokal anestezi ile yap\u0131l\u0131r ve \u00f6zel bir i\u011fne yard\u0131m\u0131yla mesanenin yirmi ila otuz noktas\u0131na botoks enjeksiyonu yap\u0131l\u0131r.<br><br>Bu i\u015flemin amac\u0131, hastalar\u0131n istemsiz mesane kas\u0131lmalar\u0131n\u0131n azalt\u0131lmas\u0131 ve mesane kapasitesinin artt\u0131r\u0131lmas\u0131d\u0131r. Bu, hastalar\u0131n s\u0131k idrara \u00e7\u0131kma ve idrar ka\u00e7\u0131rma gibi \u015fikayetlerinin d\u00fczelmesini sa\u011flar. \u0130\u015flemin etkisi yakla\u015f\u0131k alt\u0131 ila on iki ay s\u00fcrer.<\/p>\n\n\n\n<p class=\"has-text-align-center\">Sakral N\u00f6romod\u00fclasyon (Mesane Pili): \u0130drar ka\u00e7\u0131rma, idrar yapamama, diren\u00e7li a\u015f\u0131r\u0131 aktif mesane ve a\u011fr\u0131l\u0131 mesane sendromunu tedavi etmek i\u00e7in kullan\u0131l\u0131r. Sakral n\u00f6romod\u00fclasyon veya mesane pili olarak da bilinen bu y\u00f6ntem, sakrum kemi\u011fi i\u00e7erisine elektrotlar yerle\u015ftirerek hastan\u0131n \u015fikayetlerini giderir. Bu, mesanenin i\u015flevlerini y\u00fcr\u00fcten sinirleri bir pil yard\u0131m\u0131yla uyar\u0131r.<\/p>\n\n\n\n<p class=\"has-text-align-center is-style-checkmark-list\">Mesane B\u00fcy\u00fctme Ameliyat\u0131 mesane kapasitesi ileri derecede d\u00fc\u015f\u00fck olan hastalar i\u00e7in uygulanan bir y\u00f6ntemdir.<br><br>1. Ask\u0131 Ameliyatlar\u0131 (TOT ve TVT): Hastan\u0131n vajinas\u0131na yerle\u015ftirilen bir mesh yard\u0131m\u0131 ile birlikte idrar ka\u00e7\u0131rmay\u0131 engelleyecek destek sa\u011flan\u0131r. Bu ameliyat, rahim veya mesanede herhangi bir sarkma yoksa on be\u015f dakika s\u00fcrer ve %90 ba\u015far\u0131 oran\u0131 ile ciddi yan etkiler olmaks\u0131z\u0131n idrar ka\u00e7\u0131rma sorununu \u00e7\u00f6zebilir. Bu ameliyat g\u00fcnl\u00fck yat\u0131\u015fla yap\u0131labilir ve hasta bir g\u00fcn sonra &nbsp;taburcu edilebilir.<br><br>2. Burch kolpos\u00fcspansiyonu<br><br>3. Peri\u00fcretal Enjeksiyon Y\u00f6ntemi<br><br>4. Artifisyel (Yapay) \u00dcriner Sfinkterri, diyet tedavisi ve ila\u00e7 tedavisi almalar\u0131 gerekti\u011fini g\u00f6stermektedir.<\/p>\n<\/div>\n\n\n\n<div class=\"wp-block-column is-vertically-aligned-center is-layout-flow wp-block-column-is-layout-flow\" style=\"flex-basis:50%\">\n<figure class=\"wp-block-image size-full is-resized is-style-rounded is-style-rounded--5\"><img loading=\"lazy\" decoding=\"async\" width=\"409\" height=\"326\" src=\"https:\/\/mehmetsalihboga.com\/wp-content\/uploads\/2025\/12\/5-Tedavi-Cerrahi-Islem.jpg\" alt=\"\" class=\"wp-image-252\" style=\"aspect-ratio:1.3333333333333333;object-fit:cover;width:470px;height:auto\" srcset=\"https:\/\/mehmetsalihboga.com\/wp-content\/uploads\/2025\/12\/5-Tedavi-Cerrahi-Islem.jpg 409w, https:\/\/mehmetsalihboga.com\/wp-content\/uploads\/2025\/12\/5-Tedavi-Cerrahi-Islem-300x239.jpg 300w\" sizes=\"auto, (max-width: 409px) 100vw, 409px\" \/><\/figure>\n<\/div>\n<\/div>\n<\/div>\n\n\n\n<p><\/p>\n","protected":false},"excerpt":{"rendered":"<p>\u0130drar Ka\u00e7\u0131rma Nedir? Bu rahats\u0131zl\u0131k hastan\u0131n ya\u015fam konforunu bozdu\u011fu i\u00e7in sosyal ve psikolojik sorunlara neden olabilir. \u0130drar ka\u00e7\u0131rma ya\u015fla birlikte daha yayg\u0131nd\u0131r ve kad\u0131nlarda erkeklere g\u00f6re daha s\u0131k g\u00f6r\u00fcl\u00fcr. \u0130drar ka\u00e7\u0131rman\u0131n nedenleri aras\u0131nda \u015funlar yer al\u0131r; GenlerPelvik taban\u0131n\u0131n zay\u0131f kaslar\u0131N\u00f6rolojik sorunlarMenopoz ve hormon eksikli\u011fiGebelik ve do\u011fum\u0130drar yolu iltihab\u0131Prostat ameliyatlar\u0131\u00dcrolojik, jinekolojik ve barsak ameliyatlar\u0131 ge\u00e7irilmesiA\u015f\u0131r\u0131 hareketli [&hellip;]<\/p>\n","protected":false},"author":1,"featured_media":0,"parent":0,"menu_order":0,"comment_status":"closed","ping_status":"closed","template":"","meta":{"footnotes":""},"class_list":["post-155","page","type-page","status-publish","hentry"],"_links":{"self":[{"href":"https:\/\/mehmetsalihboga.com\/index.php\/wp-json\/wp\/v2\/pages\/155","targetHints":{"allow":["GET"]}}],"collection":[{"href":"https:\/\/mehmetsalihboga.com\/index.php\/wp-json\/wp\/v2\/pages"}],"about":[{"href":"https:\/\/mehmetsalihboga.com\/index.php\/wp-json\/wp\/v2\/types\/page"}],"author":[{"embeddable":true,"href":"https:\/\/mehmetsalihboga.com\/index.php\/wp-json\/wp\/v2\/users\/1"}],"replies":[{"embeddable":true,"href":"https:\/\/mehmetsalihboga.com\/index.php\/wp-json\/wp\/v2\/comments?post=155"}],"version-history":[{"count":4,"href":"https:\/\/mehmetsalihboga.com\/index.php\/wp-json\/wp\/v2\/pages\/155\/revisions"}],"predecessor-version":[{"id":253,"href":"https:\/\/mehmetsalihboga.com\/index.php\/wp-json\/wp\/v2\/pages\/155\/revisions\/253"}],"wp:attachment":[{"href":"https:\/\/mehmetsalihboga.com\/index.php\/wp-json\/wp\/v2\/media?parent=155"}],"curies":[{"name":"wp","href":"https:\/\/api.w.org\/{rel}","templated":true}]}}