{"id":161,"date":"2025-12-28T12:01:14","date_gmt":"2025-12-28T12:01:14","guid":{"rendered":"https:\/\/mehmetsalihboga.com\/?page_id=161"},"modified":"2025-12-28T21:44:23","modified_gmt":"2025-12-28T21:44:23","slug":"tur-p","status":"publish","type":"page","link":"https:\/\/mehmetsalihboga.com\/index.php\/tur-p\/","title":{"rendered":"TUR-P"},"content":{"rendered":"\n<div class=\"wp-block-group alignfull has-accent-background-color has-background has-global-padding is-layout-constrained wp-container-core-group-is-layout-669513ed wp-block-group-is-layout-constrained\" style=\"margin-top:0;margin-bottom:0;padding-top:var(--wp--preset--spacing--50);padding-right:var(--wp--preset--spacing--50);padding-bottom:var(--wp--preset--spacing--50);padding-left:var(--wp--preset--spacing--50)\">\n<div class=\"wp-block-columns alignwide is-layout-flex wp-container-core-columns-is-layout-1da03c2a wp-block-columns-is-layout-flex\">\n<div class=\"wp-block-column is-vertically-aligned-stretch is-layout-flow wp-block-column-is-layout-flow\" style=\"flex-basis:50%\">\n<div class=\"wp-block-group is-vertical is-content-justification-stretch is-layout-flex wp-container-core-group-is-layout-444d5ee8 wp-block-group-is-layout-flex\" style=\"min-height:100%\">\n<p class=\"has-heading-font-family has-x-large-font-size\" style=\"line-height:1.2\"><strong><strong>TUR-P operasyonu nedir?<\/strong><\/strong><\/p>\n\n\n\n<div class=\"wp-block-group has-global-padding is-content-justification-left is-layout-constrained wp-container-core-group-is-layout-9fe8ed88 wp-block-group-is-layout-constrained\">\n<p class=\"has-text-align-center\">TUR-P ameliyat\u0131, hastaya genel veya spinal anestezi verdikten sonra idrar yolundan \u00f6zel bir alet olan rezektoskop kullan\u0131larak prostat dokusunun par\u00e7a par\u00e7a kesilerek d\u0131\u015far\u0131 al\u0131nd\u0131\u011f\u0131 bir cerrahi operasyondur. G\u00fcn\u00fcm\u00fczde TUR ameliyatlar\u0131nda bipolar TUR sistemi en \u00e7ok tercih edilen y\u00f6ntemdir. Bipolar denmesinin sebebi kullan\u0131lan enerji ile alakal\u0131 teknik bir durumdur.<br><br>80 gram\u0131n alt\u0131ndaki prostatlar\u0131n tedavisinde alt\u0131n standart olarak kabul edilen cerrahi y\u00f6ntemdir.<\/p>\n\n\n\n<div class=\"wp-block-buttons is-layout-flex wp-block-buttons-is-layout-flex\"><\/div>\n<\/div>\n<\/div>\n<\/div>\n\n\n\n<div class=\"wp-block-column is-vertically-aligned-center is-layout-flow wp-block-column-is-layout-flow\" style=\"flex-basis:50%\">\n<figure class=\"wp-block-image size-full is-style-rounded is-style-rounded--1\"><img loading=\"lazy\" decoding=\"async\" width=\"560\" height=\"397\" src=\"https:\/\/mehmetsalihboga.com\/wp-content\/uploads\/2025\/12\/1-TUR-P-operasyonu-nedir.jpg\" alt=\"\" class=\"wp-image-320\" style=\"aspect-ratio:3\/4;object-fit:cover\" srcset=\"https:\/\/mehmetsalihboga.com\/wp-content\/uploads\/2025\/12\/1-TUR-P-operasyonu-nedir.jpg 560w, https:\/\/mehmetsalihboga.com\/wp-content\/uploads\/2025\/12\/1-TUR-P-operasyonu-nedir-300x213.jpg 300w\" sizes=\"auto, (max-width: 560px) 100vw, 560px\" \/><\/figure>\n<\/div>\n<\/div>\n<\/div>\n\n\n\n<div class=\"wp-block-group alignfull has-base-2-background-color has-background has-global-padding is-layout-constrained wp-container-core-group-is-layout-669513ed wp-block-group-is-layout-constrained\" style=\"margin-top:0;margin-bottom:0;padding-top:var(--wp--preset--spacing--50);padding-right:var(--wp--preset--spacing--50);padding-bottom:var(--wp--preset--spacing--50);padding-left:var(--wp--preset--spacing--50)\">\n<div class=\"wp-block-group is-vertical is-content-justification-center is-layout-flex wp-container-core-group-is-layout-ce155fab wp-block-group-is-layout-flex\">\n<h2 class=\"wp-block-heading has-text-align-center has-xx-large-font-size\"><strong><strong><strong><strong>TUR-P\u2019nin a\u00e7\u0131l\u0131m\u0131 nedir?<\/strong><\/strong><\/strong><\/strong><\/h2>\n\n\n\n<p class=\"has-text-align-center\">&#8220;TUR-P&#8221;(Transurethral Resection of Prostate), \u0130ngilizce&#8217;de &#8220;Trans\u00fcretral Prostat Rezeksiyonu&#8221; anlam\u0131na gelir. Prostat\u0131n endoskop ile idrar kanal\u0131ndan kesilerek par\u00e7alanmas\u0131 ve d\u0131\u015far\u0131 al\u0131nmas\u0131 bu ameliyatta ger\u00e7ekle\u015ftirilir.<\/p>\n<\/div>\n\n\n\n<div style=\"height:100px\" aria-hidden=\"true\" class=\"wp-block-spacer\"><\/div>\n\n\n\n<div style=\"height:var(--wp--preset--spacing--30)\" aria-hidden=\"true\" class=\"wp-block-spacer\"><\/div>\n\n\n\n<div class=\"wp-block-group alignfull has-accent-5-background-color has-background has-global-padding is-layout-constrained wp-container-core-group-is-layout-d89aad35 wp-block-group-is-layout-constrained\" style=\"margin-top:0;margin-bottom:0;padding-top:var(--wp--preset--spacing--50);padding-right:var(--wp--preset--spacing--50);padding-bottom:var(--wp--preset--spacing--50);padding-left:var(--wp--preset--spacing--50)\">\n<div class=\"wp-block-columns alignwide is-layout-flex wp-container-core-columns-is-layout-1da03c2a wp-block-columns-is-layout-flex\">\n<div class=\"wp-block-column is-vertically-aligned-center is-layout-flow wp-block-column-is-layout-flow\" style=\"flex-basis:60%\">\n<figure class=\"wp-block-image aligncenter size-full is-resized is-style-rounded wp-duotone-duotone-1 is-style-rounded--2\"><img loading=\"lazy\" decoding=\"async\" width=\"403\" height=\"373\" src=\"https:\/\/mehmetsalihboga.com\/wp-content\/uploads\/2025\/12\/3-TUR-P-operasyonunda-uygulanan-teknikler-nelerdir.jpg\" alt=\"\" class=\"wp-image-319\" style=\"aspect-ratio:1.3333333333333333;object-fit:cover;width:564px;height:auto\" srcset=\"https:\/\/mehmetsalihboga.com\/wp-content\/uploads\/2025\/12\/3-TUR-P-operasyonunda-uygulanan-teknikler-nelerdir.jpg 403w, https:\/\/mehmetsalihboga.com\/wp-content\/uploads\/2025\/12\/3-TUR-P-operasyonunda-uygulanan-teknikler-nelerdir-300x278.jpg 300w\" sizes=\"auto, (max-width: 403px) 100vw, 403px\" \/><\/figure>\n<\/div>\n\n\n\n<div class=\"wp-block-column is-layout-flow wp-block-column-is-layout-flow\" style=\"flex-basis:40%\">\n<h2 class=\"wp-block-heading has-text-align-center\"><strong><strong><strong><strong><strong>TUR operasyonlar\u0131 nas\u0131l ger\u00e7ekle\u015ftirilir?<\/strong><\/strong><\/strong><\/strong><\/strong><\/h2>\n\n\n\n<p class=\"has-text-align-center\">Bu y\u00f6ntemde hastaya genel veya spinal anestezi verdikten sonra, idrar yoluna rezektoskop ad\u0131 verilen \u00f6zel bir alet girilir ve prostat dokusu par\u00e7a par\u00e7a kesilir. Bu ama\u00e7la \u00e7e\u015fitli enerji kaynaklar\u0131 kullan\u0131l\u0131r. Bipolar veya monopar enerji kaynaklar\u0131 kullan\u0131labilir. Bipolar sistem hastan\u0131n v\u00fccudundan elektrik ak\u0131m\u0131 ge\u00e7irmedi\u011finden, kalp pili olan hastalar i\u00e7in g\u00fcvenlidir. G\u00fcn\u00fcm\u00fczde TUR ameliyatlar\u0131nda bipolar TUR sistemi en \u00e7ok tercih edilen y\u00f6ntemdir. Prostat dokusunu kesen cihaz, di\u011fer yandan kanamalar\u0131 durdurur. \u0130drar kesesi i\u00e7inde biriken prostat dokular\u0131 vakum sistemi taraf\u0131ndan \u00e7\u0131kar\u0131l\u0131r. Operasyondan sonra bir sonda genellikle bir ila \u00fc\u00e7 g\u00fcn s\u00fcresince idrar yoluna yerle\u015ftirilir.<br>V\u00fccutta herhangi bir kesi olmad\u0131\u011f\u0131 i\u00e7in ameliyat sonras\u0131 iyile\u015fme h\u0131zl\u0131d\u0131r. Operasyondan sonra \u00e7o\u011fu hasta alt\u0131 saat i\u00e7inde yiyecek ve s\u0131v\u0131 almaya ba\u015flayabilir.<\/p>\n\n\n\n<div class=\"wp-block-buttons is-layout-flex wp-block-buttons-is-layout-flex\"><\/div>\n<\/div>\n<\/div>\n<\/div>\n<\/div>\n\n\n\n<div style=\"height:100px\" aria-hidden=\"true\" class=\"wp-block-spacer\"><\/div>\n\n\n\n<div class=\"wp-block-columns alignwide are-vertically-aligned-center is-layout-flex wp-container-core-columns-is-layout-47c06fe3 wp-block-columns-is-layout-flex\">\n<div class=\"wp-block-column is-vertically-aligned-center is-layout-flow wp-block-column-is-layout-flow\" style=\"flex-basis:50%\">\n<h2 class=\"wp-block-heading has-text-align-center\"><strong><strong>Plasma kinetik TUR nedir?<\/strong><\/strong><\/h2>\n\n\n\n<p class=\"has-text-align-center is-style-checkmark-list\">Plasma Kinetik TUR sistemi, klasik TUR sisteminden farkl\u0131 olarak bipolar enerji kullan\u0131r. Halk aras\u0131nda &#8220;kapal\u0131 prostat ameliyat\u0131&#8221; olarak da adland\u0131r\u0131lan bu y\u00f6ntemde prostat, v\u00fccuda bir kesi yapmadan idrar deli\u011finden bir endoskop yard\u0131m\u0131 ile kesilir. Daha sonra prostat par\u00e7alar\u0131 patolojiye g\u00f6nderilir ve incelenir.<\/p>\n<\/div>\n\n\n\n<div class=\"wp-block-column is-vertically-aligned-center is-layout-flow wp-block-column-is-layout-flow\" style=\"flex-basis:50%\">\n<figure class=\"wp-block-image size-full is-style-rounded is-style-rounded--3\"><img loading=\"lazy\" decoding=\"async\" width=\"624\" height=\"340\" src=\"https:\/\/mehmetsalihboga.com\/wp-content\/uploads\/2025\/12\/2-Plasma-kinetik-TUR-nedir-1.jpg\" alt=\"\" class=\"wp-image-318\" style=\"aspect-ratio:4\/3;object-fit:cover\" srcset=\"https:\/\/mehmetsalihboga.com\/wp-content\/uploads\/2025\/12\/2-Plasma-kinetik-TUR-nedir-1.jpg 624w, https:\/\/mehmetsalihboga.com\/wp-content\/uploads\/2025\/12\/2-Plasma-kinetik-TUR-nedir-1-300x163.jpg 300w\" sizes=\"auto, (max-width: 624px) 100vw, 624px\" \/><\/figure>\n<\/div>\n<\/div>\n\n\n\n<div style=\"height:100px\" aria-hidden=\"true\" class=\"wp-block-spacer\"><\/div>\n\n\n\n<div class=\"wp-block-group alignfull has-base-2-background-color has-background has-global-padding is-layout-constrained wp-container-core-group-is-layout-669513ed wp-block-group-is-layout-constrained\" style=\"margin-top:0;margin-bottom:0;padding-top:var(--wp--preset--spacing--50);padding-right:var(--wp--preset--spacing--50);padding-bottom:var(--wp--preset--spacing--50);padding-left:var(--wp--preset--spacing--50)\">\n<div class=\"wp-block-group is-vertical is-content-justification-center is-layout-flex wp-container-core-group-is-layout-ce155fab wp-block-group-is-layout-flex\">\n<h2 class=\"wp-block-heading has-text-align-center has-xx-large-font-size\"><strong><strong><strong>Bipolar TUR&#8217;un klasik (monopolar) TUR\u2019a g\u00f6re avantajlar\u0131 nedir?<\/strong><\/strong><\/strong><\/h2>\n\n\n\n<p class=\"has-text-align-center\">Kalp pili olan hastalarda prostat dokusu daha g\u00fcvenli ve h\u0131zl\u0131 bir \u015fekilde \u00e7\u0131kar\u0131labilir. Hastanede yat\u0131\u015f s\u00fcresi, ameliyat s\u00fcresi ve kanama riski azal\u0131r.<br>Plasmakinetik TUR y\u00f6nteminde kullan\u0131lan s\u0131v\u0131 serum fizyolojik oldu\u011fundan, TUR Sendromu klasik TUR y\u00f6nteminde g\u00f6r\u00fclmemektedir.<\/p>\n\n\n\n<p class=\"has-text-align-center\"><\/p>\n<\/div>\n\n\n\n<div style=\"height:100px\" aria-hidden=\"true\" class=\"wp-block-spacer\"><\/div>\n\n\n\n<div style=\"height:var(--wp--preset--spacing--30)\" aria-hidden=\"true\" class=\"wp-block-spacer\"><\/div>\n\n\n\n<div class=\"wp-block-group alignfull has-accent-5-background-color has-background has-global-padding is-layout-constrained wp-container-core-group-is-layout-d89aad35 wp-block-group-is-layout-constrained\" style=\"margin-top:0;margin-bottom:0;padding-top:var(--wp--preset--spacing--50);padding-right:var(--wp--preset--spacing--50);padding-bottom:var(--wp--preset--spacing--50);padding-left:var(--wp--preset--spacing--50)\">\n<div class=\"wp-block-columns alignwide is-layout-flex wp-container-core-columns-is-layout-1da03c2a wp-block-columns-is-layout-flex\">\n<div class=\"wp-block-column is-vertically-aligned-center is-layout-flow wp-block-column-is-layout-flow\" style=\"flex-basis:60%\"><\/div>\n\n\n\n<div class=\"wp-block-column is-layout-flow wp-block-column-is-layout-flow\" style=\"flex-basis:40%\">\n<h2 class=\"wp-block-heading has-text-align-center\"><strong><strong><strong><strong>TUR-P operasyonunda uygulanan teknikler nelerdir?<\/strong><\/strong><\/strong><\/strong><\/h2>\n\n\n\n<p class=\"has-text-align-center\">Prostat ameliyat\u0131 i\u00e7in kullan\u0131lan enerji kayna\u011f\u0131na g\u00f6re TUR&#8217;lar, monopolar (klasik) TUR ve bipolar (plasmakinetik) TUR&#8217;dur. Her iki y\u00f6ntemde de prostat par\u00e7alan\u0131r. Plasma kinetik sistem, klasik yakla\u015f\u0131mdan daha g\u00fcvenli ve verimli bir \u00e7al\u0131\u015fma sistemi sa\u011flar.<br>\u00d6zellikle mesane boynu y\u00fcksekli\u011fi olan gen\u00e7 hastalar i\u00e7in TU\u0130P (Trans\u00fcretral Prostat \u0130nsizyonu), prostat dokusu \u00e7\u0131kar\u0131lmadan sadece mesane boynunun \u00f6zel bir loop (bir \u00e7e\u015fit b\u0131\u00e7ak denebilir) vas\u0131tas\u0131yla \u00e7izilerek indirildi\u011fi bir y\u00f6ntemdir. Bu y\u00f6ntemin di\u011fer y\u00f6ntemlere g\u00f6re en b\u00fcy\u00fck avantaj\u0131, meni geri ka\u00e7ma olas\u0131l\u0131\u011f\u0131n\u0131n \u00e7ok d\u00fc\u015f\u00fck olmas\u0131d\u0131r.<\/p>\n\n\n\n<p class=\"has-text-align-center\">Bipolar enerji sistemi ile prostat dokusu en\u00fckleasyon yoluyla (kaps\u00fcl\u00fcnden tamamen ayr\u0131larak) rezeke edilebilir. Bu ameliyat y\u00f6ntemi BipoLEP olarak bilinir.<\/p>\n\n\n\n<div class=\"wp-block-buttons is-layout-flex wp-block-buttons-is-layout-flex\"><\/div>\n<\/div>\n<\/div>\n<\/div>\n<\/div>\n\n\n\n<div class=\"wp-block-group alignfull has-global-padding is-layout-constrained wp-container-core-group-is-layout-d89aad35 wp-block-group-is-layout-constrained\" style=\"margin-top:0;margin-bottom:0;padding-top:var(--wp--preset--spacing--50);padding-right:var(--wp--preset--spacing--50);padding-bottom:var(--wp--preset--spacing--50);padding-left:var(--wp--preset--spacing--50)\">\n<div class=\"wp-block-columns alignwide are-vertically-aligned-center is-layout-flex wp-container-core-columns-is-layout-47c06fe3 wp-block-columns-is-layout-flex\">\n<div class=\"wp-block-column is-vertically-aligned-center is-layout-flow wp-block-column-is-layout-flow\" style=\"flex-basis:50%\">\n<h2 class=\"wp-block-heading has-text-align-center\"><strong><strong>HoLEP ile TUR-P aras\u0131ndaki farkl\u0131l\u0131klar nelerdir?<\/strong><\/strong><\/h2>\n\n\n\n<p class=\"has-text-align-center is-style-checkmark-list\">TUR-P ameliyat\u0131, g\u00fcn\u00fcm\u00fczde en yayg\u0131n prostat ameliyat\u0131 tekni\u011fidir ve 80 gramdan k\u00fc\u00e7\u00fck prostatlarda alt\u0131n standartt\u0131r. Bu y\u00f6ntemde prostat par\u00e7alan\u0131r ve idrar deli\u011finden \u00f6zel bir endoskop kullan\u0131larak \u00e7\u0131kar\u0131l\u0131r. HoLEP ameliyat\u0131, daha b\u00fcy\u00fck prostatlar\u0131n kaps\u00fcl\u00fcnden \u00e7\u0131kar\u0131lmas\u0131 i\u00e7in lazer kullan\u0131r. HoLEP ve ThuLEP y\u00f6ntemlerinde prostat kaps\u00fcl\u00fcnden tamamen ayr\u0131ld\u0131\u011f\u0131 i\u00e7in rezid\u00fc doku kalmad\u0131\u011f\u0131ndan, b\u00fcy\u00fck prostatlarda TUR ameliyat\u0131na g\u00f6re daha avantajl\u0131d\u0131r.<\/p>\n<\/div>\n\n\n\n<div class=\"wp-block-column is-vertically-aligned-center is-layout-flow wp-block-column-is-layout-flow\" style=\"flex-basis:50%\">\n<figure class=\"wp-block-image size-full is-style-rounded is-style-rounded--4\"><img loading=\"lazy\" decoding=\"async\" width=\"718\" height=\"373\" src=\"https:\/\/mehmetsalihboga.com\/wp-content\/uploads\/2025\/12\/4-TUR-Pnin-avantajlari-neler.jpg\" alt=\"\" class=\"wp-image-322\" style=\"aspect-ratio:4\/3;object-fit:cover\" srcset=\"https:\/\/mehmetsalihboga.com\/wp-content\/uploads\/2025\/12\/4-TUR-Pnin-avantajlari-neler.jpg 718w, https:\/\/mehmetsalihboga.com\/wp-content\/uploads\/2025\/12\/4-TUR-Pnin-avantajlari-neler-300x156.jpg 300w\" sizes=\"auto, (max-width: 718px) 100vw, 718px\" \/><\/figure>\n<\/div>\n<\/div>\n<\/div>\n\n\n\n<p><\/p>\n\n\n\n<div class=\"wp-block-group alignfull has-base-2-background-color has-background has-global-padding is-layout-constrained wp-container-core-group-is-layout-669513ed wp-block-group-is-layout-constrained\" style=\"margin-top:0;margin-bottom:0;padding-top:var(--wp--preset--spacing--50);padding-right:var(--wp--preset--spacing--50);padding-bottom:var(--wp--preset--spacing--50);padding-left:var(--wp--preset--spacing--50)\">\n<div class=\"wp-block-group is-vertical is-content-justification-center is-layout-flex wp-container-core-group-is-layout-ce155fab wp-block-group-is-layout-flex\">\n<h2 class=\"wp-block-heading has-text-align-center has-xx-large-font-size\"><strong><strong><strong><strong>TUR-P\u2019nin avantajlar\u0131 neler?<\/strong><\/strong><\/strong><\/strong><\/h2>\n\n\n\n<p class=\"has-text-align-center\">A\u00e7\u0131k ameliyat y\u00f6ntemlerine g\u00f6re daha h\u0131zl\u0131 ve daha rahat bir iyile\u015fme s\u00fcreci sunar. \u0130drar ka\u00e7\u0131rma ve sertle\u015fme sorunu gibi cinsel fonksiyon bozukluklar\u0131 \u00e7ok nadir olarak izlenmektedir. TURP y\u00f6ntemi, daha b\u00fcy\u00fck bir kavite olu\u015fturdu\u011fu i\u00e7in Greenlight, Rezum ve TUMT gibi buharla\u015ft\u0131rma ve ablasyon tekniklerine g\u00f6re daha iyi sonu\u00e7lar sa\u011flar ve prostat dokular\u0131 d\u0131\u015far\u0131 al\u0131narak patolojik inceleme yap\u0131labilir.<\/p>\n\n\n\n<h2 class=\"wp-block-heading has-text-align-center has-xx-large-font-size\"><strong><strong><strong><strong><strong>TUR-P\u2019nin olumsuz y\u00f6nleri nelerdir?<\/strong><\/strong><\/strong><\/strong><\/strong><\/h2>\n\n\n\n<p class=\"has-text-align-center\">TUR ameliyat\u0131n\u0131n en b\u00fcy\u00fck dezavantaj\u0131, b\u00fcy\u00fck prostatlarda uyguland\u0131\u011f\u0131nda geride kalan rezid\u00fc dokudur. Bu durum, kalan dokular\u0131n tekrar b\u00fcy\u00fcyerek ilerleyen y\u0131llarda tekrar prostat tedavisi gerektirebilece\u011fi anlam\u0131na gelir.<\/p>\n\n\n\n<p>Meninin geri ka\u00e7mas\u0131 olarak da bilinen retrograd ejak\u00fclasyon, TUR ameliyatlar\u0131nda s\u0131kl\u0131kla g\u00f6r\u00fclen bir komplikasyondur. \u00c7ocuk sahibi olmak veya kuru bo\u015falmay\u0131 \u00f6nlemek isteyen hastalar i\u00e7in ejak\u00fclasyon koruyucu TUR veya sadece mesane boynuna m\u00fcdahalenin yap\u0131ld\u0131\u011f\u0131 TUIP ameliyat\u0131 yap\u0131labilir.<\/p>\n\n\n\n<p class=\"has-text-align-center\">Son zamanlarda, retrograd ejak\u00fclasyon oran\u0131 olduk\u00e7a d\u00fc\u015f\u00fck olan Rezum ameliyat\u0131 da pop\u00fcler hale gelmi\u015ftir.<\/p>\n\n\n\n<p class=\"has-text-align-center\"><\/p>\n\n\n\n<p class=\"has-text-align-center\"><\/p>\n\n\n\n<p class=\"has-text-align-center\"><\/p>\n<\/div>\n\n\n\n<div style=\"height:100px\" aria-hidden=\"true\" class=\"wp-block-spacer\"><\/div>\n\n\n\n<div style=\"height:var(--wp--preset--spacing--30)\" aria-hidden=\"true\" class=\"wp-block-spacer\"><\/div>\n<\/div>\n","protected":false},"excerpt":{"rendered":"<p>TUR-P operasyonu nedir? TUR-P ameliyat\u0131, hastaya genel veya spinal anestezi verdikten sonra idrar yolundan \u00f6zel bir alet olan rezektoskop kullan\u0131larak prostat dokusunun par\u00e7a par\u00e7a kesilerek d\u0131\u015far\u0131 al\u0131nd\u0131\u011f\u0131 bir cerrahi operasyondur. G\u00fcn\u00fcm\u00fczde TUR ameliyatlar\u0131nda bipolar TUR sistemi en \u00e7ok tercih edilen y\u00f6ntemdir. Bipolar denmesinin sebebi kullan\u0131lan enerji ile alakal\u0131 teknik bir durumdur. 80 gram\u0131n alt\u0131ndaki prostatlar\u0131n [&hellip;]<\/p>\n","protected":false},"author":1,"featured_media":0,"parent":0,"menu_order":0,"comment_status":"closed","ping_status":"closed","template":"","meta":{"footnotes":""},"class_list":["post-161","page","type-page","status-publish","hentry"],"_links":{"self":[{"href":"https:\/\/mehmetsalihboga.com\/index.php\/wp-json\/wp\/v2\/pages\/161","targetHints":{"allow":["GET"]}}],"collection":[{"href":"https:\/\/mehmetsalihboga.com\/index.php\/wp-json\/wp\/v2\/pages"}],"about":[{"href":"https:\/\/mehmetsalihboga.com\/index.php\/wp-json\/wp\/v2\/types\/page"}],"author":[{"embeddable":true,"href":"https:\/\/mehmetsalihboga.com\/index.php\/wp-json\/wp\/v2\/users\/1"}],"replies":[{"embeddable":true,"href":"https:\/\/mehmetsalihboga.com\/index.php\/wp-json\/wp\/v2\/comments?post=161"}],"version-history":[{"count":3,"href":"https:\/\/mehmetsalihboga.com\/index.php\/wp-json\/wp\/v2\/pages\/161\/revisions"}],"predecessor-version":[{"id":323,"href":"https:\/\/mehmetsalihboga.com\/index.php\/wp-json\/wp\/v2\/pages\/161\/revisions\/323"}],"wp:attachment":[{"href":"https:\/\/mehmetsalihboga.com\/index.php\/wp-json\/wp\/v2\/media?parent=161"}],"curies":[{"name":"wp","href":"https:\/\/api.w.org\/{rel}","templated":true}]}}