{"id":163,"date":"2025-12-28T12:05:02","date_gmt":"2025-12-28T12:05:02","guid":{"rendered":"https:\/\/mehmetsalihboga.com\/?page_id=163"},"modified":"2025-12-28T21:14:54","modified_gmt":"2025-12-28T21:14:54","slug":"kronik-prostatit","status":"publish","type":"page","link":"https:\/\/mehmetsalihboga.com\/index.php\/kronik-prostatit\/","title":{"rendered":"Kronik Prostatit"},"content":{"rendered":"\n<div class=\"wp-block-group alignfull has-accent-background-color has-background has-global-padding is-layout-constrained wp-container-core-group-is-layout-669513ed wp-block-group-is-layout-constrained\" style=\"margin-top:0;margin-bottom:0;padding-top:var(--wp--preset--spacing--50);padding-right:var(--wp--preset--spacing--50);padding-bottom:var(--wp--preset--spacing--50);padding-left:var(--wp--preset--spacing--50)\">\n<div class=\"wp-block-columns alignwide is-layout-flex wp-container-core-columns-is-layout-1da03c2a wp-block-columns-is-layout-flex\">\n<div class=\"wp-block-column is-vertically-aligned-stretch is-layout-flow wp-block-column-is-layout-flow\" style=\"flex-basis:50%\">\n<div class=\"wp-block-group is-vertical is-content-justification-stretch is-layout-flex wp-container-core-group-is-layout-444d5ee8 wp-block-group-is-layout-flex\" style=\"min-height:100%\">\n<p class=\"has-text-align-left has-heading-font-family has-x-large-font-size\" style=\"line-height:1.2\"><strong><strong>Kronik Prostatit Nedir?<\/strong><\/strong><\/p>\n\n\n\n<div class=\"wp-block-group has-global-padding is-content-justification-left is-layout-constrained wp-container-core-group-is-layout-9fe8ed88 wp-block-group-is-layout-constrained\">\n<p class=\"has-text-align-center\">Prostat, erkeklerde idrar kesesinin hemen alt\u0131na yerle\u015fmi\u015f meni (semen) i\u00e7eri\u011finin bir k\u0131sm\u0131n\u0131n \u00fcretildi\u011fi yakla\u015f\u0131k ceviz b\u00fcy\u00fckl\u00fc\u011f\u00fcnde bir bez dokusudur. Prostatit, bu bez dokusunun iltihabi hastal\u0131\u011f\u0131d\u0131r ve genellikle \u00fcreme \u00e7a\u011f\u0131ndaki erkeklerde g\u00f6r\u00fcl\u00fcr. Prostatit \u015fikayetleri \u00fc\u00e7 aydan uzun s\u00fcrerse kronik prostatit geli\u015fir. Prostatit tedavi edilmedi\u011finde abse olu\u015fumu, testis iltihab\u0131 ve sepsis gibi daha ciddi durumlara d\u00f6n\u00fc\u015febilece\u011fi gibi, ba\u011f\u0131\u015f\u0131kl\u0131k sistemi bask\u0131lan\u0131p kendili\u011finden d\u00fczelebilir. Bununla birlikte, hastalar \u00e7o\u011fu zaman daha da k\u00f6t\u00fcle\u015ferek kronik hale gelir.<\/p>\n\n\n\n<p class=\"has-text-align-left\"><\/p>\n\n\n\n<div class=\"wp-block-buttons is-layout-flex wp-block-buttons-is-layout-flex\"><\/div>\n<\/div>\n<\/div>\n<\/div>\n\n\n\n<div class=\"wp-block-column is-vertically-aligned-center is-layout-flow wp-block-column-is-layout-flow\" style=\"flex-basis:50%\">\n<figure class=\"wp-block-image size-full is-resized is-style-rounded is-style-rounded--1\"><img loading=\"lazy\" decoding=\"async\" width=\"434\" height=\"434\" src=\"https:\/\/mehmetsalihboga.com\/wp-content\/uploads\/2025\/12\/1-Kronik-Prostatit-Nedir.jpg\" alt=\"\" class=\"wp-image-259\" style=\"aspect-ratio:0.75;object-fit:cover;width:422px;height:auto\" srcset=\"https:\/\/mehmetsalihboga.com\/wp-content\/uploads\/2025\/12\/1-Kronik-Prostatit-Nedir.jpg 434w, https:\/\/mehmetsalihboga.com\/wp-content\/uploads\/2025\/12\/1-Kronik-Prostatit-Nedir-300x300.jpg 300w, https:\/\/mehmetsalihboga.com\/wp-content\/uploads\/2025\/12\/1-Kronik-Prostatit-Nedir-150x150.jpg 150w\" sizes=\"auto, (max-width: 434px) 100vw, 434px\" \/><\/figure>\n<\/div>\n<\/div>\n<\/div>\n\n\n\n<div class=\"wp-block-group alignfull has-base-2-background-color has-background has-global-padding is-layout-constrained wp-container-core-group-is-layout-669513ed wp-block-group-is-layout-constrained\" style=\"margin-top:0;margin-bottom:0;padding-top:var(--wp--preset--spacing--50);padding-right:var(--wp--preset--spacing--50);padding-bottom:var(--wp--preset--spacing--50);padding-left:var(--wp--preset--spacing--50)\">\n<div class=\"wp-block-group is-vertical is-content-justification-center is-layout-flex wp-container-core-group-is-layout-ce155fab wp-block-group-is-layout-flex\">\n<h2 class=\"wp-block-heading has-text-align-center has-xx-large-font-size\"><strong><strong><strong><strong>Prostatit Nas\u0131l Geli\u015fir ?<\/strong><\/strong><\/strong><\/strong><\/h2>\n\n\n\n<p class=\"has-text-align-center\">Altta yatan nedene g\u00f6re incelenir. Bununla birlikte, kronik bakteriyel prostatit, bakteriyel bir enfeksiyondan kaynaklan\u0131r. Benzer \u015fikayetlerin g\u00f6r\u00fclmesi ve sebebin tam olarak belirlenememesi durumunda, kronik prostatit veya kronik pelvik a\u011fr\u0131 sendromu olarak adland\u0131r\u0131lan tan\u0131 konur.<br>Bir enfeksiyon ajan\u0131, idrar yolu enfeksiyonu (E. coli, Klebsiella, Enterokoklar vb.) ya da cinsel yolla bula\u015fan hastal\u0131klar (klamidya, mikoplazma, ureoplasma, gonore vb.) nedeniyle prostat iltihab\u0131 geli\u015febilir.<\/p>\n\n\n\n<p class=\"has-text-align-center\"><\/p>\n<\/div>\n\n\n\n<div style=\"height:100px\" aria-hidden=\"true\" class=\"wp-block-spacer\"><\/div>\n\n\n\n<div style=\"height:var(--wp--preset--spacing--30)\" aria-hidden=\"true\" class=\"wp-block-spacer\"><\/div>\n\n\n\n<div class=\"wp-block-group alignfull has-accent-5-background-color has-background has-global-padding is-layout-constrained wp-container-core-group-is-layout-d89aad35 wp-block-group-is-layout-constrained\" style=\"margin-top:0;margin-bottom:0;padding-top:var(--wp--preset--spacing--50);padding-right:var(--wp--preset--spacing--50);padding-bottom:var(--wp--preset--spacing--50);padding-left:var(--wp--preset--spacing--50)\">\n<div class=\"wp-block-columns alignwide is-layout-flex wp-container-core-columns-is-layout-1da03c2a wp-block-columns-is-layout-flex\">\n<div class=\"wp-block-column is-vertically-aligned-center is-layout-flow wp-block-column-is-layout-flow\" style=\"flex-basis:60%\">\n<figure class=\"wp-block-image aligncenter size-full is-resized is-style-rounded wp-duotone-duotone-1 is-style-rounded--2\"><img loading=\"lazy\" decoding=\"async\" width=\"409\" height=\"409\" src=\"https:\/\/mehmetsalihboga.com\/wp-content\/uploads\/2025\/12\/3-Prostatit-Belirtileri-Nelerdir.jpg\" alt=\"\" class=\"wp-image-260\" style=\"aspect-ratio:1.3333333333333333;object-fit:cover;width:564px;height:auto\" srcset=\"https:\/\/mehmetsalihboga.com\/wp-content\/uploads\/2025\/12\/3-Prostatit-Belirtileri-Nelerdir.jpg 409w, https:\/\/mehmetsalihboga.com\/wp-content\/uploads\/2025\/12\/3-Prostatit-Belirtileri-Nelerdir-300x300.jpg 300w, https:\/\/mehmetsalihboga.com\/wp-content\/uploads\/2025\/12\/3-Prostatit-Belirtileri-Nelerdir-150x150.jpg 150w\" sizes=\"auto, (max-width: 409px) 100vw, 409px\" \/><\/figure>\n<\/div>\n\n\n\n<div class=\"wp-block-column is-layout-flow wp-block-column-is-layout-flow\" style=\"flex-basis:40%\">\n<h2 class=\"wp-block-heading has-text-align-center\"><strong><strong><strong><strong><strong>Prostatit Belirtileri Nelerdir ?<\/strong><\/strong><\/strong><\/strong><\/strong><\/h2>\n\n\n\n<p class=\"has-text-align-center\">Alt pelviste, \u00f6zellikle makat ve testisler aras\u0131nda, a\u011fr\u0131 mevcuttur. S\u0131rt a\u011fr\u0131s\u0131 varsa penise ve alt kar\u0131n b\u00f6lgesine yay\u0131labilir. \u0130drar yaparken yanma, zorlanma, s\u0131k\u0131\u015fma hissi,s\u0131k s\u0131k idrara \u00e7\u0131kma gibi \u015fikayetler g\u00f6r\u00fclebilir. En yayg\u0131n seks\u00fcel sorunlar a\u011fr\u0131l\u0131 bo\u015falma,erken bo\u015falma ve cinsel isteksizlik olabilir. Yine baz\u0131 hastalarda \u015feffaf ya da renkli, kokulu ya da kokusuz ak\u0131nt\u0131 olabilir.<\/p>\n\n\n\n<div class=\"wp-block-buttons is-layout-flex wp-block-buttons-is-layout-flex\"><\/div>\n<\/div>\n<\/div>\n<\/div>\n<\/div>\n\n\n\n<div style=\"height:100px\" aria-hidden=\"true\" class=\"wp-block-spacer\"><\/div>\n\n\n\n<div class=\"wp-block-columns alignwide are-vertically-aligned-center is-layout-flex wp-container-core-columns-is-layout-47c06fe3 wp-block-columns-is-layout-flex\">\n<div class=\"wp-block-column is-vertically-aligned-center is-layout-flow wp-block-column-is-layout-flow\" style=\"flex-basis:50%\">\n<h2 class=\"wp-block-heading has-text-align-center\"><strong><strong>Kimlerde S\u0131k G\u00f6r\u00fcl\u00fcr ?<\/strong><\/strong><\/h2>\n\n\n\n<p class=\"has-text-align-center is-style-checkmark-list\">Kronik prostatit, korunmas\u0131z \u00e7oklu ili\u015fkiye giren, s\u0131k tekrarlayan idrar yolu enfeksiyonu ge\u00e7iren, so\u011fuk ortamlarda kalan ve bisiklet veya at binicili\u011fi gibi sporlar s\u0131ras\u0131nda prostata mikrotravmalara maruz kalan ki\u015filerde daha s\u0131k g\u00f6r\u00fcl\u00fcr. S\u0131kl\u0131kla \u00fcreme \u00e7a\u011f\u0131ndaki erkeklerde ve cinsel olarak aktif erkeklerde g\u00f6r\u00fcl\u00fcr. Bununla birlikte, daha ileri ya\u015flarda da g\u00f6r\u00fclebilir.<br><br>20 ila 45 ya\u015f aras\u0131ndaki cinsel olarak aktif ve \u00fcreme \u00e7a\u011f\u0131ndaki erkeklerde kronik prostatit yayg\u0131nd\u0131r. Bununla birlikte, daha ileri ya\u015flarda da g\u00f6r\u00fclebilir. Gen\u00e7 erkeklerde korunmas\u0131z ili\u015fkilerle bula\u015fan ajanlar en yayg\u0131nd\u0131r, ancak idrar yolu enfeksiyonlar\u0131 ileri ya\u015ftaki erkeklerde daha yayg\u0131nd\u0131r.<\/p>\n<\/div>\n\n\n\n<div class=\"wp-block-column is-vertically-aligned-center is-layout-flow wp-block-column-is-layout-flow\" style=\"flex-basis:50%\">\n<figure class=\"wp-block-image size-full is-resized is-style-rounded is-style-rounded--3\"><img loading=\"lazy\" decoding=\"async\" width=\"378\" height=\"377\" src=\"https:\/\/mehmetsalihboga.com\/wp-content\/uploads\/2025\/12\/4-Kimlerde-Sik-Gorulur.jpg\" alt=\"\" class=\"wp-image-261\" style=\"aspect-ratio:1.3333333333333333;object-fit:cover;width:470px;height:auto\" srcset=\"https:\/\/mehmetsalihboga.com\/wp-content\/uploads\/2025\/12\/4-Kimlerde-Sik-Gorulur.jpg 378w, https:\/\/mehmetsalihboga.com\/wp-content\/uploads\/2025\/12\/4-Kimlerde-Sik-Gorulur-300x300.jpg 300w, https:\/\/mehmetsalihboga.com\/wp-content\/uploads\/2025\/12\/4-Kimlerde-Sik-Gorulur-150x150.jpg 150w\" sizes=\"auto, (max-width: 378px) 100vw, 378px\" \/><\/figure>\n<\/div>\n<\/div>\n\n\n\n<div style=\"height:100px\" aria-hidden=\"true\" class=\"wp-block-spacer\"><\/div>\n\n\n\n<div class=\"wp-block-group alignfull has-base-2-background-color has-background has-global-padding is-layout-constrained wp-container-core-group-is-layout-669513ed wp-block-group-is-layout-constrained\" style=\"margin-top:0;margin-bottom:0;padding-top:var(--wp--preset--spacing--50);padding-right:var(--wp--preset--spacing--50);padding-bottom:var(--wp--preset--spacing--50);padding-left:var(--wp--preset--spacing--50)\">\n<div class=\"wp-block-group is-vertical is-content-justification-center is-layout-flex wp-container-core-group-is-layout-ce155fab wp-block-group-is-layout-flex\">\n<h2 class=\"wp-block-heading has-text-align-center has-xx-large-font-size\"><strong><strong><strong>Kronik Prostatit Tan\u0131s\u0131 Nas\u0131l Konur ?<\/strong><\/strong><\/strong><\/h2>\n\n\n\n<p class=\"has-text-align-center\">\u00dcroloji uzman\u0131, uzun s\u00fcredir devam eden prostatiti te\u015fhis edebilir. \u00d6ncelikle hastan\u0131n ki\u015fisel bilgileri ve ge\u00e7mi\u015fi incelenir. Son olarak, hem parmakla hem de sistemik olarak prostat incelemesi yap\u0131l\u0131r. Bu muayene s\u0131ras\u0131nda prostat\u0131n boyutu ve k\u0131vam\u0131 incelenir. Gerekirse, masaj yoluyla gelen ak\u0131nt\u0131dan bir \u00f6rnek al\u0131n\u0131p mikroskop alt\u0131nda incelenebilece\u011fi gibi, PCR ile mikrobik ajanlar\u0131 ara\u015ft\u0131rmak i\u00e7in laboratuvara \u00f6rnek g\u00f6nderilmesi de m\u00fcmk\u00fcnd\u00fcr. Gerekirse idrar, semen ve kan tetkikleri yap\u0131labilir. Yine gerekli g\u00f6r\u00fclmesi durumunda, Ultrason, MRI, sistoskopi ve di\u011fer radyolojik ve endoskopik tan\u0131 testleri kullan\u0131labilir.<\/p>\n\n\n\n<h2 class=\"wp-block-heading has-text-align-center has-xx-large-font-size\"><strong><strong><strong><strong>Kronik Prostatit Tedavisi Nas\u0131l Yap\u0131l\u0131r?<\/strong><\/strong><\/strong><\/strong><\/h2>\n\n\n\n<p class=\"has-text-align-center\">Do\u011fru tedavi i\u00e7in do\u011fru te\u015fhis gereklidir. Tedavi, altta yatan nedene g\u00f6re planlan\u0131r.<\/p>\n\n\n\n<p class=\"has-text-align-center\">Prostat cerrahisi, idrar yapmakta zorluk \u00e7eken ki\u015filer i\u00e7in uygulanabilir. Ayn\u0131 bakteri prostat s\u0131v\u0131s\u0131nda bulunuyorsa, enfekte dokular\u0131 ortadan kald\u0131rmak i\u00e7in cerrahi tedavi son se\u00e7enektir<\/p>\n\n\n\n<p class=\"has-text-align-center\">Antibiyotik ve \u0130la\u00e7 Tedavileri: Bakteriyel prostatiti tedavi etmek i\u00e7in antibiyotik uzun s\u00fcre kullan\u0131lmal\u0131d\u0131r. Uzun s\u00fcren enfeksiyonlar i\u00e7in antibiyotik tedavisi alt\u0131 ay kadar s\u00fcrebilir. Antibiyotik tedavisinden fayda g\u00f6rmeyen ki\u015filer i\u00e7in iltihap \u00f6nleyici, a\u011fr\u0131 kesici, idrar yapmay\u0131 kolayla\u015ft\u0131r\u0131c\u0131 ve kas gev\u015fetici ila\u00e7lar kullan\u0131l\u0131r.<\/p>\n\n\n\n<p class=\"has-text-align-center\">Ya\u015fam Tarz\u0131 ve Diyet De\u011fi\u015fiklikleri: Baharatl\u0131, alkoll\u00fc ve asidik yiyeceklere dikkat edilmelidir. So\u011fuktan korunmak i\u00e7in sert, so\u011fuk zeminlere oturulmamal\u0131d\u0131r. S\u0131k s\u0131k ve d\u00fczenli olarak bo\u015falmak \u015fikayetleri azalt\u0131r. So\u011fuk suda y\u00fczmek, uzun s\u00fcre bisiklete veya ata binmek ve sudan \u00e7\u0131kt\u0131ktan sonra \u0131slak mayo ile dola\u015fmak bu hastal\u0131\u011f\u0131n artmas\u0131na neden olabilir. S\u0131cak terapiler ve s\u0131cak oturma banyosu gibi \u00e7e\u015fitli y\u00f6ntemler ki\u015finin rahatlamas\u0131na yard\u0131mc\u0131 olabilir. Kab\u0131zl\u0131ktan korunulmal\u0131d\u0131r. Stres ve kayg\u0131 hastal\u0131\u011f\u0131 ilerletir. Prostat masaj\u0131, prostat\u0131n i\u00e7indeki iltihapl\u0131 s\u0131v\u0131lar\u0131 bo\u015faltmak i\u00e7in kullan\u0131l\u0131r. Ayn\u0131 zamanda prostat \u00f6demini ve gerginli\u011fini azaltarak \u015fikayetleri hafifletir.<\/p>\n\n\n\n<p>Pelvik taban ve kegel egzersizleri, a\u011fr\u0131y\u0131 ve hastal\u0131\u011f\u0131 hafifletir.<\/p>\n\n\n\n<p class=\"has-text-align-center\">\u015eok Dalga Tedavisi (ESWT): Prostata d\u00fc\u015f\u00fck yo\u011funluklu ses dalgalar\u0131 verilir. Bu tedavi hem b\u00f6lgenin kanlanmas\u0131n\u0131 te\u015fvik eder hem de enflamasyonu azalt\u0131r. Sonu\u00e7 olarak, sorunlar\u0131 gidermek ve tedavi etmek m\u00fcmk\u00fcnd\u00fcr. Bu y\u00f6ntemin kan\u0131tlanm\u0131\u015f hi\u00e7bir yan etkisi yoktur.<\/p>\n\n\n\n<p class=\"has-text-align-center\">Termoterapi ve Trans\u00fcretral Mikrodalga Tedavisi (TUMT): Prostat i\u00e7erisine y\u00fcksek \u0131s\u0131 uygulan\u0131r. Bu, enflamasyonu azalt\u0131r, enfekte olmu\u015f prostat dokular\u0131 koagulasyon nekrozu yoluyla temizler ve \u015fikayetleri azalt\u0131r. Diren\u00e7li kronik prostatiti tedavi etmek i\u00e7in etkili bir y\u00f6ntemdir.<\/p>\n\n\n\n<p class=\"has-text-align-center\">Bitkisel tedaviler: Serenoa ve saw palmetto ekstresi gibi bitkisel \u00fcr\u00fcnlerin ve probiyotiklerin \u015fikayetleri azaltabilece\u011fi ve antibiyotiklerin etkisini art\u0131rabilece\u011fi g\u00f6sterilmi\u015ftir. Bilindi\u011fi gibi, karpuz, nar, k\u0131z\u0131lc\u0131k, keten tohumu, ye\u015fil \u00e7ay, ar\u0131 poleni ve \u00e7\u00f6rekotu gibi yiyecekler prostat iltihab\u0131na iyi gelir.<\/p>\n<\/div>\n\n\n\n<div style=\"height:100px\" aria-hidden=\"true\" class=\"wp-block-spacer\"><\/div>\n\n\n\n<div style=\"height:var(--wp--preset--spacing--30)\" aria-hidden=\"true\" class=\"wp-block-spacer\"><\/div>\n<\/div>\n\n\n\n<p><\/p>\n","protected":false},"excerpt":{"rendered":"<p>Kronik Prostatit Nedir? Prostat, erkeklerde idrar kesesinin hemen alt\u0131na yerle\u015fmi\u015f meni (semen) i\u00e7eri\u011finin bir k\u0131sm\u0131n\u0131n \u00fcretildi\u011fi yakla\u015f\u0131k ceviz b\u00fcy\u00fckl\u00fc\u011f\u00fcnde bir bez dokusudur. Prostatit, bu bez dokusunun iltihabi hastal\u0131\u011f\u0131d\u0131r ve genellikle \u00fcreme \u00e7a\u011f\u0131ndaki erkeklerde g\u00f6r\u00fcl\u00fcr. Prostatit \u015fikayetleri \u00fc\u00e7 aydan uzun s\u00fcrerse kronik prostatit geli\u015fir. Prostatit tedavi edilmedi\u011finde abse olu\u015fumu, testis iltihab\u0131 ve sepsis gibi daha ciddi [&hellip;]<\/p>\n","protected":false},"author":1,"featured_media":0,"parent":0,"menu_order":0,"comment_status":"closed","ping_status":"closed","template":"","meta":{"footnotes":""},"class_list":["post-163","page","type-page","status-publish","hentry"],"_links":{"self":[{"href":"https:\/\/mehmetsalihboga.com\/index.php\/wp-json\/wp\/v2\/pages\/163","targetHints":{"allow":["GET"]}}],"collection":[{"href":"https:\/\/mehmetsalihboga.com\/index.php\/wp-json\/wp\/v2\/pages"}],"about":[{"href":"https:\/\/mehmetsalihboga.com\/index.php\/wp-json\/wp\/v2\/types\/page"}],"author":[{"embeddable":true,"href":"https:\/\/mehmetsalihboga.com\/index.php\/wp-json\/wp\/v2\/users\/1"}],"replies":[{"embeddable":true,"href":"https:\/\/mehmetsalihboga.com\/index.php\/wp-json\/wp\/v2\/comments?post=163"}],"version-history":[{"count":3,"href":"https:\/\/mehmetsalihboga.com\/index.php\/wp-json\/wp\/v2\/pages\/163\/revisions"}],"predecessor-version":[{"id":262,"href":"https:\/\/mehmetsalihboga.com\/index.php\/wp-json\/wp\/v2\/pages\/163\/revisions\/262"}],"wp:attachment":[{"href":"https:\/\/mehmetsalihboga.com\/index.php\/wp-json\/wp\/v2\/media?parent=163"}],"curies":[{"name":"wp","href":"https:\/\/api.w.org\/{rel}","templated":true}]}}