{"id":165,"date":"2025-12-28T12:07:54","date_gmt":"2025-12-28T12:07:54","guid":{"rendered":"https:\/\/mehmetsalihboga.com\/?page_id=165"},"modified":"2025-12-28T21:22:02","modified_gmt":"2025-12-28T21:22:02","slug":"mikrocerrahi-varikoselektomi","status":"publish","type":"page","link":"https:\/\/mehmetsalihboga.com\/index.php\/mikrocerrahi-varikoselektomi\/","title":{"rendered":"Mikrocerrahi Varikoselektomi"},"content":{"rendered":"\n<div class=\"wp-block-group alignfull has-accent-background-color has-background has-global-padding is-layout-constrained wp-container-core-group-is-layout-669513ed wp-block-group-is-layout-constrained\" style=\"margin-top:0;margin-bottom:0;padding-top:var(--wp--preset--spacing--50);padding-right:var(--wp--preset--spacing--50);padding-bottom:var(--wp--preset--spacing--50);padding-left:var(--wp--preset--spacing--50)\">\n<div class=\"wp-block-columns alignwide is-layout-flex wp-container-core-columns-is-layout-1da03c2a wp-block-columns-is-layout-flex\">\n<div class=\"wp-block-column is-vertically-aligned-stretch is-layout-flow wp-block-column-is-layout-flow\" style=\"flex-basis:50%\">\n<div class=\"wp-block-group is-vertical is-content-justification-stretch is-layout-flex wp-container-core-group-is-layout-444d5ee8 wp-block-group-is-layout-flex\" style=\"min-height:100%\">\n<p class=\"has-heading-font-family has-x-large-font-size\" style=\"line-height:1.2\"><strong><strong>Varikosel Nedir ?<\/strong><\/strong><\/p>\n\n\n\n<div class=\"wp-block-group has-global-padding is-content-justification-left is-layout-constrained wp-container-core-group-is-layout-9fe8ed88 wp-block-group-is-layout-constrained\">\n<p class=\"has-text-align-center\">Varikosel testisin etraf\u0131nda kirli kan\u0131 toplayan toplardamarlar\u0131n varisle\u015fmesidir. Varisle\u015fen damarlar testis s\u0131cakl\u0131\u011f\u0131n\u0131 artt\u0131rarak sperm kalitesini bozmakta ve testisin zamanla k\u00fc\u00e7\u00fclmesine sebep olmaktad\u0131r. Erken d\u00f6nemde tedavi edildi\u011finde sperm kalitesi eski haline d\u00f6nebilmektedir.<\/p>\n\n\n\n<div class=\"wp-block-buttons is-layout-flex wp-block-buttons-is-layout-flex\"><\/div>\n<\/div>\n<\/div>\n<\/div>\n\n\n\n<div class=\"wp-block-column is-vertically-aligned-center is-layout-flow wp-block-column-is-layout-flow\" style=\"flex-basis:50%\">\n<figure class=\"wp-block-image size-full is-resized is-style-rounded is-style-rounded--1\"><img loading=\"lazy\" decoding=\"async\" width=\"302\" height=\"311\" src=\"https:\/\/mehmetsalihboga.com\/wp-content\/uploads\/2025\/12\/1-Varikosel-Nedir.jpg\" alt=\"\" class=\"wp-image-270\" style=\"aspect-ratio:0.75;object-fit:cover;width:351px;height:auto\" srcset=\"https:\/\/mehmetsalihboga.com\/wp-content\/uploads\/2025\/12\/1-Varikosel-Nedir.jpg 302w, https:\/\/mehmetsalihboga.com\/wp-content\/uploads\/2025\/12\/1-Varikosel-Nedir-291x300.jpg 291w\" sizes=\"auto, (max-width: 302px) 100vw, 302px\" \/><\/figure>\n<\/div>\n<\/div>\n<\/div>\n\n\n\n<div class=\"wp-block-group alignfull has-base-2-background-color has-background has-global-padding is-layout-constrained wp-container-core-group-is-layout-669513ed wp-block-group-is-layout-constrained\" style=\"margin-top:0;margin-bottom:0;padding-top:var(--wp--preset--spacing--50);padding-right:var(--wp--preset--spacing--50);padding-bottom:var(--wp--preset--spacing--50);padding-left:var(--wp--preset--spacing--50)\">\n<div class=\"wp-block-group is-vertical is-content-justification-center is-layout-flex wp-container-core-group-is-layout-ce155fab wp-block-group-is-layout-flex\">\n<h2 class=\"wp-block-heading has-text-align-center has-xx-large-font-size\"><strong><strong><strong><strong>Mikroskopik Varikoselektomi Nedir ?<\/strong><\/strong><\/strong><\/strong><\/h2>\n\n\n\n<p class=\"has-text-align-center\">Mikrocerrahi varikoselektomi, varikosel hastal\u0131\u011f\u0131n\u0131n tedavisinde kullan\u0131lan alt\u0131n standart cerrahi y\u00f6ntemdir ve bir operasyon mikroskobu kullan\u0131larak ger\u00e7ekle\u015ftirilir.<\/p>\n\n\n\n<p class=\"has-text-align-center\">\u0130\u015flem tek tarafl\u0131 veya \u00e7ift tarafl\u0131 olarak otuz ila altm\u0131\u015f dakika s\u00fcrer ve hastalar ayn\u0131 g\u00fcn taburcu edilebilir. Ameliyat\u0131n ard\u0131ndan ki\u015filer iki ila \u00fc\u00e7 g\u00fcn i\u00e7inde g\u00fcnl\u00fck aktivitelerine ve i\u015f hayat\u0131na d\u00f6nebilir. A\u011f\u0131r efor gerektiren i\u015fler ya da spor yapmaya d\u00f6nmek i\u00e7in iki ila d\u00f6rt hafta beklemek gerekebilir.<br><br>Operasyon sonras\u0131 hastalar\u0131n %70 ila 75&#8217;inde sperm parametreleri \u00f6nemli \u00f6l\u00e7\u00fcde iyile\u015fir. Sperm parametrelerini de\u011ferlendirmek i\u00e7in ameliyattan sonra alt\u0131nc\u0131 ay do\u011fru zamand\u0131r. Ameliyat\u0131n ard\u0131ndan t\u00fcp bebek veya a\u015f\u0131lama yoluyla \u00e7ocuk sahibi olma olas\u0131l\u0131\u011f\u0131, gebelik spontan olarak meydana gelmese bile sperm parametrelerinde b\u00f6ylesine bir iyile\u015fme ile artabilir.<\/p>\n<\/div>\n\n\n\n<div style=\"height:100px\" aria-hidden=\"true\" class=\"wp-block-spacer\"><\/div>\n\n\n\n<div style=\"height:var(--wp--preset--spacing--30)\" aria-hidden=\"true\" class=\"wp-block-spacer\"><\/div>\n\n\n\n<div class=\"wp-block-group alignfull has-accent-5-background-color has-background has-global-padding is-layout-constrained wp-container-core-group-is-layout-d89aad35 wp-block-group-is-layout-constrained\" style=\"margin-top:0;margin-bottom:0;padding-top:var(--wp--preset--spacing--50);padding-right:var(--wp--preset--spacing--50);padding-bottom:var(--wp--preset--spacing--50);padding-left:var(--wp--preset--spacing--50)\">\n<div class=\"wp-block-columns alignwide is-layout-flex wp-container-core-columns-is-layout-1da03c2a wp-block-columns-is-layout-flex\">\n<div class=\"wp-block-column is-vertically-aligned-center is-layout-flow wp-block-column-is-layout-flow\" style=\"flex-basis:60%\">\n<figure class=\"wp-block-image aligncenter size-full is-style-rounded wp-duotone-duotone-1 is-style-rounded--2\"><img loading=\"lazy\" decoding=\"async\" width=\"707\" height=\"325\" src=\"https:\/\/mehmetsalihboga.com\/wp-content\/uploads\/2025\/12\/2-Mikroskopik-Varikoselektomi-Nedir.jpg\" alt=\"\" class=\"wp-image-271\" style=\"aspect-ratio:1.3333333333333333;object-fit:cover\" srcset=\"https:\/\/mehmetsalihboga.com\/wp-content\/uploads\/2025\/12\/2-Mikroskopik-Varikoselektomi-Nedir.jpg 707w, https:\/\/mehmetsalihboga.com\/wp-content\/uploads\/2025\/12\/2-Mikroskopik-Varikoselektomi-Nedir-300x138.jpg 300w\" sizes=\"auto, (max-width: 707px) 100vw, 707px\" \/><\/figure>\n<\/div>\n\n\n\n<div class=\"wp-block-column is-layout-flow wp-block-column-is-layout-flow\" style=\"flex-basis:40%\">\n<h2 class=\"wp-block-heading has-text-align-center\"><strong><strong><strong><strong><strong>Nas\u0131l bir operasyon<\/strong><\/strong><\/strong><\/strong><\/strong><\/h2>\n\n\n\n<p class=\"has-text-align-center\">Bu ameliyat tekni\u011fi alt\u0131n standart olarak kabul edilir \u00e7\u00fcnk\u00fc operasyon sonras\u0131nda n\u00fcks ihtimali \u00e7ok d\u00fc\u015f\u00fckt\u00fcr (&lt;%1), ba\u015far\u0131 oran\u0131 y\u00fcksektir (sperm parametrelerinde d\u00fczelme ve spontan gebelik) ve komplikasyon riski \u00e7ok d\u00fc\u015f\u00fckt\u00fcr (hidrosel, damar ve vas deferens yaralanmalar\u0131 vb.).<br><br>Bu operasyonun amac\u0131, testisten kirli kan\u0131 ta\u015f\u0131yan varisle\u015fmi\u015f toplardamarlar\u0131 ba\u011flamakt\u0131r. Kas\u0131k b\u00f6lgesinden 2 ila 3 cm geni\u015fli\u011finde bir kesi a\u00e7\u0131larak testis damarlar\u0131na ula\u015f\u0131l\u0131r. T\u00fcm toplardamarlar, lenf damarlar\u0131n\u0131 ve sperm kanal\u0131n\u0131 (vas deferens) koruyarak mikroskobik b\u00fcy\u00fctme yoluyla ba\u011flan\u0131r.<\/p>\n\n\n\n<p class=\"has-text-align-center\">Varikosel ameliyat\u0131na ba\u011fl\u0131 olarak meydana gelebilecek \u00f6nemli komplikasyonlar \u015funlard\u0131r: atardamar\u0131n ba\u011flanmas\u0131na ba\u011fl\u0131 olarak testisin kanlanmas\u0131n\u0131n bozulup k\u00fc\u00e7\u00fclmesi, lenfatiklerin yaralanmas\u0131na ba\u011fl\u0131 olarak testis etraf\u0131nda s\u0131v\u0131n\u0131n toplanmas\u0131 (hidrosel) ve sperm ta\u015f\u0131yan kanal\u0131n yaralanmas\u0131 (vas deferens). Mikrocerrahi teknik kullanan deneyimli uzmanlar taraf\u0131ndan yap\u0131lan varikosel ameliyatlar\u0131nda bu t\u00fcr komplikasyonlar\u0131n g\u00f6r\u00fclme oran\u0131 olduk\u00e7a d\u00fc\u015f\u00fckt\u00fcr.<\/p>\n\n\n\n<div class=\"wp-block-buttons is-layout-flex wp-block-buttons-is-layout-flex\"><\/div>\n<\/div>\n<\/div>\n<\/div>\n<\/div>\n\n\n\n<div style=\"height:100px\" aria-hidden=\"true\" class=\"wp-block-spacer\"><\/div>\n\n\n\n<div style=\"height:100px\" aria-hidden=\"true\" class=\"wp-block-spacer\"><\/div>\n\n\n\n<p><\/p>\n","protected":false},"excerpt":{"rendered":"<p>Varikosel Nedir ? Varikosel testisin etraf\u0131nda kirli kan\u0131 toplayan toplardamarlar\u0131n varisle\u015fmesidir. Varisle\u015fen damarlar testis s\u0131cakl\u0131\u011f\u0131n\u0131 artt\u0131rarak sperm kalitesini bozmakta ve testisin zamanla k\u00fc\u00e7\u00fclmesine sebep olmaktad\u0131r. Erken d\u00f6nemde tedavi edildi\u011finde sperm kalitesi eski haline d\u00f6nebilmektedir. Mikroskopik Varikoselektomi Nedir ? Mikrocerrahi varikoselektomi, varikosel hastal\u0131\u011f\u0131n\u0131n tedavisinde kullan\u0131lan alt\u0131n standart cerrahi y\u00f6ntemdir ve bir operasyon mikroskobu kullan\u0131larak ger\u00e7ekle\u015ftirilir. \u0130\u015flem [&hellip;]<\/p>\n","protected":false},"author":1,"featured_media":0,"parent":0,"menu_order":0,"comment_status":"closed","ping_status":"closed","template":"","meta":{"footnotes":""},"class_list":["post-165","page","type-page","status-publish","hentry"],"_links":{"self":[{"href":"https:\/\/mehmetsalihboga.com\/index.php\/wp-json\/wp\/v2\/pages\/165","targetHints":{"allow":["GET"]}}],"collection":[{"href":"https:\/\/mehmetsalihboga.com\/index.php\/wp-json\/wp\/v2\/pages"}],"about":[{"href":"https:\/\/mehmetsalihboga.com\/index.php\/wp-json\/wp\/v2\/types\/page"}],"author":[{"embeddable":true,"href":"https:\/\/mehmetsalihboga.com\/index.php\/wp-json\/wp\/v2\/users\/1"}],"replies":[{"embeddable":true,"href":"https:\/\/mehmetsalihboga.com\/index.php\/wp-json\/wp\/v2\/comments?post=165"}],"version-history":[{"count":4,"href":"https:\/\/mehmetsalihboga.com\/index.php\/wp-json\/wp\/v2\/pages\/165\/revisions"}],"predecessor-version":[{"id":273,"href":"https:\/\/mehmetsalihboga.com\/index.php\/wp-json\/wp\/v2\/pages\/165\/revisions\/273"}],"wp:attachment":[{"href":"https:\/\/mehmetsalihboga.com\/index.php\/wp-json\/wp\/v2\/media?parent=165"}],"curies":[{"name":"wp","href":"https:\/\/api.w.org\/{rel}","templated":true}]}}