{"id":184,"date":"2025-12-28T20:30:52","date_gmt":"2025-12-28T20:30:52","guid":{"rendered":"https:\/\/mehmetsalihboga.com\/?page_id=184"},"modified":"2025-12-28T20:30:52","modified_gmt":"2025-12-28T20:30:52","slug":"urolojik-kanserler","status":"publish","type":"page","link":"https:\/\/mehmetsalihboga.com\/index.php\/urolojik-kanserler\/","title":{"rendered":"\u00dcROLOJ\u0130K KANSERLER"},"content":{"rendered":"\n<div class=\"wp-block-group alignfull has-base-2-background-color has-background has-global-padding is-layout-constrained wp-container-core-group-is-layout-669513ed wp-block-group-is-layout-constrained\" style=\"margin-top:0;margin-bottom:0;padding-top:var(--wp--preset--spacing--50);padding-right:var(--wp--preset--spacing--50);padding-bottom:var(--wp--preset--spacing--50);padding-left:var(--wp--preset--spacing--50)\">\n<div class=\"wp-block-group is-vertical is-content-justification-center is-layout-flex wp-container-core-group-is-layout-ce155fab wp-block-group-is-layout-flex\">\n<h2 class=\"wp-block-heading has-text-align-center has-xx-large-font-size\"><strong><strong><strong><a href=\"https:\/\/mehmetsalihboga.com\/index.php\/prostat-kanseri\/\" data-type=\"page\" data-id=\"143\">1- Prostat Kanseri<\/a><\/strong><\/strong><\/strong><\/h2>\n\n\n\n<div style=\"height:0px\" aria-hidden=\"true\" class=\"wp-block-spacer wp-container-content-6388d5dc\"><\/div>\n\n\n\n<h2 class=\"wp-block-heading has-text-align-center has-xx-large-font-size\"><strong><strong><strong><a href=\"https:\/\/mehmetsalihboga.com\/index.php\/bobrek-kanseri\/\" data-type=\"page\" data-id=\"145\">2- B\u00f6brek Kanseri<\/a><\/strong><\/strong><\/strong><\/h2>\n\n\n\n<div style=\"height:0px\" aria-hidden=\"true\" class=\"wp-block-spacer wp-container-content-6388d5dc\"><\/div>\n\n\n\n<h2 class=\"wp-block-heading has-text-align-center has-xx-large-font-size\"><strong><strong><strong><a href=\"https:\/\/mehmetsalihboga.com\/index.php\/mesane-kanseri\/\" data-type=\"page\" data-id=\"147\">3- Mesane Kanseri<\/a><\/strong><\/strong><\/strong><\/h2>\n\n\n\n<div style=\"height:0px\" aria-hidden=\"true\" class=\"wp-block-spacer wp-container-content-6388d5dc\"><\/div>\n\n\n\n<h2 class=\"wp-block-heading has-text-align-center has-xx-large-font-size\"><strong><strong><strong><a href=\"https:\/\/mehmetsalihboga.com\/index.php\/mri-fuzyon-biyopsi\/\" data-type=\"page\" data-id=\"149\">4- MRI F\u00fczyon Biyopsi<\/a><\/strong><\/strong><\/strong><\/h2>\n\n\n\n<div style=\"height:0px\" aria-hidden=\"true\" class=\"wp-block-spacer wp-container-content-6388d5dc\"><\/div>\n\n\n\n<h2 class=\"wp-block-heading has-text-align-center has-xx-large-font-size\"><strong><strong><strong><a href=\"https:\/\/mehmetsalihboga.com\/index.php\/adrenal-tumorler\/\" data-type=\"page\" data-id=\"151\">5- Adrenal T\u00fcm\u00f6rler<\/a><\/strong><\/strong><\/strong><\/h2>\n\n\n\n<div style=\"height:0px\" aria-hidden=\"true\" class=\"wp-block-spacer wp-container-content-6388d5dc\"><\/div>\n\n\n\n<h2 class=\"wp-block-heading has-text-align-center has-xx-large-font-size\"><strong><strong><strong><a href=\"https:\/\/mehmetsalihboga.com\/index.php\/testis-kanseri\/\" data-type=\"page\" data-id=\"153\">6- Testis Kanseri<\/a><\/strong><\/strong><\/strong><\/h2>\n\n\n\n<div style=\"height:0px\" aria-hidden=\"true\" class=\"wp-block-spacer wp-container-content-6388d5dc\"><\/div>\n\n\n\n<h2 class=\"wp-block-heading has-text-align-center has-xx-large-font-size\"><strong><strong><strong><a href=\"https:\/\/mehmetsalihboga.com\/index.php\/idrar-kacirma\/\" data-type=\"page\" data-id=\"155\">7- \u0130drar Ka\u00e7\u0131rma<\/a><\/strong><\/strong><\/strong><\/h2>\n\n\n\n<p class=\"has-text-align-center\"><\/p>\n<\/div>\n\n\n\n<div style=\"height:100px\" aria-hidden=\"true\" class=\"wp-block-spacer\"><\/div>\n\n\n\n<div style=\"height:var(--wp--preset--spacing--30)\" aria-hidden=\"true\" class=\"wp-block-spacer\"><\/div>\n<\/div>\n","protected":false},"excerpt":{"rendered":"<p>1- Prostat Kanseri 2- B\u00f6brek Kanseri 3- Mesane Kanseri 4- MRI F\u00fczyon Biyopsi 5- Adrenal T\u00fcm\u00f6rler 6- Testis Kanseri 7- \u0130drar Ka\u00e7\u0131rma<\/p>\n","protected":false},"author":1,"featured_media":0,"parent":0,"menu_order":0,"comment_status":"closed","ping_status":"closed","template":"","meta":{"footnotes":""},"class_list":["post-184","page","type-page","status-publish","hentry"],"_links":{"self":[{"href":"https:\/\/mehmetsalihboga.com\/index.php\/wp-json\/wp\/v2\/pages\/184","targetHints":{"allow":["GET"]}}],"collection":[{"href":"https:\/\/mehmetsalihboga.com\/index.php\/wp-json\/wp\/v2\/pages"}],"about":[{"href":"https:\/\/mehmetsalihboga.com\/index.php\/wp-json\/wp\/v2\/types\/page"}],"author":[{"embeddable":true,"href":"https:\/\/mehmetsalihboga.com\/index.php\/wp-json\/wp\/v2\/users\/1"}],"replies":[{"embeddable":true,"href":"https:\/\/mehmetsalihboga.com\/index.php\/wp-json\/wp\/v2\/comments?post=184"}],"version-history":[{"count":1,"href":"https:\/\/mehmetsalihboga.com\/index.php\/wp-json\/wp\/v2\/pages\/184\/revisions"}],"predecessor-version":[{"id":191,"href":"https:\/\/mehmetsalihboga.com\/index.php\/wp-json\/wp\/v2\/pages\/184\/revisions\/191"}],"wp:attachment":[{"href":"https:\/\/mehmetsalihboga.com\/index.php\/wp-json\/wp\/v2\/media?parent=184"}],"curies":[{"name":"wp","href":"https:\/\/api.w.org\/{rel}","templated":true}]}}