{"id":194,"date":"2025-12-28T20:41:16","date_gmt":"2025-12-28T20:41:16","guid":{"rendered":"https:\/\/mehmetsalihboga.com\/?page_id=194"},"modified":"2025-12-28T20:41:16","modified_gmt":"2025-12-28T20:41:16","slug":"prostat","status":"publish","type":"page","link":"https:\/\/mehmetsalihboga.com\/index.php\/prostat\/","title":{"rendered":"PROSTAT"},"content":{"rendered":"\n<div class=\"wp-block-group alignfull has-base-2-background-color has-background has-global-padding is-layout-constrained wp-container-core-group-is-layout-669513ed wp-block-group-is-layout-constrained\" style=\"margin-top:0;margin-bottom:0;padding-top:var(--wp--preset--spacing--50);padding-right:var(--wp--preset--spacing--50);padding-bottom:var(--wp--preset--spacing--50);padding-left:var(--wp--preset--spacing--50)\">\n<div class=\"wp-block-group is-vertical is-content-justification-center is-layout-flex wp-container-core-group-is-layout-ce155fab wp-block-group-is-layout-flex\">\n<h2 class=\"wp-block-heading has-text-align-center has-xx-large-font-size\"><strong><strong><strong><a href=\"https:\/\/mehmetsalihboga.com\/index.php\/iyi-huylu-prostat-buyumesi-bph\/\" data-type=\"page\" data-id=\"157\">1- \u0130yi Huylu Prostat B\u00fcy\u00fcmesi (BPH)<\/a><\/strong><\/strong><\/strong><\/h2>\n\n\n\n<div style=\"height:0px\" aria-hidden=\"true\" class=\"wp-block-spacer wp-container-content-6388d5dc\"><\/div>\n\n\n\n<h2 class=\"wp-block-heading has-text-align-center has-xx-large-font-size\"><strong><strong><strong><a href=\"https:\/\/mehmetsalihboga.com\/index.php\/holep-prostat-ameliyati\/\" data-type=\"page\" data-id=\"159\">2- HoLEP Prostat Ameliyat\u0131<\/a><\/strong><\/strong><\/strong><\/h2>\n\n\n\n<div style=\"height:0px\" aria-hidden=\"true\" class=\"wp-block-spacer wp-container-content-6388d5dc\"><\/div>\n\n\n\n<h2 class=\"wp-block-heading has-text-align-center has-xx-large-font-size\"><strong><strong><strong><a href=\"https:\/\/mehmetsalihboga.com\/index.php\/tur-p\/\" data-type=\"page\" data-id=\"161\">3- TUR-P<\/a><\/strong><\/strong><\/strong><\/h2>\n\n\n\n<div style=\"height:0px\" aria-hidden=\"true\" class=\"wp-block-spacer wp-container-content-6388d5dc\"><\/div>\n\n\n\n<h2 class=\"wp-block-heading has-text-align-center has-xx-large-font-size\"><strong><strong><strong><a href=\"https:\/\/mehmetsalihboga.com\/index.php\/kronik-prostatit\/\" data-type=\"page\" data-id=\"163\">4- Kronik Prostatit<\/a><\/strong><\/strong><\/strong><\/h2>\n\n\n\n<div style=\"height:0px\" aria-hidden=\"true\" class=\"wp-block-spacer wp-container-content-6388d5dc\"><\/div>\n\n\n\n<h2 class=\"wp-block-heading has-text-align-center has-xx-large-font-size\"><\/h2>\n\n\n\n<p class=\"has-text-align-center\"><\/p>\n<\/div>\n\n\n\n<div style=\"height:100px\" aria-hidden=\"true\" class=\"wp-block-spacer\"><\/div>\n\n\n\n<div style=\"height:var(--wp--preset--spacing--30)\" aria-hidden=\"true\" class=\"wp-block-spacer\"><\/div>\n<\/div>\n","protected":false},"excerpt":{"rendered":"<p>1- \u0130yi Huylu Prostat B\u00fcy\u00fcmesi (BPH) 2- HoLEP Prostat Ameliyat\u0131 3- TUR-P 4- Kronik Prostatit<\/p>\n","protected":false},"author":1,"featured_media":0,"parent":0,"menu_order":0,"comment_status":"closed","ping_status":"closed","template":"","meta":{"footnotes":""},"class_list":["post-194","page","type-page","status-publish","hentry"],"_links":{"self":[{"href":"https:\/\/mehmetsalihboga.com\/index.php\/wp-json\/wp\/v2\/pages\/194","targetHints":{"allow":["GET"]}}],"collection":[{"href":"https:\/\/mehmetsalihboga.com\/index.php\/wp-json\/wp\/v2\/pages"}],"about":[{"href":"https:\/\/mehmetsalihboga.com\/index.php\/wp-json\/wp\/v2\/types\/page"}],"author":[{"embeddable":true,"href":"https:\/\/mehmetsalihboga.com\/index.php\/wp-json\/wp\/v2\/users\/1"}],"replies":[{"embeddable":true,"href":"https:\/\/mehmetsalihboga.com\/index.php\/wp-json\/wp\/v2\/comments?post=194"}],"version-history":[{"count":1,"href":"https:\/\/mehmetsalihboga.com\/index.php\/wp-json\/wp\/v2\/pages\/194\/revisions"}],"predecessor-version":[{"id":200,"href":"https:\/\/mehmetsalihboga.com\/index.php\/wp-json\/wp\/v2\/pages\/194\/revisions\/200"}],"wp:attachment":[{"href":"https:\/\/mehmetsalihboga.com\/index.php\/wp-json\/wp\/v2\/media?parent=194"}],"curies":[{"name":"wp","href":"https:\/\/api.w.org\/{rel}","templated":true}]}}