{"id":46,"date":"2025-12-07T12:29:27","date_gmt":"2025-12-07T12:29:27","guid":{"rendered":"https:\/\/mehmetsalihboga.com\/?page_id=46"},"modified":"2025-12-28T12:30:54","modified_gmt":"2025-12-28T12:30:54","slug":"ana-sayfa","status":"publish","type":"page","link":"https:\/\/mehmetsalihboga.com\/","title":{"rendered":""},"content":{"rendered":"\n<div class=\"wp-block-group alignfull has-global-padding is-layout-constrained wp-container-core-group-is-layout-490fa1db wp-block-group-is-layout-constrained\" style=\"padding-top:var(--wp--preset--spacing--50);padding-right:var(--wp--preset--spacing--50);padding-bottom:var(--wp--preset--spacing--50);padding-left:var(--wp--preset--spacing--50)\">\n<div class=\"wp-block-group has-global-padding is-layout-constrained wp-container-core-group-is-layout-650790e1 wp-block-group-is-layout-constrained\">\n<h1 class=\"wp-block-heading has-text-align-center has-x-large-font-size\">\u00dcroloji Uzman\u0131<br>Do\u00e7. Dr. Mehmet Salih Bo\u011fa<\/h1>\n\n\n\n<p class=\"has-text-align-center\"><\/p>\n\n\n\n<div style=\"height:1.25rem\" aria-hidden=\"true\" class=\"wp-block-spacer\"><\/div>\n\n\n\n<p class=\"has-text-align-center\">G\u00fcncel k\u0131lavuzlara uygun tedavi protokolleri, bireyselle\u015ftirilmi\u015f hasta planlamas\u0131 ile etik de\u011ferlere ba\u011fl\u0131, kan\u0131tlara dayal\u0131 bir yakla\u015f\u0131m dahilinde minimal invaziv y\u00f6ntemlerle hasta konforunuzu<br>\u00fcst d\u00fczeye \u00e7\u0131kar\u0131yoruz.<\/p>\n\n\n\n<p class=\"has-text-align-center\"><\/p>\n\n\n\n<div style=\"height:1.25rem\" aria-hidden=\"true\" class=\"wp-block-spacer\"><\/div>\n\n\n\n<div class=\"wp-block-buttons is-content-justification-center is-layout-flex wp-container-core-buttons-is-layout-a89b3969 wp-block-buttons-is-layout-flex\">\n<div class=\"wp-block-button\"><a class=\"wp-block-button__link wp-element-button\">Hakk\u0131m\u0131zda<\/a><\/div>\n<\/div>\n<\/div>\n\n\n\n<div style=\"height:var(--wp--preset--spacing--30)\" aria-hidden=\"true\" class=\"wp-block-spacer\"><\/div>\n\n\n\n<figure class=\"wp-block-image alignwide size-full is-style-rounded is-style-rounded--1\"><img loading=\"lazy\" decoding=\"async\" width=\"1000\" height=\"500\" src=\"https:\/\/mehmetsalihboga.com\/wp-content\/uploads\/2025\/05\/prof-dr-mehmet-salih-boga-ana-sayfa-rotated.jpg\" alt=\"\" class=\"wp-image-26\" srcset=\"https:\/\/mehmetsalihboga.com\/wp-content\/uploads\/2025\/05\/prof-dr-mehmet-salih-boga-ana-sayfa-rotated.jpg 1000w, https:\/\/mehmetsalihboga.com\/wp-content\/uploads\/2025\/05\/prof-dr-mehmet-salih-boga-ana-sayfa-300x150.jpg 300w, https:\/\/mehmetsalihboga.com\/wp-content\/uploads\/2025\/05\/prof-dr-mehmet-salih-boga-ana-sayfa-768x384.jpg 768w\" sizes=\"auto, (max-width: 1000px) 100vw, 1000px\" \/><\/figure>\n<\/div>\n\n\n\n<div class=\"wp-block-group alignfull has-base-2-background-color has-background has-global-padding is-layout-constrained wp-container-core-group-is-layout-669513ed wp-block-group-is-layout-constrained\" style=\"margin-top:0;margin-bottom:0;padding-top:var(--wp--preset--spacing--50);padding-right:var(--wp--preset--spacing--50);padding-bottom:var(--wp--preset--spacing--50);padding-left:var(--wp--preset--spacing--50)\">\n<div class=\"wp-block-group is-vertical is-content-justification-center is-layout-flex wp-container-core-group-is-layout-52b864f0 wp-block-group-is-layout-flex\">\n<h2 class=\"wp-block-heading has-text-align-center is-style-asterisk\">Neler yap\u0131yoruz?<\/h2>\n\n\n\n<div style=\"height:0px\" aria-hidden=\"true\" class=\"wp-block-spacer wp-container-content-4f2ccadb\"><\/div>\n\n\n\n<p class=\"has-text-align-center\">\u00dcrolojinin t\u00fcm alanlar\u0131nda tan\u0131 ve tedavi hizmetleri sunuyoruz. \u00dcrolojik hastal\u0131klarla ilgili multidisipliner bir yakla\u015f\u0131mla sundu\u011fumuz ba\u015fl\u0131ca hizmetler.<\/p>\n<\/div>\n\n\n\n<div style=\"margin-top:0;margin-bottom:0;height:var(--wp--preset--spacing--40)\" aria-hidden=\"true\" class=\"wp-block-spacer\"><\/div>\n\n\n\n<div class=\"wp-block-columns alignwide is-layout-flex wp-container-core-columns-is-layout-d0bbbce0 wp-block-columns-is-layout-flex\">\n<div class=\"wp-block-column is-layout-flow wp-container-core-column-is-layout-e3d1c41b wp-block-column-is-layout-flow\">\n<h3 class=\"wp-block-heading has-text-align-center is-style-asterisk has-body-font-family has-medium-font-size\" style=\"font-style:normal;font-weight:600\">B\u00f6brek Ta\u015f\u0131 Hastal\u0131klar\u0131<\/h3>\n\n\n\n<p class=\"has-text-align-center\">ESWL (ta\u015f k\u0131rma), endoskopik ta\u015f cerrahileri (URS, RIRS), perk\u00fctan nefrolitotomi (PNL).<\/p>\n<\/div>\n\n\n\n<div class=\"wp-block-column is-layout-flow wp-container-core-column-is-layout-e3d1c41b wp-block-column-is-layout-flow\">\n<h3 class=\"wp-block-heading has-text-align-center is-style-asterisk has-body-font-family has-medium-font-size\" style=\"font-style:normal;font-weight:600\">Prostat Hastal\u0131klar\u0131<\/h3>\n\n\n\n<p class=\"has-text-align-center\">BPH (iyi huylu prostat b\u00fcy\u00fcmesi) ve prostat kanseri tan\u0131 ve tedavisi, TRUS biyopsi, PSA takibi.<\/p>\n<\/div>\n\n\n\n<div class=\"wp-block-column is-layout-flow wp-container-core-column-is-layout-e3d1c41b wp-block-column-is-layout-flow\">\n<h3 class=\"wp-block-heading has-text-align-center is-style-asterisk has-body-font-family has-medium-font-size\" style=\"font-style:normal;font-weight:600\">\u00dcroonkoloji<\/h3>\n\n\n\n<p class=\"has-text-align-center\">Prostat, mesane, b\u00f6brek ve testis t\u00fcm\u00f6rlerinde erken tan\u0131, biyopsi, cerrahi ve sistemik tedavi y\u00f6ntemi.<\/p>\n<\/div>\n<\/div>\n\n\n\n<div style=\"height:var(--wp--preset--spacing--20)\" aria-hidden=\"true\" class=\"wp-block-spacer\"><\/div>\n\n\n\n<div class=\"wp-block-columns alignwide is-layout-flex wp-container-core-columns-is-layout-d0bbbce0 wp-block-columns-is-layout-flex\">\n<div class=\"wp-block-column is-layout-flow wp-container-core-column-is-layout-e3d1c41b wp-block-column-is-layout-flow\">\n<h3 class=\"wp-block-heading has-text-align-center is-style-asterisk has-body-font-family has-medium-font-size\" style=\"font-style:normal;font-weight:600\">Androloji<\/h3>\n\n\n\n<p class=\"has-text-align-center\">Sertle\u015fme bozuklu\u011fu (ED), infertilite, erken bo\u015falma, hormon dengesizlikleri.<\/p>\n<\/div>\n\n\n\n<div class=\"wp-block-column is-layout-flow wp-container-core-column-is-layout-e3d1c41b wp-block-column-is-layout-flow\">\n<h3 class=\"wp-block-heading has-text-align-center is-style-asterisk has-body-font-family has-medium-font-size\" style=\"font-style:normal;font-weight:600\">Kad\u0131n \u00dcrolojisi<\/h3>\n\n\n\n<p class=\"has-text-align-center\">\u0130drar ka\u00e7\u0131rma, mesane sarkmas\u0131, interstisyel sistit, s\u0131k idrara \u00e7\u0131kma sendromu.<\/p>\n<\/div>\n\n\n\n<div class=\"wp-block-column is-layout-flow wp-container-core-column-is-layout-e3d1c41b wp-block-column-is-layout-flow\">\n<h3 class=\"wp-block-heading has-text-align-center is-style-asterisk has-body-font-family has-medium-font-size\" style=\"font-style:normal;font-weight:600\">\u00c7ocuk \u00dcrolojisi<\/h3>\n\n\n\n<p class=\"has-text-align-center\">Hipospadias, inmemi\u015f testis, gece alt \u0131slatma (en\u00fcrezis nokturna), refl\u00fc gibi konjenital ve edinsel durumlar.<\/p>\n<\/div>\n<\/div>\n<\/div>\n\n\n\n<div class=\"wp-block-group alignfull has-global-padding is-layout-constrained wp-container-core-group-is-layout-d89aad35 wp-block-group-is-layout-constrained\" style=\"margin-top:0;margin-bottom:0;padding-top:var(--wp--preset--spacing--50);padding-right:var(--wp--preset--spacing--50);padding-bottom:var(--wp--preset--spacing--50);padding-left:var(--wp--preset--spacing--50)\">\n<div class=\"wp-block-group alignwide has-global-padding is-layout-constrained wp-container-core-group-is-layout-19e250f3 wp-block-group-is-layout-constrained\">\n<div class=\"wp-block-group is-vertical is-content-justification-center is-layout-flex wp-container-core-group-is-layout-6329a8f3 wp-block-group-is-layout-flex\">\n<h2 class=\"wp-block-heading has-text-align-center is-style-asterisk\">\u00dcrolojik sorunlarda ilk belirtiler<\/h2>\n\n\n\n<p class=\"has-text-align-center\">\u00dcrolojik hastal\u0131klar\u0131n bir\u00e7o\u011fu ba\u015flang\u0131\u00e7ta hafif ve g\u00f6z ard\u0131 edilebilecek belirtilerle ortaya \u00e7\u0131kar. Dikkat edilmesi gereken ise bu belirtiler, daha ciddi patojenlerin erken habercisi olabilir.<\/p>\n\n\n\n<p class=\"has-text-align-center\"><\/p>\n\n\n\n<div style=\"height:0px\" aria-hidden=\"true\" class=\"wp-block-spacer wp-container-content-9d1f8957\"><\/div>\n<\/div>\n\n\n\n<div class=\"wp-block-columns alignwide is-layout-flex wp-container-core-columns-is-layout-d1c656ed wp-block-columns-is-layout-flex\">\n<div class=\"wp-block-column is-vertically-aligned-center is-layout-flow wp-block-column-is-layout-flow\" style=\"flex-basis:40%\">\n<h3 class=\"wp-block-heading has-text-align-left is-style-asterisk\">Bu t\u00fcr belirtilerde<\/h3>\n\n\n\n<ul style=\"line-height:1.75\" class=\"wp-block-list is-style-checkmark-list\">\n<li>\u0130drar yaparken yanma.<\/li>\n\n\n\n<li>S\u0131k idrara \u00e7\u0131kma.<\/li>\n\n\n\n<li>\u0130drarda kan g\u00f6r\u00fclmesi.<\/li>\n<\/ul>\n<\/div>\n\n\n\n<div class=\"wp-block-column is-layout-flow wp-block-column-is-layout-flow\" style=\"flex-basis:50%\">\n<figure class=\"wp-block-image size-full is-style-rounded is-style-rounded--2\"><img loading=\"lazy\" decoding=\"async\" width=\"783\" height=\"483\" src=\"https:\/\/mehmetsalihboga.com\/wp-content\/uploads\/2025\/05\/prof-dr-mehmet-salih-boga-gorsel-2.png\" alt=\"\" class=\"wp-image-31\" srcset=\"https:\/\/mehmetsalihboga.com\/wp-content\/uploads\/2025\/05\/prof-dr-mehmet-salih-boga-gorsel-2.png 783w, https:\/\/mehmetsalihboga.com\/wp-content\/uploads\/2025\/05\/prof-dr-mehmet-salih-boga-gorsel-2-300x185.png 300w, https:\/\/mehmetsalihboga.com\/wp-content\/uploads\/2025\/05\/prof-dr-mehmet-salih-boga-gorsel-2-768x474.png 768w\" sizes=\"auto, (max-width: 783px) 100vw, 783px\" \/><\/figure>\n<\/div>\n<\/div>\n\n\n\n<div style=\"height:var(--wp--preset--spacing--40)\" aria-hidden=\"true\" class=\"wp-block-spacer\"><\/div>\n\n\n\n<div class=\"wp-block-columns alignwide is-layout-flex wp-container-core-columns-is-layout-d1c656ed wp-block-columns-is-layout-flex\">\n<div class=\"wp-block-column is-layout-flow wp-block-column-is-layout-flow\" style=\"flex-basis:50%\">\n<figure class=\"wp-block-image size-large is-style-rounded is-style-rounded--3\"><img loading=\"lazy\" decoding=\"async\" width=\"1024\" height=\"489\" src=\"https:\/\/mehmetsalihboga.com\/wp-content\/uploads\/2025\/05\/prof-dr-mehmet-salih-boga-gorsel-1-1024x489.jpg\" alt=\"\" class=\"wp-image-30\" srcset=\"https:\/\/mehmetsalihboga.com\/wp-content\/uploads\/2025\/05\/prof-dr-mehmet-salih-boga-gorsel-1-1024x489.jpg 1024w, https:\/\/mehmetsalihboga.com\/wp-content\/uploads\/2025\/05\/prof-dr-mehmet-salih-boga-gorsel-1-300x143.jpg 300w, https:\/\/mehmetsalihboga.com\/wp-content\/uploads\/2025\/05\/prof-dr-mehmet-salih-boga-gorsel-1-768x367.jpg 768w, https:\/\/mehmetsalihboga.com\/wp-content\/uploads\/2025\/05\/prof-dr-mehmet-salih-boga-gorsel-1.jpg 1477w\" sizes=\"auto, (max-width: 1024px) 100vw, 1024px\" \/><\/figure>\n<\/div>\n\n\n\n<div class=\"wp-block-column is-vertically-aligned-center is-layout-flow wp-block-column-is-layout-flow\" style=\"flex-basis:40%\">\n<h3 class=\"wp-block-heading has-text-align-left is-style-asterisk\">Dikkat edilmeli<\/h3>\n\n\n\n<ul style=\"line-height:1.75\" class=\"wp-block-list is-style-checkmark-list\">\n<li>Cinsel i\u015flev bozukluklar\u0131.<\/li>\n\n\n\n<li>Kas\u0131k a\u011fr\u0131lar\u0131.<\/li>\n\n\n\n<li>Bel a\u011fr\u0131lar\u0131.<\/li>\n<\/ul>\n<\/div>\n<\/div>\n<\/div>\n<\/div>\n\n\n\n<div class=\"wp-block-group alignfull has-contrast-color has-base-2-background-color has-text-color has-background has-global-padding is-layout-constrained wp-container-core-group-is-layout-ef3d885c wp-block-group-is-layout-constrained\" style=\"margin-top:0;margin-bottom:0;padding-top:var(--wp--preset--spacing--60);padding-right:var(--wp--preset--spacing--60);padding-bottom:var(--wp--preset--spacing--60);padding-left:var(--wp--preset--spacing--60)\">\n<div class=\"wp-block-group has-global-padding is-layout-constrained wp-block-group-is-layout-constrained\">\n<p class=\"has-text-align-center has-contrast-color has-text-color has-heading-font-family has-x-large-font-size\" style=\"line-height:1.2\"><em>Neden bizi tercih etmelisiniz?<\/em><\/p>\n\n\n\n<p><strong>Bireyselle\u015ftirilmi\u015f tedavi, etik yakla\u015f\u0131m ve bilimsel donan\u0131m<\/strong><\/p>\n\n\n\n<ul class=\"wp-block-list\">\n<li>S\u00fcrekli bilimsel geli\u015fim: Kongre kat\u0131l\u0131mlar\u0131, yay\u0131nlar ve g\u00fcncel protokollerin uygulanmas\u0131<\/li>\n\n\n\n<li>Tan\u0131 ve tedavide ileri teknoloji: Endoskopik cerrahi, lazer sistemleri, ultrasonografi, \u00fcrodinami<\/li>\n\n\n\n<li>Hastalar\u0131n mahremiyetine ve gizlili\u011fine \u00f6ncelik veren etik yakla\u015f\u0131m<\/li>\n\n\n\n<li>Ulusal ve Uluslararas\u0131 k\u0131lavuzlara uygun, g\u00fcncel t\u0131bbi yakla\u015f\u0131mlar<\/li>\n\n\n\n<li>Ki\u015fiye \u00f6zel tedavi planlar\u0131 ve detayl\u0131 bilgilendirme s\u00fcreci<\/li>\n<\/ul>\n\n\n\n<div style=\"height:var(--wp--preset--spacing--10)\" aria-hidden=\"true\" class=\"wp-block-spacer\"><\/div>\n\n\n\n<div class=\"wp-block-group is-vertical is-content-justification-center is-nowrap is-layout-flex wp-container-core-group-is-layout-2dc08cea wp-block-group-is-layout-flex\">\n\n\n<p class=\"has-text-align-center\" style=\"margin-top:var(--wp--preset--spacing--10);margin-bottom:0\">Do\u00e7. Dr. Mehmet Salih Bo\u011fa<\/p>\n\n\n\n<p class=\"has-text-align-center has-contrast-3-color has-text-color has-small-font-size\" style=\"font-style:normal;font-weight:300\">\u00dcroloji Doktoru<\/p>\n<\/div>\n<\/div>\n<\/div>\n\n\n\n<div class=\"wp-block-group alignfull has-global-padding is-layout-constrained wp-container-core-group-is-layout-d89aad35 wp-block-group-is-layout-constrained\" style=\"margin-top:0;margin-bottom:0;padding-top:var(--wp--preset--spacing--50);padding-right:var(--wp--preset--spacing--50);padding-bottom:var(--wp--preset--spacing--50);padding-left:var(--wp--preset--spacing--50)\">\n<div class=\"wp-block-group alignwide has-base-2-background-color has-background has-global-padding is-layout-constrained wp-container-core-group-is-layout-39412042 wp-block-group-is-layout-constrained\" style=\"border-radius:16px;padding-top:var(--wp--preset--spacing--40);padding-right:var(--wp--preset--spacing--50);padding-bottom:var(--wp--preset--spacing--40);padding-left:var(--wp--preset--spacing--50)\">\n<div style=\"height:var(--wp--preset--spacing--10)\" aria-hidden=\"true\" class=\"wp-block-spacer\"><\/div>\n\n\n\n<h2 class=\"wp-block-heading has-text-align-center has-x-large-font-size\">Yay\u0131nlar\u0131m\u0131z\u0131 takip edin<\/h2>\n\n\n\n<p class=\"has-text-align-center\">Bilmeniz gereken her detay \u00f6nemli. En \u00f6nemlisi ise sa\u011fl\u0131\u011f\u0131n\u0131z.<\/p>\n\n\n\n<div class=\"wp-block-buttons is-content-justification-center is-layout-flex wp-container-core-buttons-is-layout-a89b3969 wp-block-buttons-is-layout-flex\">\n<div class=\"wp-block-button\"><a class=\"wp-block-button__link wp-element-button\">Takip et<\/a><\/div>\n<\/div>\n\n\n\n<div style=\"height:var(--wp--preset--spacing--10)\" aria-hidden=\"true\" class=\"wp-block-spacer\"><\/div>\n<\/div>\n<\/div>\n\n\n\n<p><\/p>\n","protected":false},"excerpt":{"rendered":"<p>\u00dcroloji Uzman\u0131Do\u00e7. Dr. Mehmet Salih Bo\u011fa G\u00fcncel k\u0131lavuzlara uygun tedavi protokolleri, bireyselle\u015ftirilmi\u015f hasta planlamas\u0131 ile etik de\u011ferlere ba\u011fl\u0131, kan\u0131tlara dayal\u0131 bir yakla\u015f\u0131m dahilinde minimal invaziv y\u00f6ntemlerle hasta konforunuzu\u00fcst d\u00fczeye \u00e7\u0131kar\u0131yoruz. Neler yap\u0131yoruz? \u00dcrolojinin t\u00fcm alanlar\u0131nda tan\u0131 ve tedavi hizmetleri sunuyoruz. \u00dcrolojik hastal\u0131klarla ilgili multidisipliner bir yakla\u015f\u0131mla sundu\u011fumuz ba\u015fl\u0131ca hizmetler. B\u00f6brek Ta\u015f\u0131 Hastal\u0131klar\u0131 ESWL (ta\u015f k\u0131rma), [&hellip;]<\/p>\n","protected":false},"author":1,"featured_media":0,"parent":0,"menu_order":0,"comment_status":"closed","ping_status":"closed","template":"","meta":{"footnotes":""},"class_list":["post-46","page","type-page","status-publish","hentry"],"_links":{"self":[{"href":"https:\/\/mehmetsalihboga.com\/index.php\/wp-json\/wp\/v2\/pages\/46","targetHints":{"allow":["GET"]}}],"collection":[{"href":"https:\/\/mehmetsalihboga.com\/index.php\/wp-json\/wp\/v2\/pages"}],"about":[{"href":"https:\/\/mehmetsalihboga.com\/index.php\/wp-json\/wp\/v2\/types\/page"}],"author":[{"embeddable":true,"href":"https:\/\/mehmetsalihboga.com\/index.php\/wp-json\/wp\/v2\/users\/1"}],"replies":[{"embeddable":true,"href":"https:\/\/mehmetsalihboga.com\/index.php\/wp-json\/wp\/v2\/comments?post=46"}],"version-history":[{"count":10,"href":"https:\/\/mehmetsalihboga.com\/index.php\/wp-json\/wp\/v2\/pages\/46\/revisions"}],"predecessor-version":[{"id":177,"href":"https:\/\/mehmetsalihboga.com\/index.php\/wp-json\/wp\/v2\/pages\/46\/revisions\/177"}],"wp:attachment":[{"href":"https:\/\/mehmetsalihboga.com\/index.php\/wp-json\/wp\/v2\/media?parent=46"}],"curies":[{"name":"wp","href":"https:\/\/api.w.org\/{rel}","templated":true}]}}