{"id":72,"date":"2025-12-21T22:16:07","date_gmt":"2025-12-21T22:16:07","guid":{"rendered":"https:\/\/mehmetsalihboga.com\/?page_id=72"},"modified":"2025-12-28T21:39:30","modified_gmt":"2025-12-28T21:39:30","slug":"ses-dalgalariyla-tas-kirma-eswl","status":"publish","type":"page","link":"https:\/\/mehmetsalihboga.com\/index.php\/ses-dalgalariyla-tas-kirma-eswl\/","title":{"rendered":"Ses Dalgalar\u0131yla Tas\u0327 K\u0131rma (ESWL)"},"content":{"rendered":"\n<div class=\"wp-block-group alignfull has-accent-background-color has-background has-global-padding is-layout-constrained wp-container-core-group-is-layout-669513ed wp-block-group-is-layout-constrained\" style=\"margin-top:0;margin-bottom:0;padding-top:var(--wp--preset--spacing--50);padding-right:var(--wp--preset--spacing--50);padding-bottom:var(--wp--preset--spacing--50);padding-left:var(--wp--preset--spacing--50)\">\n<div class=\"wp-block-columns alignwide is-layout-flex wp-container-core-columns-is-layout-1da03c2a wp-block-columns-is-layout-flex\">\n<div class=\"wp-block-column is-vertically-aligned-stretch is-layout-flow wp-block-column-is-layout-flow\" style=\"flex-basis:50%\">\n<div class=\"wp-block-group is-vertical is-content-justification-stretch is-layout-flex wp-container-core-group-is-layout-444d5ee8 wp-block-group-is-layout-flex\" style=\"min-height:100%\">\n<p class=\"has-heading-font-family has-x-large-font-size\" style=\"line-height:1.2\"><strong><strong>ESWL (V\u00fccut D\u0131\u015f\u0131 \u015eok Dalgalar\u0131 ile Ta\u015f K\u0131rma)<\/strong><\/strong><\/p>\n\n\n\n<div class=\"wp-block-group has-global-padding is-content-justification-left is-layout-constrained wp-container-core-group-is-layout-9fe8ed88 wp-block-group-is-layout-constrained\">\n<p class=\"has-text-align-center\">Bu metod ses dalgalar\u0131n\u0131 ciltten b\u00f6brek ta\u015f\u0131na g\u00f6ndermekte olup, kuvvetli titre\u015fimlerle b\u00f6brek ta\u015f\u0131 k\u0131r\u0131l\u0131r. K\u0131r\u0131lan ta\u015f par\u00e7alar\u0131 insan bedeninden d\u0131\u015far\u0131 atar. \u0130\u015flem, kullan\u0131lan ekipmana ve ta\u015f\u0131n boyutuna ba\u011fl\u0131d\u0131r. Bu i\u015flem yakla\u015f\u0131k otuz ila k\u0131rk be\u015f dakika s\u00fcrer. Tamamen ta\u015fs\u0131z olmas\u0131 i\u00e7in daha fazla seans gerekebilir. Bununla birlikte, \u00fc\u00e7 seanstan fazla uygulama yap\u0131lmas\u0131 kesinlikle tavsiye edilmez. \u0130\u015flem ayaktan yap\u0131labilir, bu nedenle daha sonra hastanede yat\u0131\u015f veya kalma gereklili\u011fi yoktur. Yeni teknoloji nedeniyle, \u00e7ocuk hastalar d\u0131\u015f\u0131nda herhangi bir anestezi uygulanmas\u0131 gerekmez. \u0130\u015flem yap\u0131lmadan \u00f6nce hastaya a\u011fr\u0131 kesici verilmesi daha sa\u011fl\u0131kl\u0131 olacakt\u0131r.<\/p>\n\n\n\n<div class=\"wp-block-buttons is-layout-flex wp-block-buttons-is-layout-flex\"><\/div>\n<\/div>\n<\/div>\n<\/div>\n\n\n\n<div class=\"wp-block-column is-vertically-aligned-center is-layout-flow wp-block-column-is-layout-flow\" style=\"flex-basis:50%\">\n<figure class=\"wp-block-image size-full is-style-rounded is-style-rounded--1\"><img loading=\"lazy\" decoding=\"async\" width=\"790\" height=\"526\" src=\"https:\/\/mehmetsalihboga.com\/wp-content\/uploads\/2025\/12\/1-ESWL-Vucut-Disi-Sok-Dalgalari-ile-Tas-Kirma-1.jpg\" alt=\"\" class=\"wp-image-310\" style=\"aspect-ratio:3\/4;object-fit:cover\" srcset=\"https:\/\/mehmetsalihboga.com\/wp-content\/uploads\/2025\/12\/1-ESWL-Vucut-Disi-Sok-Dalgalari-ile-Tas-Kirma-1.jpg 790w, https:\/\/mehmetsalihboga.com\/wp-content\/uploads\/2025\/12\/1-ESWL-Vucut-Disi-Sok-Dalgalari-ile-Tas-Kirma-1-300x200.jpg 300w, https:\/\/mehmetsalihboga.com\/wp-content\/uploads\/2025\/12\/1-ESWL-Vucut-Disi-Sok-Dalgalari-ile-Tas-Kirma-1-768x511.jpg 768w\" sizes=\"auto, (max-width: 790px) 100vw, 790px\" \/><\/figure>\n<\/div>\n<\/div>\n<\/div>\n\n\n\n<div class=\"wp-block-group alignfull has-base-2-background-color has-background has-global-padding is-layout-constrained wp-container-core-group-is-layout-669513ed wp-block-group-is-layout-constrained\" style=\"margin-top:0;margin-bottom:0;padding-top:var(--wp--preset--spacing--50);padding-right:var(--wp--preset--spacing--50);padding-bottom:var(--wp--preset--spacing--50);padding-left:var(--wp--preset--spacing--50)\">\n<div class=\"wp-block-group is-vertical is-content-justification-center is-layout-flex wp-container-core-group-is-layout-ce155fab wp-block-group-is-layout-flex\">\n<h2 class=\"wp-block-heading has-text-align-center has-xx-large-font-size\"><strong><strong><strong><strong>Kimlere ESWL i\u015flemi uygulanabilir?<\/strong><\/strong><\/strong><\/strong><\/h2>\n\n\n\n<p class=\"has-text-align-center\">Bu i\u015flemin ba\u015far\u0131l\u0131 olmas\u0131 i\u00e7in, ta\u015flar\u0131n say\u0131s\u0131, boyutu, yeri, sertli\u011fi ve b\u00f6bre\u011fin anatomik yap\u0131s\u0131 ve ta\u015f ile cilt aras\u0131 mesafesi gibi \u00e7e\u015fitli fakt\u00f6rlere ba\u011fl\u0131 olarak \u00e7o\u011funlukla 2 santimetreden k\u00fc\u00e7\u00fck ta\u015flar kullan\u0131lmal\u0131d\u0131r. Bu i\u015flem, \u00e7ocuk hastalar i\u00e7in g\u00fcvenlidir \u00e7\u00fcnk\u00fc ta\u015flar bu metotla daha kolay k\u0131r\u0131l\u0131r ve d\u00f6k\u00fcl\u00fcr. \u00c7ocuk hastalar i\u00e7in tek sorun, i\u015flemin anestezi ile yap\u0131lmas\u0131d\u0131r.<\/p>\n<\/div>\n\n\n\n<div style=\"height:100px\" aria-hidden=\"true\" class=\"wp-block-spacer\"><\/div>\n\n\n\n<div style=\"height:var(--wp--preset--spacing--30)\" aria-hidden=\"true\" class=\"wp-block-spacer\"><\/div>\n\n\n\n<div class=\"wp-block-group alignfull has-accent-5-background-color has-background has-global-padding is-layout-constrained wp-container-core-group-is-layout-d89aad35 wp-block-group-is-layout-constrained\" style=\"margin-top:0;margin-bottom:0;padding-top:var(--wp--preset--spacing--50);padding-right:var(--wp--preset--spacing--50);padding-bottom:var(--wp--preset--spacing--50);padding-left:var(--wp--preset--spacing--50)\">\n<div class=\"wp-block-columns alignwide is-layout-flex wp-container-core-columns-is-layout-1da03c2a wp-block-columns-is-layout-flex\">\n<div class=\"wp-block-column is-vertically-aligned-center is-layout-flow wp-block-column-is-layout-flow\" style=\"flex-basis:60%\">\n<figure class=\"wp-block-image aligncenter size-full is-resized is-style-rounded wp-duotone-duotone-1 is-style-rounded--2\"><img loading=\"lazy\" decoding=\"async\" width=\"320\" height=\"320\" src=\"https:\/\/mehmetsalihboga.com\/wp-content\/uploads\/2025\/12\/2-Kimlere-ESWL-islemi-uygulanmaz.jpg\" alt=\"\" class=\"wp-image-99\" style=\"aspect-ratio:1.3333333333333333;object-fit:cover;width:448px;height:auto\" srcset=\"https:\/\/mehmetsalihboga.com\/wp-content\/uploads\/2025\/12\/2-Kimlere-ESWL-islemi-uygulanmaz.jpg 320w, https:\/\/mehmetsalihboga.com\/wp-content\/uploads\/2025\/12\/2-Kimlere-ESWL-islemi-uygulanmaz-300x300.jpg 300w, https:\/\/mehmetsalihboga.com\/wp-content\/uploads\/2025\/12\/2-Kimlere-ESWL-islemi-uygulanmaz-150x150.jpg 150w\" sizes=\"auto, (max-width: 320px) 100vw, 320px\" \/><\/figure>\n<\/div>\n\n\n\n<div class=\"wp-block-column is-layout-flow wp-block-column-is-layout-flow\" style=\"flex-basis:40%\">\n<h2 class=\"wp-block-heading has-text-align-center\"><strong><strong><strong><strong><strong>Kimlere ESWL i\u015flemi uygulanmaz?<\/strong><\/strong><\/strong><\/strong><\/strong><\/h2>\n\n\n\n<p class=\"has-text-align-center\">Hem hamile hem de kan suland\u0131r\u0131c\u0131 ila\u00e7 kullanan veya aktif idrar yolu enfeksiyonlar\u0131 olan ki\u015filerde kullan\u0131lmamal\u0131d\u0131r. Bu i\u015flem, ana atardamarlar\u0131nda anevrizmalar olan ve \u00e7\u0131k\u0131m darl\u0131\u011f\u0131 olan hastalarda da tehlikeli ve zararl\u0131 olabilir.<\/p>\n\n\n\n<div class=\"wp-block-buttons is-layout-flex wp-block-buttons-is-layout-flex\"><\/div>\n<\/div>\n<\/div>\n<\/div>\n<\/div>\n\n\n\n<div style=\"height:100px\" aria-hidden=\"true\" class=\"wp-block-spacer\"><\/div>\n\n\n\n<div class=\"wp-block-columns alignwide are-vertically-aligned-center is-layout-flex wp-container-core-columns-is-layout-47c06fe3 wp-block-columns-is-layout-flex\">\n<div class=\"wp-block-column is-vertically-aligned-center is-layout-flow wp-block-column-is-layout-flow\" style=\"flex-basis:50%\">\n<h2 class=\"wp-block-heading has-text-align-center\"><strong><strong>Cerrahi y\u00f6ntemlere g\u00f6re avantaj ve dezavantajlar\u0131 nelerdir?<\/strong><\/strong><\/h2>\n\n\n\n<p class=\"has-text-align-center is-style-checkmark-list\">En b\u00fcy\u00fck avantaj\u0131, anestezi gerektirmemesidir. \u0130stenmeyen etki ve sonu\u00e7lar\u0131n (komplikasyon) daha az olmas\u0131d\u0131r. \u0130\u015flem ayaktan yap\u0131labilir ve hasta ayn\u0131 g\u00fcn eve g\u00f6nderilebilir. \u00d6zellikle sert ta\u015flarda ve b\u00f6bre\u011fin alt odac\u0131\u011f\u0131nda bulunan ta\u015flarda ba\u015far\u0131 y\u00fczdesi d\u00fc\u015f\u00fckt\u00fcr ve ta\u015f par\u00e7alar\u0131n\u0131n d\u00fc\u015ferken hastada a\u011fr\u0131 veya t\u0131kan\u0131kl\u0131k yapma olas\u0131l\u0131\u011f\u0131 y\u00fcksektir.<\/p>\n<\/div>\n<\/div>\n\n\n\n<div style=\"height:100px\" aria-hidden=\"true\" class=\"wp-block-spacer\"><\/div>\n\n\n\n<p><\/p>\n","protected":false},"excerpt":{"rendered":"<p>ESWL (V\u00fccut D\u0131\u015f\u0131 \u015eok Dalgalar\u0131 ile Ta\u015f K\u0131rma) Bu metod ses dalgalar\u0131n\u0131 ciltten b\u00f6brek ta\u015f\u0131na g\u00f6ndermekte olup, kuvvetli titre\u015fimlerle b\u00f6brek ta\u015f\u0131 k\u0131r\u0131l\u0131r. K\u0131r\u0131lan ta\u015f par\u00e7alar\u0131 insan bedeninden d\u0131\u015far\u0131 atar. \u0130\u015flem, kullan\u0131lan ekipmana ve ta\u015f\u0131n boyutuna ba\u011fl\u0131d\u0131r. Bu i\u015flem yakla\u015f\u0131k otuz ila k\u0131rk be\u015f dakika s\u00fcrer. Tamamen ta\u015fs\u0131z olmas\u0131 i\u00e7in daha fazla seans gerekebilir. Bununla birlikte, [&hellip;]<\/p>\n","protected":false},"author":1,"featured_media":0,"parent":0,"menu_order":0,"comment_status":"closed","ping_status":"closed","template":"","meta":{"footnotes":""},"class_list":["post-72","page","type-page","status-publish","hentry"],"_links":{"self":[{"href":"https:\/\/mehmetsalihboga.com\/index.php\/wp-json\/wp\/v2\/pages\/72","targetHints":{"allow":["GET"]}}],"collection":[{"href":"https:\/\/mehmetsalihboga.com\/index.php\/wp-json\/wp\/v2\/pages"}],"about":[{"href":"https:\/\/mehmetsalihboga.com\/index.php\/wp-json\/wp\/v2\/types\/page"}],"author":[{"embeddable":true,"href":"https:\/\/mehmetsalihboga.com\/index.php\/wp-json\/wp\/v2\/users\/1"}],"replies":[{"embeddable":true,"href":"https:\/\/mehmetsalihboga.com\/index.php\/wp-json\/wp\/v2\/comments?post=72"}],"version-history":[{"count":3,"href":"https:\/\/mehmetsalihboga.com\/index.php\/wp-json\/wp\/v2\/pages\/72\/revisions"}],"predecessor-version":[{"id":311,"href":"https:\/\/mehmetsalihboga.com\/index.php\/wp-json\/wp\/v2\/pages\/72\/revisions\/311"}],"wp:attachment":[{"href":"https:\/\/mehmetsalihboga.com\/index.php\/wp-json\/wp\/v2\/media?parent=72"}],"curies":[{"name":"wp","href":"https:\/\/api.w.org\/{rel}","templated":true}]}}