{"id":76,"date":"2025-12-21T23:16:43","date_gmt":"2025-12-21T23:16:43","guid":{"rendered":"https:\/\/mehmetsalihboga.com\/?page_id=76"},"modified":"2025-12-28T21:38:16","modified_gmt":"2025-12-28T21:38:16","slug":"retrograd-intrarenal-cerrahi-rirs","status":"publish","type":"page","link":"https:\/\/mehmetsalihboga.com\/index.php\/retrograd-intrarenal-cerrahi-rirs\/","title":{"rendered":"Retrograd Intrarenal Cerrahi (RIRS)"},"content":{"rendered":"\n<div class=\"wp-block-group alignfull has-accent-background-color has-background has-global-padding is-layout-constrained wp-container-core-group-is-layout-669513ed wp-block-group-is-layout-constrained\" style=\"margin-top:0;margin-bottom:0;padding-top:var(--wp--preset--spacing--50);padding-right:var(--wp--preset--spacing--50);padding-bottom:var(--wp--preset--spacing--50);padding-left:var(--wp--preset--spacing--50)\">\n<div class=\"wp-block-columns alignwide is-layout-flex wp-container-core-columns-is-layout-1da03c2a wp-block-columns-is-layout-flex\">\n<div class=\"wp-block-column is-vertically-aligned-stretch is-layout-flow wp-block-column-is-layout-flow\" style=\"flex-basis:50%\">\n<div class=\"wp-block-group is-vertical is-content-justification-stretch is-layout-flex wp-container-core-group-is-layout-444d5ee8 wp-block-group-is-layout-flex\" style=\"min-height:100%\">\n<p class=\"has-text-align-left has-heading-font-family has-x-large-font-size\" style=\"line-height:1.2\"><strong><strong>Retrograd Intrarenal Cerrahi (RIRS)<\/strong><\/strong><\/p>\n\n\n\n<div class=\"wp-block-group has-global-padding is-content-justification-left is-layout-constrained wp-container-core-group-is-layout-9fe8ed88 wp-block-group-is-layout-constrained\">\n<p class=\"has-text-align-center\">Retrograd \u0130ntrarenal Cerrahi (RIRS), idrar kanal\u0131 yoluyla b\u00f6bre\u011fe ula\u015f\u0131p buradaki ta\u015flar\u0131 lazer yolu yla k\u0131rmak veya almakt\u0131r. Bu i\u015flem, bedende herhangi bir kesi veya delik a\u00e7madan yap\u0131l\u0131r. Bu y\u00f6ntemde, \u00f6zel olarak tasarlanm\u0131\u015f bir endoskop olan fleksibil \u00fcreterorenoskop kullan\u0131r. Neredeyse 3 mm kal\u0131nl\u0131\u011f\u0131nda ve 60 ila 70 cm uzunlu\u011fundad\u0131r. Bu aletlerin ucu, cihaz\u0131n di\u011fer taraf\u0131nda cerrahi m\u00fcdahale yapmak i\u00e7in tasarlanm\u0131\u015ft\u0131r. Bu nedenle b\u00f6bre\u011fin her bir odac\u0131\u011f\u0131na rahat\u00e7a girilebilir ve ta\u015flara kolayca eri\u015filebilir. Bu nedenle, ta\u015flar lazerle kolayca k\u0131r\u0131labilir.<\/p>\n\n\n\n<div class=\"wp-block-buttons is-layout-flex wp-block-buttons-is-layout-flex\"><\/div>\n<\/div>\n<\/div>\n<\/div>\n\n\n\n<div class=\"wp-block-column is-vertically-aligned-center is-layout-flow wp-block-column-is-layout-flow\" style=\"flex-basis:50%\">\n<figure class=\"wp-block-image size-full is-style-rounded is-style-rounded--1\"><img loading=\"lazy\" decoding=\"async\" width=\"370\" height=\"554\" src=\"https:\/\/mehmetsalihboga.com\/wp-content\/uploads\/2025\/12\/1-Retrograd-Intrarenal-Cerrahi-RIRS-1.png\" alt=\"\" class=\"wp-image-306\" style=\"aspect-ratio:3\/4;object-fit:cover\" srcset=\"https:\/\/mehmetsalihboga.com\/wp-content\/uploads\/2025\/12\/1-Retrograd-Intrarenal-Cerrahi-RIRS-1.png 370w, https:\/\/mehmetsalihboga.com\/wp-content\/uploads\/2025\/12\/1-Retrograd-Intrarenal-Cerrahi-RIRS-1-200x300.png 200w\" sizes=\"auto, (max-width: 370px) 100vw, 370px\" \/><\/figure>\n<\/div>\n<\/div>\n<\/div>\n\n\n\n<div class=\"wp-block-group alignfull has-base-2-background-color has-background has-global-padding is-layout-constrained wp-container-core-group-is-layout-669513ed wp-block-group-is-layout-constrained\" style=\"margin-top:0;margin-bottom:0;padding-top:var(--wp--preset--spacing--50);padding-right:var(--wp--preset--spacing--50);padding-bottom:var(--wp--preset--spacing--50);padding-left:var(--wp--preset--spacing--50)\">\n<div class=\"wp-block-group is-vertical is-content-justification-center is-layout-flex wp-container-core-group-is-layout-ce155fab wp-block-group-is-layout-flex\">\n<h2 class=\"wp-block-heading has-text-align-center has-xx-large-font-size\"><strong><strong><strong><strong>\u00d6zellikleri Nelerdir?<\/strong><\/strong><\/strong><\/strong><\/h2>\n\n\n\n<p class=\"has-text-align-center\">Hasta, bir kesi veya delme olmad\u0131\u011f\u0131ndan ertesi g\u00fcn taburcu edilir. Bir g\u00fcn sonra, g\u00fcnl\u00fck rutinini s\u00fcrd\u00fcrebilir. Ameliyat ba\u015far\u0131s\u0131 olduk\u00e7a y\u00fcksek ve komplikasyon oran\u0131 olduk\u00e7a d\u00fc\u015f\u00fckt\u00fcr. Uygulama, aktif idrar yolu enfeksiyonu olan hastalar hari\u00e7 t\u00fcm hastalara g\u00fcvenle yap\u0131labilir.<\/p>\n<\/div>\n\n\n\n<div style=\"height:100px\" aria-hidden=\"true\" class=\"wp-block-spacer\"><\/div>\n\n\n\n<div style=\"height:var(--wp--preset--spacing--30)\" aria-hidden=\"true\" class=\"wp-block-spacer\"><\/div>\n\n\n\n<div class=\"wp-block-group alignfull has-accent-5-background-color has-background has-global-padding is-layout-constrained wp-container-core-group-is-layout-d89aad35 wp-block-group-is-layout-constrained\" style=\"margin-top:0;margin-bottom:0;padding-top:var(--wp--preset--spacing--50);padding-right:var(--wp--preset--spacing--50);padding-bottom:var(--wp--preset--spacing--50);padding-left:var(--wp--preset--spacing--50)\">\n<div class=\"wp-block-columns alignwide is-layout-flex wp-container-core-columns-is-layout-1da03c2a wp-block-columns-is-layout-flex\">\n<div class=\"wp-block-column is-vertically-aligned-center is-layout-flow wp-block-column-is-layout-flow\" style=\"flex-basis:60%\">\n<figure class=\"wp-block-image aligncenter size-full is-resized is-style-rounded wp-duotone-duotone-1 is-style-rounded--2\"><img loading=\"lazy\" decoding=\"async\" width=\"280\" height=\"420\" src=\"https:\/\/mehmetsalihboga.com\/wp-content\/uploads\/2025\/12\/2-RIRS-Islemi-Kimlere-Uygulanabilir-1.jpg\" alt=\"\" class=\"wp-image-308\" style=\"aspect-ratio:1.3333333333333333;object-fit:cover;width:564px;height:auto\" srcset=\"https:\/\/mehmetsalihboga.com\/wp-content\/uploads\/2025\/12\/2-RIRS-Islemi-Kimlere-Uygulanabilir-1.jpg 280w, https:\/\/mehmetsalihboga.com\/wp-content\/uploads\/2025\/12\/2-RIRS-Islemi-Kimlere-Uygulanabilir-1-200x300.jpg 200w\" sizes=\"auto, (max-width: 280px) 100vw, 280px\" \/><\/figure>\n<\/div>\n\n\n\n<div class=\"wp-block-column is-layout-flow wp-block-column-is-layout-flow\" style=\"flex-basis:40%\">\n<h2 class=\"wp-block-heading has-text-align-center\"><strong><strong><strong><strong><strong>RIRS \u0130\u015flemi Kimlere Uygulanabilir ?<\/strong><\/strong><\/strong><\/strong><\/strong><\/h2>\n\n\n\n<p class=\"has-text-align-center\">Ge\u00e7ti\u011fimiz birka\u00e7 y\u0131lda yap\u0131lan ara\u015ft\u0131rmalar, bu tekni\u011fin b\u00f6bre\u011fin alt odac\u0131\u011f\u0131 d\u0131\u015f\u0131nda yerle\u015fmi\u015f ta\u015flarda 3 cm&#8217;ye kadar sorunsuz bir \u015fekilde uygulanabilece\u011fini g\u00f6stermi\u015ftir. Bu, genellikle 2 cm&#8217;den k\u00fc\u00e7\u00fck ta\u015flarda kullan\u0131lan bir tekniktir.<\/p>\n\n\n\n<div class=\"wp-block-buttons is-layout-flex wp-block-buttons-is-layout-flex\"><\/div>\n<\/div>\n<\/div>\n<\/div>\n<\/div>\n\n\n\n<div style=\"height:100px\" aria-hidden=\"true\" class=\"wp-block-spacer\"><\/div>\n\n\n\n<div style=\"height:100px\" aria-hidden=\"true\" class=\"wp-block-spacer\"><\/div>\n\n\n\n<p><\/p>\n","protected":false},"excerpt":{"rendered":"<p>Retrograd Intrarenal Cerrahi (RIRS) Retrograd \u0130ntrarenal Cerrahi (RIRS), idrar kanal\u0131 yoluyla b\u00f6bre\u011fe ula\u015f\u0131p buradaki ta\u015flar\u0131 lazer yolu yla k\u0131rmak veya almakt\u0131r. Bu i\u015flem, bedende herhangi bir kesi veya delik a\u00e7madan yap\u0131l\u0131r. Bu y\u00f6ntemde, \u00f6zel olarak tasarlanm\u0131\u015f bir endoskop olan fleksibil \u00fcreterorenoskop kullan\u0131r. Neredeyse 3 mm kal\u0131nl\u0131\u011f\u0131nda ve 60 ila 70 cm uzunlu\u011fundad\u0131r. Bu aletlerin ucu, [&hellip;]<\/p>\n","protected":false},"author":1,"featured_media":0,"parent":0,"menu_order":0,"comment_status":"closed","ping_status":"closed","template":"","meta":{"footnotes":""},"class_list":["post-76","page","type-page","status-publish","hentry"],"_links":{"self":[{"href":"https:\/\/mehmetsalihboga.com\/index.php\/wp-json\/wp\/v2\/pages\/76","targetHints":{"allow":["GET"]}}],"collection":[{"href":"https:\/\/mehmetsalihboga.com\/index.php\/wp-json\/wp\/v2\/pages"}],"about":[{"href":"https:\/\/mehmetsalihboga.com\/index.php\/wp-json\/wp\/v2\/types\/page"}],"author":[{"embeddable":true,"href":"https:\/\/mehmetsalihboga.com\/index.php\/wp-json\/wp\/v2\/users\/1"}],"replies":[{"embeddable":true,"href":"https:\/\/mehmetsalihboga.com\/index.php\/wp-json\/wp\/v2\/comments?post=76"}],"version-history":[{"count":4,"href":"https:\/\/mehmetsalihboga.com\/index.php\/wp-json\/wp\/v2\/pages\/76\/revisions"}],"predecessor-version":[{"id":309,"href":"https:\/\/mehmetsalihboga.com\/index.php\/wp-json\/wp\/v2\/pages\/76\/revisions\/309"}],"wp:attachment":[{"href":"https:\/\/mehmetsalihboga.com\/index.php\/wp-json\/wp\/v2\/media?parent=76"}],"curies":[{"name":"wp","href":"https:\/\/api.w.org\/{rel}","templated":true}]}}